{"id":3540,"date":"2025-11-07T07:11:08","date_gmt":"2025-11-07T07:11:08","guid":{"rendered":"https:\/\/www.hiitiosemi.com\/?post_type=product&#038;p=3540"},"modified":"2025-11-10T09:43:48","modified_gmt":"2025-11-10T09:43:48","slug":"750v-770a-igbt-module-three-phase-rohs-compliant","status":"publish","type":"product","link":"https:\/\/www.hiitiosemi.com\/es\/product\/750v-770a-igbt-module-three-phase-rohs-compliant\/","title":{"rendered":"M\u00f3dulo IGBT de 750V 770A, trif\u00e1sico, compatible con RoHS"},"content":{"rendered":"<p dir=\"auto\">El HCG770FT075H5T7L, un m\u00f3dulo IGBT de vanguardia de 750V. Dise\u00f1ado para entornos exigentes, este m\u00f3dulo compatible con RoHS ofrece eficiencia, fiabilidad y rendimiento t\u00e9rmico excepcionales. Ideal para veh\u00edculos el\u00e9ctricos h\u00edbridos (HEV), accionamientos de motores y sistemas inversores, combina tecnolog\u00eda avanzada de IGBT de trinchera de parada de campo con diodos de rueda libre integrados y sensado de temperatura para un funcionamiento sin problemas hasta una temperatura de uni\u00f3n de 185\u00b0C.<\/p>\n<p dir=\"auto\">Inversor IGBT<br \/>\nCLASIFICACIONES M\u00c1XIMAS ABSOLUTAS (T,=25\u00b0C a menos que se indique lo contrario<\/p>\n<div style=\"width: 100%; min-width: 310px; overflow: auto;\">\n<table style=\"undefined;table-layout: fixed; width: 642px;\">\n<colgroup>\n<col style=\"width: 99px;\" \/>\n<col style=\"width: 243px;\" \/>\n<col style=\"width: 160px;\" \/>\n<col style=\"width: 79px;\" \/>\n<col style=\"width: 61px;\" \/><\/colgroup>\n<thead>\n<tr>\n<th>S\u00edmbolo<\/th>\n<th colspan=\"2\">Par\u00e1metro\/Condiciones de prueba<\/th>\n<th>Valores<\/th>\n<th>Unidad<\/th>\n<\/tr>\n<\/thead>\n<tbody>\n<tr>\n<td>VCE(S)<\/td>\n<td>Voltaje colector-emisor<\/td>\n<td>Tvj=25\u2103<\/td>\n<td>750<\/td>\n<td rowspan=\"2\">V<\/td>\n<\/tr>\n<tr>\n<td>VGES<\/td>\n<td>Voltaje puerta-emisor<\/td>\n<td><\/td>\n<td>\u00b120<\/td>\n<\/tr>\n<tr>\n<td>IC<\/td>\n<td>Corriente de colector en corriente continua<\/td>\n<td>TF=60\u2103, Tvjmax=185\u2103<\/td>\n<td>270<\/td>\n<td rowspan=\"2\">A<\/td>\n<\/tr>\n<tr>\n<td>ICM<\/td>\n<td>Corriente m\u00e1xima de pico repetitiva del colector<\/td>\n<td>tp=1ms<\/td>\n<td>900<\/td>\n<\/tr>\n<tr>\n<td>Tvjmax<\/td>\n<td>Temperatura m\u00e1xima de uni\u00f3n<\/td>\n<td><\/td>\n<td>185<\/td>\n<td>\u2103<\/td>\n<\/tr>\n<tr>\n<td>P tot<\/td>\n<td>Disipaci\u00f3n de potencia por IGBT<\/td>\n<td>TF=60\u2103, Tvjmax=185\u2103<\/td>\n<td>735<\/td>\n<td>W<\/td>\n<\/tr>\n<\/tbody>\n<\/table>\n<p>&nbsp;<\/p>\n<\/div>\n<p>Inversor de diodos<br \/>\nVALORES M\u00c1XIMOS ABSOLUTOS (T,=25\u00b0C a menos que se indique lo contrario)<\/p>\n<table style=\"undefined;table-layout: fixed; width: 621px;\">\n<colgroup>\n<col style=\"width: 86px;\" \/>\n<col style=\"width: 250px;\" \/>\n<col style=\"width: 164px;\" \/>\n<col style=\"width: 67px;\" \/>\n<col style=\"width: 54px;\" \/> <\/colgroup>\n<thead>\n<tr>\n<th>S\u00edmbolo<\/th>\n<th colspan=\"2\">Par\u00e1metro\/Condiciones de prueba<\/th>\n<th>Valores<\/th>\n<th>Unidad<\/th>\n<\/tr>\n<\/thead>\n<tbody>\n<tr>\n<td>VRRM<\/td>\n<td>Voltaje Repetitivo de Inversi\u00f3n<\/td>\n<td>Tvj=25\u2103<\/td>\n<td>750<\/td>\n<td>V<\/td>\n<\/tr>\n<tr>\n<td>IF(AV)<\/td>\n<td>Corriente Media de Conducci\u00f3n<\/td>\n<td>TF=60\u2103, Tvjmax=185\u2103<\/td>\n<td>160<\/td>\n<td rowspan=\"2\">A<\/td>\n<\/tr>\n<tr>\n<td>IFRM<\/td>\n<td>Corriente m\u00e1xima de avance repetitiva<\/td>\n<td>tp=1ms<\/td>\n<td>900<\/td>\n<\/tr>\n<tr>\n<td>Tvjmax<\/td>\n<td>Temperatura m\u00e1xima de uni\u00f3n<\/td>\n<td><\/td>\n<td>185<\/td>\n<td>\u2103<\/td>\n<\/tr>\n<\/tbody>\n<\/table>","protected":false},"excerpt":{"rendered":"<ul>\n<li>Trinchera de parada de campo de 750V IGBT<\/li>\n<li>VcE(sat) con coeficiente de temperatura positivo<\/li>\n<li>Conmutaci\u00f3n r\u00e1pida y corriente de cola corta<\/li>\n<li>Diodos de rueda libre con recuperaci\u00f3n inversa r\u00e1pida y suave<\/li>\n<li>Temperatura m\u00e1xima de uni\u00f3n 185\u00b0C<\/li>\n<li>Sensado de temperatura incluido<\/li>\n<\/ul>","protected":false},"featured_media":3574,"comment_status":"closed","ping_status":"closed","template":"","meta":{"_acf_changed":false},"product_brand":[],"product_cat":[25],"product_tag":[],"class_list":{"0":"post-3540","1":"product","2":"type-product","3":"status-publish","4":"has-post-thumbnail","6":"product_cat-igbt-module","8":"first","9":"instock","10":"shipping-taxable","11":"product-type-variable","12":"has-default-attributes"},"acf":[],"_links":{"self":[{"href":"https:\/\/www.hiitiosemi.com\/es\/wp-json\/wp\/v2\/product\/3540","targetHints":{"allow":["GET"]}}],"collection":[{"href":"https:\/\/www.hiitiosemi.com\/es\/wp-json\/wp\/v2\/product"}],"about":[{"href":"https:\/\/www.hiitiosemi.com\/es\/wp-json\/wp\/v2\/types\/product"}],"replies":[{"embeddable":true,"href":"https:\/\/www.hiitiosemi.com\/es\/wp-json\/wp\/v2\/comments?post=3540"}],"wp:featuredmedia":[{"embeddable":true,"href":"https:\/\/www.hiitiosemi.com\/es\/wp-json\/wp\/v2\/media\/3574"}],"wp:attachment":[{"href":"https:\/\/www.hiitiosemi.com\/es\/wp-json\/wp\/v2\/media?parent=3540"}],"wp:term":[{"taxonomy":"product_brand","embeddable":true,"href":"https:\/\/www.hiitiosemi.com\/es\/wp-json\/wp\/v2\/product_brand?post=3540"},{"taxonomy":"product_cat","embeddable":true,"href":"https:\/\/www.hiitiosemi.com\/es\/wp-json\/wp\/v2\/product_cat?post=3540"},{"taxonomy":"product_tag","embeddable":true,"href":"https:\/\/www.hiitiosemi.com\/es\/wp-json\/wp\/v2\/product_tag?post=3540"}],"curies":[{"name":"wp","href":"https:\/\/api.w.org\/{rel}","templated":true}]}}