{"id":3539,"date":"2025-11-07T07:11:08","date_gmt":"2025-11-07T07:11:08","guid":{"rendered":"https:\/\/www.hiitiosemi.com\/?post_type=product&#038;p=3539"},"modified":"2025-11-10T09:22:34","modified_gmt":"2025-11-10T09:22:34","slug":"power-stack","status":"publish","type":"product","link":"https:\/\/www.hiitiosemi.com\/es\/product\/power-stack\/","title":{"rendered":"Pila de Potencia"},"content":{"rendered":"<p data-start=\"167\" data-end=\"640\">Los m\u00f3dulos Power Stack de HIITIO integran dispositivos IGBT, drivers de puerta, disipadores de calor y barras colectoras en sistemas compactos y de alta eficiencia. Con potencias de hasta 1.7 MW y voltajes DC de hasta 1600 V, cuentan con protecci\u00f3n inteligente, control preciso y excelente gesti\u00f3n t\u00e9rmica. Ideales para sistemas de almacenamiento de energ\u00eda (ESS), convertidores fotovoltaicos y e\u00f3licos, cargadores de veh\u00edculos el\u00e9ctricos y equipos de calidad de energ\u00eda que requieren alta fiabilidad y rendimiento superior.<\/p>\n<p>&nbsp;<\/p>\n<div style=\"width: 100%; min-width: 310px; overflow: auto;\">\n<table style=\"undefined;table-layout: fixed; width: 850px;\">\n<colgroup>\n<col style=\"width: 150px;\" \/> <\/colgroup>\n<colgroup>\n<col style=\"width: 150px;\" \/><\/colgroup>\n<colgroup>\n<col style=\"width: 150px;\" \/>\n<col style=\"width: 130px;\" \/>\n<col style=\"width: 110px;\" \/>\n<col style=\"width: 110px;\" \/> <\/colgroup>\n<thead>\n<tr>\n<th colspan=\"2\">N\u00famero de pieza del producto<\/th>\n<th>Potencia nominal<\/th>\n<th>Voltaje\/corriente nominal<\/th>\n<th>Voltaje DC<\/th>\n<th>Frecuencia de conmutaci\u00f3n t\u00edpica<\/th>\n<\/tr>\n<\/thead>\n<tbody>\n<tr>\n<td><img decoding=\"async\" src=\"https:\/\/www.hiitio.com\/wp-content\/uploads\/2025\/10\/HPI-H2SC0210L-db-B3-380V-150A%E5%8D%95%E9%A1%B9%E6%A8%A1%E7%BB%84.webp\" alt=\"HPI-H2SC0210L-db-B3\" width=\"200\" height=\"200\" \/><\/td>\n<td>HPI-H2SC0210L-db-B3<\/td>\n<td>100kVA<\/td>\n<td>380V\/150A<\/td>\n<td>800V<\/td>\n<td>20kHz<\/td>\n<\/tr>\n<tr>\n<td><img decoding=\"async\" src=\"https:\/\/www.hiitio.com\/wp-content\/uploads\/2025\/10\/HPI-H2SC0210L-db-A5-690V-150A%E5%8D%95%E9%A1%B9%E6%A8%A1%E7%BB%84.webp\" alt=\"HPI-H2SC0210L-db-A5\" width=\"200\" height=\"200\" \/><\/td>\n<td>HPI-H2SC0210L-db-A5<\/td>\n<td>180kVA<\/td>\n<td>690V\/150A<\/td>\n<td>1500V<\/td>\n<td>20kHz<\/td>\n<\/tr>\n<tr>\n<td><img decoding=\"async\" src=\"https:\/\/www.hiitio.com\/wp-content\/uploads\/2025\/10\/HPS150HA124TA002-MW%E7%BA%A7%E5%82%A8%E8%83%BDPCS%E5%8A%9F%E7%8E%87%E6%A8%A1%E7%BB%84.webp\" alt=\"HPS150HA124TA002\" width=\"200\" height=\"200\" \/><\/td>\n<td>HPS150HA124TA002<\/td>\n<td>1.725MW<\/td>\n<td>690V\/1442A<\/td>\n<td>1500VDC<\/td>\n<td>3.5 kHz<\/td>\n<\/tr>\n<tr>\n<td><img loading=\"lazy\" decoding=\"async\" src=\"https:\/\/www.hiitio.com\/wp-content\/uploads\/2025\/10\/HPS036TA121XWP001-750V-350AThree-Phase-Power-Stack.webp\" alt=\"HPS036TA121XWP001\" width=\"200\" height=\"200\" \/><\/td>\n<td>HPS036TA121XWP001<\/td>\n<td>450kW<\/td>\n<td>750V\/350A<\/td>\n<td>1600VDC<\/td>\n<td>3.5 kHz<\/td>\n<\/tr>\n<\/tbody>\n<\/table>\n<\/div>","protected":false},"excerpt":{"rendered":"<ul>\n<li id=\"tw-target-text\" class=\"tw-data-text tw-text-large tw-ta\" dir=\"ltr\" tabindex=\"-1\" role=\"text\" data-placeholder=\"\u7ffb\u8bd1\" data-ved=\"2ahUKEwj_kuzmlbmQAxW_EEQIHUT6GH8Q3ewLegQIChAV\" aria-label=\"Traducci\u00f3n: 4W\/108A, alta corriente pico Adecuado para protecci\u00f3n contra cortocircuitos del m\u00f3dulo (apagado suave) hasta 1700V UVLO Soporte de muestreo de temperatura Gesti\u00f3n inteligente de fallos Desactivaci\u00f3n escalonada Gesti\u00f3n de secuencia de tres niveles\">Potencia nominal: 100kVA<\/li>\n<li class=\"tw-data-text tw-text-large tw-ta\" dir=\"ltr\" tabindex=\"-1\" role=\"text\" data-placeholder=\"\u7ffb\u8bd1\" data-ved=\"2ahUKEwj_kuzmlbmQAxW_EEQIHUT6GH8Q3ewLegQIChAV\" aria-label=\"Traducci\u00f3n: 4W\/108A, alta corriente pico Adecuado para protecci\u00f3n contra cortocircuitos del m\u00f3dulo (apagado suave) hasta 1700V UVLO Soporte de muestreo de temperatura Gesti\u00f3n inteligente de fallos Desactivaci\u00f3n escalonada Gesti\u00f3n de secuencia de tres niveles\">Voltaje\/corriente nominal: 380V\/150A<\/li>\n<li class=\"tw-data-text tw-text-large tw-ta\" dir=\"ltr\" tabindex=\"-1\" role=\"text\" data-placeholder=\"\u7ffb\u8bd1\" data-ved=\"2ahUKEwj_kuzmlbmQAxW_EEQIHUT6GH8Q3ewLegQIChAV\" aria-label=\"Traducci\u00f3n: 4W\/108A, alta corriente pico Adecuado para protecci\u00f3n contra cortocircuitos del m\u00f3dulo (apagado suave) hasta 1700V UVLO Soporte de muestreo de temperatura Gesti\u00f3n inteligente de fallos Desactivaci\u00f3n escalonada Gesti\u00f3n de secuencia de tres niveles\">Voltaje de corriente continua: 800V<\/li>\n<li class=\"tw-data-text tw-text-large tw-ta\" dir=\"ltr\" tabindex=\"-1\" role=\"text\" data-placeholder=\"\u7ffb\u8bd1\" data-ved=\"2ahUKEwj_kuzmlbmQAxW_EEQIHUT6GH8Q3ewLegQIChAV\" aria-label=\"Traducci\u00f3n: 4W\/108A, alta corriente pico Adecuado para protecci\u00f3n contra cortocircuitos del m\u00f3dulo (apagado suave) hasta 1700V UVLO Soporte de muestreo de temperatura Gesti\u00f3n inteligente de fallos Desactivaci\u00f3n escalonada Gesti\u00f3n de secuencia de tres niveles\">Frecuencia de conmutaci\u00f3n t\u00edpica: 20kHz<\/li>\n<li class=\"tw-data-text tw-text-large tw-ta\" dir=\"ltr\" tabindex=\"-1\" role=\"text\" data-placeholder=\"\u7ffb\u8bd1\" data-ved=\"2ahUKEwj_kuzmlbmQAxW_EEQIHUT6GH8Q3ewLegQIChAV\" aria-label=\"Traducci\u00f3n: 4W\/108A, alta corriente pico Adecuado para protecci\u00f3n contra cortocircuitos del m\u00f3dulo (apagado suave) hasta 1700V UVLO Soporte de muestreo de temperatura Gesti\u00f3n inteligente de fallos Desactivaci\u00f3n escalonada Gesti\u00f3n de secuencia de tres niveles\">Topolog\u00eda:\u00a0 Monof\u00e1sico\/NPC tipo I de 3 niveles<\/li>\n<li id=\"tw-target-text\" class=\"tw-data-text tw-text-large tw-ta\" dir=\"ltr\" tabindex=\"-1\" role=\"text\" data-placeholder=\"\u7ffb\u8bd1\" data-ved=\"2ahUKEwj_kuzmlbmQAxW_EEQIHUT6GH8Q3ewLegQIChAV\" aria-label=\"Traducci\u00f3n: 4W\/108A, alta corriente pico Adecuado para protecci\u00f3n contra cortocircuitos del m\u00f3dulo (apagado suave) hasta 1700V UVLO Soporte de muestreo de temperatura Gesti\u00f3n inteligente de fallos Desactivaci\u00f3n escalonada Gesti\u00f3n de secuencia de tres niveles\">Componente de pila de potencia: IGBT integrado, capacitor sunbber<\/li>\n<li class=\"tw-data-text tw-text-large tw-ta\" dir=\"ltr\" tabindex=\"-1\" role=\"text\" data-placeholder=\"\u7ffb\u8bd1\" data-ved=\"2ahUKEwj_kuzmlbmQAxW_EEQIHUT6GH8Q3ewLegQIChAV\" aria-label=\"Traducci\u00f3n: 4W\/108A, alta corriente pico Adecuado para protecci\u00f3n contra cortocircuitos del m\u00f3dulo (apagado suave) hasta 1700V UVLO Soporte de muestreo de temperatura Gesti\u00f3n inteligente de fallos Desactivaci\u00f3n escalonada Gesti\u00f3n de secuencia de tres niveles\">Funci\u00f3n de protecci\u00f3n del driver de puerta:\n<ul>\n<li class=\"tw-data-text tw-text-large tw-ta\" dir=\"ltr\" tabindex=\"-1\" role=\"text\" data-placeholder=\"\u7ffb\u8bd1\" data-ved=\"2ahUKEwj_kuzmlbmQAxW_EEQIHUT6GH8Q3ewLegQIChAV\" aria-label=\"Traducci\u00f3n: 4W\/108A, alta corriente pico Adecuado para protecci\u00f3n contra cortocircuitos del m\u00f3dulo (apagado suave) hasta 1700V UVLO Soporte de muestreo de temperatura Gesti\u00f3n inteligente de fallos Desactivaci\u00f3n escalonada Gesti\u00f3n de secuencia de tres niveles\">Apagado suave por cortocircuito\/<\/li>\n<li class=\"tw-data-text tw-text-large tw-ta\" dir=\"ltr\" tabindex=\"-1\" role=\"text\" data-placeholder=\"\u7ffb\u8bd1\" data-ved=\"2ahUKEwj_kuzmlbmQAxW_EEQIHUT6GH8Q3ewLegQIChAV\" aria-label=\"Traducci\u00f3n: 4W\/108A, alta corriente pico Adecuado para protecci\u00f3n contra cortocircuitos del m\u00f3dulo (apagado suave) hasta 1700V UVLO Soporte de muestreo de temperatura Gesti\u00f3n inteligente de fallos Desactivaci\u00f3n escalonada Gesti\u00f3n de secuencia de tres niveles\">Protecci\u00f3n contra sobretensi\u00f3n de la fuente de alimentaci\u00f3n\/<\/li>\n<li class=\"tw-data-text tw-text-large tw-ta\" dir=\"ltr\" tabindex=\"-1\" role=\"text\" data-placeholder=\"\u7ffb\u8bd1\" data-ved=\"2ahUKEwj_kuzmlbmQAxW_EEQIHUT6GH8Q3ewLegQIChAV\" aria-label=\"Traducci\u00f3n: 4W\/108A, alta corriente pico Adecuado para protecci\u00f3n contra cortocircuitos del m\u00f3dulo (apagado suave) hasta 1700V UVLO Soporte de muestreo de temperatura Gesti\u00f3n inteligente de fallos Desactivaci\u00f3n escalonada Gesti\u00f3n de secuencia de tres niveles\">Protecci\u00f3n contra fallos de temporizaci\u00f3n\/<\/li>\n<li class=\"tw-data-text tw-text-large tw-ta\" dir=\"ltr\" tabindex=\"-1\" role=\"text\" data-placeholder=\"\u7ffb\u8bd1\" data-ved=\"2ahUKEwj_kuzmlbmQAxW_EEQIHUT6GH8Q3ewLegQIChAV\" aria-label=\"Traducci\u00f3n: 4W\/108A, alta corriente pico Adecuado para protecci\u00f3n contra cortocircuitos del m\u00f3dulo (apagado suave) hasta 1700V UVLO Soporte de muestreo de temperatura Gesti\u00f3n inteligente de fallos Desactivaci\u00f3n escalonada Gesti\u00f3n de secuencia de tres niveles\">Protecci\u00f3n contra cortocircuito GE<\/li>\n<\/ul>\n<\/li>\n<li>Muestreo de corriente o NTC\n<ul>\n<li id=\"tw-target-text\" class=\"tw-data-text tw-text-large tw-ta\" dir=\"ltr\" tabindex=\"-1\" role=\"text\" data-placeholder=\"\u7ffb\u8bd1\" data-ved=\"2ahUKEwj_kuzmlbmQAxW_EEQIHUT6GH8Q3ewLegQIChAV\" aria-label=\"Traducci\u00f3n: 4W\/108A, alta corriente pico Adecuado para protecci\u00f3n contra cortocircuitos del m\u00f3dulo (apagado suave) hasta 1700V UVLO Soporte de muestreo de temperatura Gesti\u00f3n inteligente de fallos Desactivaci\u00f3n escalonada Gesti\u00f3n de secuencia de tres niveles\">\u00a0Muestreo NTC de doble canal,<\/li>\n<li class=\"tw-data-text tw-text-large tw-ta\" dir=\"ltr\" tabindex=\"-1\" role=\"text\" data-placeholder=\"\u7ffb\u8bd1\" data-ved=\"2ahUKEwj_kuzmlbmQAxW_EEQIHUT6GH8Q3ewLegQIChAV\" aria-label=\"Traducci\u00f3n: 4W\/108A, alta corriente pico Adecuado para protecci\u00f3n contra cortocircuitos del m\u00f3dulo (apagado suave) hasta 1700V UVLO Soporte de muestreo de temperatura Gesti\u00f3n inteligente de fallos Desactivaci\u00f3n escalonada Gesti\u00f3n de secuencia de tres niveles\">Salida de temperatura m\u00e1xima\/<\/li>\n<li class=\"tw-data-text tw-text-large tw-ta\" dir=\"ltr\" tabindex=\"-1\" role=\"text\" data-placeholder=\"\u7ffb\u8bd1\" data-ved=\"2ahUKEwj_kuzmlbmQAxW_EEQIHUT6GH8Q3ewLegQIChAV\" aria-label=\"Traducci\u00f3n: 4W\/108A, alta corriente pico Adecuado para protecci\u00f3n contra cortocircuitos del m\u00f3dulo (apagado suave) hasta 1700V UVLO Soporte de muestreo de temperatura Gesti\u00f3n inteligente de fallos Desactivaci\u00f3n escalonada Gesti\u00f3n de secuencia de tres niveles\">Protecci\u00f3n por diferencia de temperatura<\/li>\n<\/ul>\n<\/li>\n<li>Capacitancia de corriente continua*: Placa de capacitor de corriente continua externa<\/li>\n<\/ul>","protected":false},"featured_media":3570,"comment_status":"closed","ping_status":"closed","template":"","meta":{"_acf_changed":false},"product_brand":[],"product_cat":[31],"product_tag":[],"class_list":{"0":"post-3539","1":"product","2":"type-product","3":"status-publish","4":"has-post-thumbnail","6":"product_cat-igbt-sic-driver","8":"first","9":"instock","10":"shipping-taxable","11":"product-type-variable","12":"has-default-attributes"},"acf":[],"_links":{"self":[{"href":"https:\/\/www.hiitiosemi.com\/es\/wp-json\/wp\/v2\/product\/3539","targetHints":{"allow":["GET"]}}],"collection":[{"href":"https:\/\/www.hiitiosemi.com\/es\/wp-json\/wp\/v2\/product"}],"about":[{"href":"https:\/\/www.hiitiosemi.com\/es\/wp-json\/wp\/v2\/types\/product"}],"replies":[{"embeddable":true,"href":"https:\/\/www.hiitiosemi.com\/es\/wp-json\/wp\/v2\/comments?post=3539"}],"wp:featuredmedia":[{"embeddable":true,"href":"https:\/\/www.hiitiosemi.com\/es\/wp-json\/wp\/v2\/media\/3570"}],"wp:attachment":[{"href":"https:\/\/www.hiitiosemi.com\/es\/wp-json\/wp\/v2\/media?parent=3539"}],"wp:term":[{"taxonomy":"product_brand","embeddable":true,"href":"https:\/\/www.hiitiosemi.com\/es\/wp-json\/wp\/v2\/product_brand?post=3539"},{"taxonomy":"product_cat","embeddable":true,"href":"https:\/\/www.hiitiosemi.com\/es\/wp-json\/wp\/v2\/product_cat?post=3539"},{"taxonomy":"product_tag","embeddable":true,"href":"https:\/\/www.hiitiosemi.com\/es\/wp-json\/wp\/v2\/product_tag?post=3539"}],"curies":[{"name":"wp","href":"https:\/\/api.w.org\/{rel}","templated":true}]}}