{"id":3538,"date":"2025-11-07T07:11:08","date_gmt":"2025-11-07T07:11:08","guid":{"rendered":"https:\/\/www.hiitiosemi.com\/?post_type=product&#038;p=3538"},"modified":"2025-11-10T09:21:32","modified_gmt":"2025-11-10T09:21:32","slug":"dc-dc","status":"publish","type":"product","link":"https:\/\/www.hiitiosemi.com\/es\/product\/dc-dc\/","title":{"rendered":"DC-DC"},"content":{"rendered":"<p data-start=\"167\" data-end=\"640\">Las fuentes de alimentaci\u00f3n aisladas DC-DC de HIITIO proporcionan un alto voltaje de aislamiento de hasta 35 kVac y una potencia de salida de hasta 8 W, garantizando una transferencia de energ\u00eda confiable y aislamiento el\u00e9ctrico para sistemas de alto voltaje. Dise\u00f1adas para aplicaciones de 1200 V a 6500 V, ofrecen excelente estabilidad, dise\u00f1o compacto y protecci\u00f3n superior. Ideales para circuitos de control de IGBT y SiC en sistemas fotovoltaicos, e\u00f3licos, de tracci\u00f3n ferroviaria y de almacenamiento de energ\u00eda.<\/p>\n<p>&nbsp;<\/p>\n<div style=\"width: 100%; min-width: 310px; overflow: auto;\">\n<table style=\"undefined;table-layout: fixed; width: 1076px;\">\n<colgroup>\n<col style=\"width: 211px;\" \/>\n<col style=\"width: 151px;\" \/>\n<col style=\"width: 412px;\" \/>\n<col style=\"width: 136px;\" \/>\n<col style=\"width: 166px;\" \/> <\/colgroup>\n<thead>\n<tr>\n<th colspan=\"2\">N\u00famero de pieza del producto<\/th>\n<th>Potencia de salida por canal \/ Corriente pico de puerta<\/th>\n<th>Clase de voltaje<\/th>\n<th>Voltaje de aislamiento<\/th>\n<\/tr>\n<\/thead>\n<tbody>\n<tr>\n<td><img decoding=\"async\" src=\"https:\/\/www.hiitio.com\/wp-content\/uploads\/2025\/10\/HS02P.webp\" alt=\"HS02P\" width=\"200\" height=\"200\" \/><\/td>\n<td>HS02P<\/td>\n<td>2W<\/td>\n<td>1200V<\/td>\n<td>6500VDC<\/td>\n<\/tr>\n<tr>\n<td><img decoding=\"async\" src=\"https:\/\/www.hiitio.com\/wp-content\/uploads\/2025\/10\/HS06P18.webp\" alt=\"HS06P18\" width=\"200\" height=\"200\" \/><\/td>\n<td>HS06P18<\/td>\n<td>6W<\/td>\n<td>1200V<\/td>\n<td>10000VDC<\/td>\n<\/tr>\n<tr>\n<td><img decoding=\"async\" src=\"https:\/\/www.hiitio.com\/wp-content\/uploads\/2025\/10\/HPS08-15K.webp\" alt=\"HPS08-15K\" width=\"200\" height=\"200\" \/><\/td>\n<td>HPS08-15K<\/td>\n<td>8W<\/td>\n<td>4500V, 6500V<\/td>\n<td>Vac de 15k\/1min<\/td>\n<\/tr>\n<tr>\n<td><img loading=\"lazy\" decoding=\"async\" src=\"https:\/\/www.hiitio.com\/wp-content\/uploads\/2025\/10\/HPS08-35K.webp\" alt=\"HPS08-35K\" width=\"200\" height=\"200\" \/><\/td>\n<td>HPS08-35K<\/td>\n<td>8W<\/td>\n<td>4500V, 6500V<\/td>\n<td>Vac de 35k\/1min<\/td>\n<\/tr>\n<\/tbody>\n<\/table>\n<\/div>","protected":false},"excerpt":{"rendered":"<ul>\n<li id=\"tw-target-text\" class=\"tw-data-text tw-text-large tw-ta\" dir=\"ltr\" tabindex=\"-1\" role=\"text\" data-placeholder=\"\u7ffb\u8bd1\" data-ved=\"2ahUKEwj_kuzmlbmQAxW_EEQIHUT6GH8Q3ewLegQIChAV\" aria-label=\"Traducci\u00f3n: 4W\/108A, alta corriente pico Adecuado para protecci\u00f3n contra cortocircuitos del m\u00f3dulo (apagado suave) hasta 1700V UVLO Soporte de muestreo de temperatura Gesti\u00f3n inteligente de fallos Desactivaci\u00f3n escalonada Gesti\u00f3n de secuencia de tres niveles\">Voltaje de puerta bipolar de salida IGBT\/SiC&amp;MOSFET<\/li>\n<li class=\"tw-data-text tw-text-large tw-ta\" dir=\"ltr\" tabindex=\"-1\" role=\"text\" data-placeholder=\"\u7ffb\u8bd1\" data-ved=\"2ahUKEwj_kuzmlbmQAxW_EEQIHUT6GH8Q3ewLegQIChAV\" aria-label=\"Traducci\u00f3n: 4W\/108A, alta corriente pico Adecuado para protecci\u00f3n contra cortocircuitos del m\u00f3dulo (apagado suave) hasta 1700V UVLO Soporte de muestreo de temperatura Gesti\u00f3n inteligente de fallos Desactivaci\u00f3n escalonada Gesti\u00f3n de secuencia de tres niveles\">Voltaje de aislamiento de resistencia de 6500V DC<\/li>\n<li class=\"tw-data-text tw-text-large tw-ta\" dir=\"ltr\" tabindex=\"-1\" role=\"text\" data-placeholder=\"\u7ffb\u8bd1\" data-ved=\"2ahUKEwj_kuzmlbmQAxW_EEQIHUT6GH8Q3ewLegQIChAV\" aria-label=\"Traducci\u00f3n: 4W\/108A, alta corriente pico Adecuado para protecci\u00f3n contra cortocircuitos del m\u00f3dulo (apagado suave) hasta 1700V UVLO Soporte de muestreo de temperatura Gesti\u00f3n inteligente de fallos Desactivaci\u00f3n escalonada Gesti\u00f3n de secuencia de tres niveles\">Capacitancia de aislamiento ultrabaja<\/li>\n<li class=\"tw-data-text tw-text-large tw-ta\" dir=\"ltr\" tabindex=\"-1\" role=\"text\" data-placeholder=\"\u7ffb\u8bd1\" data-ved=\"2ahUKEwj_kuzmlbmQAxW_EEQIHUT6GH8Q3ewLegQIChAV\" aria-label=\"Traducci\u00f3n: 4W\/108A, alta corriente pico Adecuado para protecci\u00f3n contra cortocircuitos del m\u00f3dulo (apagado suave) hasta 1700V UVLO Soporte de muestreo de temperatura Gesti\u00f3n inteligente de fallos Desactivaci\u00f3n escalonada Gesti\u00f3n de secuencia de tres niveles\">Protecci\u00f3n contra cortocircuito de salida<\/li>\n<li class=\"tw-data-text tw-text-large tw-ta\" dir=\"ltr\" tabindex=\"-1\" role=\"text\" data-placeholder=\"\u7ffb\u8bd1\" data-ved=\"2ahUKEwj_kuzmlbmQAxW_EEQIHUT6GH8Q3ewLegQIChAV\" aria-label=\"Traducci\u00f3n: 4W\/108A, alta corriente pico Adecuado para protecci\u00f3n contra cortocircuitos del m\u00f3dulo (apagado suave) hasta 1700V UVLO Soporte de muestreo de temperatura Gesti\u00f3n inteligente de fallos Desactivaci\u00f3n escalonada Gesti\u00f3n de secuencia de tres niveles\">Paquete de montaje superficial<\/li>\n<li class=\"tw-data-text tw-text-large tw-ta\" dir=\"ltr\" tabindex=\"-1\" role=\"text\" data-placeholder=\"\u7ffb\u8bd1\" data-ved=\"2ahUKEwj_kuzmlbmQAxW_EEQIHUT6GH8Q3ewLegQIChAV\" aria-label=\"Traducci\u00f3n: 4W\/108A, alta corriente pico Adecuado para protecci\u00f3n contra cortocircuitos del m\u00f3dulo (apagado suave) hasta 1700V UVLO Soporte de muestreo de temperatura Gesti\u00f3n inteligente de fallos Desactivaci\u00f3n escalonada Gesti\u00f3n de secuencia de tres niveles\">Voltaje de entrada de 12V y 15V<\/li>\n<li class=\"tw-data-text tw-text-large tw-ta\" dir=\"ltr\" tabindex=\"-1\" role=\"text\" data-placeholder=\"\u7ffb\u8bd1\" data-ved=\"2ahUKEwj_kuzmlbmQAxW_EEQIHUT6GH8Q3ewLegQIChAV\" aria-label=\"Traducci\u00f3n: 4W\/108A, alta corriente pico Adecuado para protecci\u00f3n contra cortocircuitos del m\u00f3dulo (apagado suave) hasta 1700V UVLO Soporte de muestreo de temperatura Gesti\u00f3n inteligente de fallos Desactivaci\u00f3n escalonada Gesti\u00f3n de secuencia de tres niveles\">Voltaje de salida +15V\/-9V; +20V\/-5V; +15V\/-5V; +18V\/-4V<\/li>\n<li class=\"tw-data-text tw-text-large tw-ta\" dir=\"ltr\" tabindex=\"-1\" role=\"text\" data-placeholder=\"\u7ffb\u8bd1\" data-ved=\"2ahUKEwj_kuzmlbmQAxW_EEQIHUT6GH8Q3ewLegQIChAV\" aria-label=\"Traducci\u00f3n: 4W\/108A, alta corriente pico Adecuado para protecci\u00f3n contra cortocircuitos del m\u00f3dulo (apagado suave) hasta 1700V UVLO Soporte de muestreo de temperatura Gesti\u00f3n inteligente de fallos Desactivaci\u00f3n escalonada Gesti\u00f3n de secuencia de tres niveles\">Temperatura de funcionamiento 100\u00b0C<\/li>\n<\/ul>","protected":false},"featured_media":3566,"comment_status":"closed","ping_status":"closed","template":"","meta":{"_acf_changed":false},"product_brand":[],"product_cat":[31],"product_tag":[],"class_list":{"0":"post-3538","1":"product","2":"type-product","3":"status-publish","4":"has-post-thumbnail","6":"product_cat-igbt-sic-driver","8":"first","9":"instock","10":"shipping-taxable","11":"product-type-variable","12":"has-default-attributes"},"acf":[],"_links":{"self":[{"href":"https:\/\/www.hiitiosemi.com\/es\/wp-json\/wp\/v2\/product\/3538","targetHints":{"allow":["GET"]}}],"collection":[{"href":"https:\/\/www.hiitiosemi.com\/es\/wp-json\/wp\/v2\/product"}],"about":[{"href":"https:\/\/www.hiitiosemi.com\/es\/wp-json\/wp\/v2\/types\/product"}],"replies":[{"embeddable":true,"href":"https:\/\/www.hiitiosemi.com\/es\/wp-json\/wp\/v2\/comments?post=3538"}],"wp:featuredmedia":[{"embeddable":true,"href":"https:\/\/www.hiitiosemi.com\/es\/wp-json\/wp\/v2\/media\/3566"}],"wp:attachment":[{"href":"https:\/\/www.hiitiosemi.com\/es\/wp-json\/wp\/v2\/media?parent=3538"}],"wp:term":[{"taxonomy":"product_brand","embeddable":true,"href":"https:\/\/www.hiitiosemi.com\/es\/wp-json\/wp\/v2\/product_brand?post=3538"},{"taxonomy":"product_cat","embeddable":true,"href":"https:\/\/www.hiitiosemi.com\/es\/wp-json\/wp\/v2\/product_cat?post=3538"},{"taxonomy":"product_tag","embeddable":true,"href":"https:\/\/www.hiitiosemi.com\/es\/wp-json\/wp\/v2\/product_tag?post=3538"}],"curies":[{"name":"wp","href":"https:\/\/api.w.org\/{rel}","templated":true}]}}