{"id":3537,"date":"2025-11-07T07:11:07","date_gmt":"2025-11-07T07:11:07","guid":{"rendered":"https:\/\/www.hiitiosemi.com\/?post_type=product&#038;p=3537"},"modified":"2025-11-10T09:41:09","modified_gmt":"2025-11-10T09:41:09","slug":"application-specific-gate-driver-solutions","status":"publish","type":"product","link":"https:\/\/www.hiitiosemi.com\/es\/product\/application-specific-gate-driver-solutions\/","title":{"rendered":"Soluciones de Controlador de Puerta Espec\u00edficas para Aplicaciones"},"content":{"rendered":"<p data-start=\"167\" data-end=\"640\">Las soluciones espec\u00edficas de controlador de puerta de HIITIO est\u00e1n dise\u00f1adas para aplicaciones exigentes como PV, energ\u00eda e\u00f3lica, tracci\u00f3n ferroviaria, almacenamiento de energ\u00eda y accionamientos industriales. Con una potencia de salida de hasta 8 W y una corriente m\u00e1xima de puerta de hasta 110 A, estos controladores ofrecen un funcionamiento eficiente, estable y seguro en diversos paquetes de m\u00f3dulos. Su dise\u00f1o modular garantiza una f\u00e1cil integraci\u00f3n en sistemas y alta fiabilidad en entornos duros y de alta potencia.<\/p>\n<p>&nbsp;<\/p>\n<div style=\"width: 100%; min-width: 310px; overflow: auto;\">\n<table style=\"undefined;table-layout: fixed; width: 850px;\">\n<colgroup>\n<col style=\"width: 232px;\" \/>\n<col style=\"width: 123px;\" \/>\n<col style=\"width: 292px;\" \/>\n<col style=\"width: 93px;\" \/>\n<col style=\"width: 110px;\" \/> <\/colgroup>\n<thead>\n<tr>\n<th colspan=\"2\">N\u00famero de pieza del producto<\/th>\n<th>Potencia de salida por canal \/ Corriente pico de puerta<\/th>\n<th>Paquetes de m\u00f3dulos<\/th>\n<th>Aplicaciones<\/th>\n<\/tr>\n<\/thead>\n<tbody>\n<tr>\n<td><img decoding=\"async\" src=\"https:\/\/www.hiitio.com\/wp-content\/uploads\/2025\/10\/H2SS0338.webp\" alt=\"H2SS0338\" width=\"200\" height=\"200\" \/><\/td>\n<td>H2SS0338<\/td>\n<td>3W\/38A<\/td>\n<td>Depende de las placas esclavas<\/td>\n<td>Convertidor de carril<\/td>\n<\/tr>\n<tr>\n<td><img decoding=\"async\" src=\"https:\/\/www.hiitio.com\/wp-content\/uploads\/2025\/10\/H2HC06M33XX-scaled.webp\" alt=\"H2HC06M33XX\" width=\"200\" height=\"200\" \/><\/td>\n<td>H2HC06M33XX<\/td>\n<td>6W<\/td>\n<td>Depende de las placas esclavas<\/td>\n<td>PV E\u00f3lica Carril<\/td>\n<\/tr>\n<tr>\n<td><img decoding=\"async\" src=\"https:\/\/www.hiitio.com\/wp-content\/uploads\/2025\/10\/H6SC08110.webp\" alt=\"H6SC08110\" width=\"200\" height=\"200\" \/><\/td>\n<td>H6SC08110<\/td>\n<td>8W\/110A<\/td>\n<td>Depende de las placas esclavas<\/td>\n<td>Controlador industrial de PV e\u00f3lica<\/td>\n<\/tr>\n<tr>\n<td><img loading=\"lazy\" decoding=\"async\" src=\"https:\/\/www.hiitio.com\/wp-content\/uploads\/2025\/10\/HED-WP-CB1H15V-YA1A02.webp\" alt=\"HED-WP-CB\" width=\"200\" height=\"200\" \/><\/td>\n<td>Serie HED-WP-CB<\/td>\n<td>4W\/108A<\/td>\n<td>Depende de las placas esclavas<\/td>\n<td>PV Wind ESS<\/td>\n<\/tr>\n<\/tbody>\n<\/table>\n<\/div>\n<p>&nbsp;<\/p>\n<div style=\"width: 100%; min-width: 310px; overflow: auto;\">\n<table style=\"undefined;table-layout: fixed; width: 850px;\">\n<colgroup>\n<col style=\"width: 232px;\" \/>\n<col style=\"width: 123px;\" \/>\n<col style=\"width: 292px;\" \/>\n<col style=\"width: 93px;\" \/>\n<col style=\"width: 110px;\" \/> <\/colgroup>\n<thead>\n<tr>\n<th colspan=\"2\">N\u00famero de pieza del producto<\/th>\n<th>Potencia de salida por canal \/ Corriente pico de puerta<\/th>\n<th>Paquetes de m\u00f3dulos<\/th>\n<th>Referencia cruzada<\/th>\n<\/tr>\n<\/thead>\n<tbody>\n<tr>\n<td><img loading=\"lazy\" decoding=\"async\" src=\"https:\/\/www.hiitio.com\/wp-content\/uploads\/2025\/10\/H1SS0560-scaled.webp\" alt=\"H1SS0560\" width=\"200\" height=\"200\" \/><\/td>\n<td>H1SS0560<\/td>\n<td>5W\/60A<\/td>\n<td>Depende de las placas esclavas<\/td>\n<td>1IPSE1A33-60C<\/td>\n<\/tr>\n<tr>\n<td><img loading=\"lazy\" decoding=\"async\" src=\"https:\/\/www.hiitio.com\/wp-content\/uploads\/2025\/10\/HSK08110-scaled.webp\" alt=\"HSK08110\" width=\"200\" height=\"200\" \/><\/td>\n<td>HSK08110<\/td>\n<td>8W\/110A<\/td>\n<td>Depende de las placas esclavas<\/td>\n<td>1SP0351<\/td>\n<\/tr>\n<\/tbody>\n<\/table>\n<\/div>","protected":false},"excerpt":{"rendered":"<ul>\n<li id=\"tw-target-text\" class=\"tw-data-text tw-text-large tw-ta\" dir=\"ltr\" tabindex=\"-1\" role=\"text\" data-placeholder=\"\u7ffb\u8bd1\" data-ved=\"2ahUKEwj_kuzmlbmQAxW_EEQIHUT6GH8Q3ewLegQIChAV\" aria-label=\"Traducci\u00f3n: 4W\/108A, alta corriente pico Adecuado para protecci\u00f3n contra cortocircuitos del m\u00f3dulo (apagado suave) hasta 1700V UVLO Soporte de muestreo de temperatura Gesti\u00f3n inteligente de fallos Desactivaci\u00f3n escalonada Gesti\u00f3n de secuencia de tres niveles\"><span class=\"Y2IQFc\" lang=\"en\">4W\/108A, corriente m\u00e1xima de pico <\/span><\/li>\n<li class=\"tw-data-text tw-text-large tw-ta\" dir=\"ltr\" tabindex=\"-1\" role=\"text\" data-placeholder=\"\u7ffb\u8bd1\" data-ved=\"2ahUKEwj_kuzmlbmQAxW_EEQIHUT6GH8Q3ewLegQIChAV\" aria-label=\"Traducci\u00f3n: 4W\/108A, alta corriente pico Adecuado para protecci\u00f3n contra cortocircuitos del m\u00f3dulo (apagado suave) hasta 1700V UVLO Soporte de muestreo de temperatura Gesti\u00f3n inteligente de fallos Desactivaci\u00f3n escalonada Gesti\u00f3n de secuencia de tres niveles\"><span class=\"Y2IQFc\" lang=\"en\">Apto para protecci\u00f3n contra cortocircuito del m\u00f3dulo (apagado suave) <\/span><\/li>\n<li class=\"tw-data-text tw-text-large tw-ta\" dir=\"ltr\" tabindex=\"-1\" role=\"text\" data-placeholder=\"\u7ffb\u8bd1\" data-ved=\"2ahUKEwj_kuzmlbmQAxW_EEQIHUT6GH8Q3ewLegQIChAV\" aria-label=\"Traducci\u00f3n: 4W\/108A, alta corriente pico Adecuado para protecci\u00f3n contra cortocircuitos del m\u00f3dulo (apagado suave) hasta 1700V UVLO Soporte de muestreo de temperatura Gesti\u00f3n inteligente de fallos Desactivaci\u00f3n escalonada Gesti\u00f3n de secuencia de tres niveles\"><span class=\"Y2IQFc\" lang=\"en\">Hasta 1700V <\/span><\/li>\n<li class=\"tw-data-text tw-text-large tw-ta\" dir=\"ltr\" tabindex=\"-1\" role=\"text\" data-placeholder=\"\u7ffb\u8bd1\" data-ved=\"2ahUKEwj_kuzmlbmQAxW_EEQIHUT6GH8Q3ewLegQIChAV\" aria-label=\"Traducci\u00f3n: 4W\/108A, alta corriente pico Adecuado para protecci\u00f3n contra cortocircuitos del m\u00f3dulo (apagado suave) hasta 1700V UVLO Soporte de muestreo de temperatura Gesti\u00f3n inteligente de fallos Desactivaci\u00f3n escalonada Gesti\u00f3n de secuencia de tres niveles\"><span class=\"Y2IQFc\" lang=\"en\">UVLO <\/span><\/li>\n<li class=\"tw-data-text tw-text-large tw-ta\" dir=\"ltr\" tabindex=\"-1\" role=\"text\" data-placeholder=\"\u7ffb\u8bd1\" data-ved=\"2ahUKEwj_kuzmlbmQAxW_EEQIHUT6GH8Q3ewLegQIChAV\" aria-label=\"Traducci\u00f3n: 4W\/108A, alta corriente pico Adecuado para protecci\u00f3n contra cortocircuitos del m\u00f3dulo (apagado suave) hasta 1700V UVLO Soporte de muestreo de temperatura Gesti\u00f3n inteligente de fallos Desactivaci\u00f3n escalonada Gesti\u00f3n de secuencia de tres niveles\"><span class=\"Y2IQFc\" lang=\"en\">Soporte de muestreo de temperatura<\/span><\/li>\n<li class=\"tw-data-text tw-text-large tw-ta\" dir=\"ltr\" tabindex=\"-1\" role=\"text\" data-placeholder=\"\u7ffb\u8bd1\" data-ved=\"2ahUKEwj_kuzmlbmQAxW_EEQIHUT6GH8Q3ewLegQIChAV\" aria-label=\"Traducci\u00f3n: 4W\/108A, alta corriente pico Adecuado para protecci\u00f3n contra cortocircuitos del m\u00f3dulo (apagado suave) hasta 1700V UVLO Soporte de muestreo de temperatura Gesti\u00f3n inteligente de fallos Desactivaci\u00f3n escalonada Gesti\u00f3n de secuencia de tres niveles\"><span class=\"Y2IQFc\" lang=\"en\">Gesti\u00f3n inteligente de fallos <\/span><\/li>\n<li class=\"tw-data-text tw-text-large tw-ta\" dir=\"ltr\" tabindex=\"-1\" role=\"text\" data-placeholder=\"\u7ffb\u8bd1\" data-ved=\"2ahUKEwj_kuzmlbmQAxW_EEQIHUT6GH8Q3ewLegQIChAV\" aria-label=\"Traducci\u00f3n: 4W\/108A, alta corriente pico Adecuado para protecci\u00f3n contra cortocircuitos del m\u00f3dulo (apagado suave) hasta 1700V UVLO Soporte de muestreo de temperatura Gesti\u00f3n inteligente de fallos Desactivaci\u00f3n escalonada Gesti\u00f3n de secuencia de tres niveles\"><span class=\"Y2IQFc\" lang=\"en\">Apagado escalonado <\/span><\/li>\n<li class=\"tw-data-text tw-text-large tw-ta\" dir=\"ltr\" tabindex=\"-1\" role=\"text\" data-placeholder=\"\u7ffb\u8bd1\" data-ved=\"2ahUKEwj_kuzmlbmQAxW_EEQIHUT6GH8Q3ewLegQIChAV\" aria-label=\"Traducci\u00f3n: 4W\/108A, alta corriente pico Adecuado para protecci\u00f3n contra cortocircuitos del m\u00f3dulo (apagado suave) hasta 1700V UVLO Soporte de muestreo de temperatura Gesti\u00f3n inteligente de fallos Desactivaci\u00f3n escalonada Gesti\u00f3n de secuencia de tres niveles\"><span class=\"Y2IQFc\" lang=\"en\">Gesti\u00f3n de secuencia de tres niveles<\/span><\/li>\n<\/ul>","protected":false},"featured_media":3554,"comment_status":"closed","ping_status":"closed","template":"","meta":{"_acf_changed":false},"product_brand":[],"product_cat":[31],"product_tag":[],"class_list":{"0":"post-3537","1":"product","2":"type-product","3":"status-publish","4":"has-post-thumbnail","6":"product_cat-igbt-sic-driver","8":"first","9":"instock","10":"shipping-taxable","11":"product-type-variable","12":"has-default-attributes"},"acf":[],"_links":{"self":[{"href":"https:\/\/www.hiitiosemi.com\/es\/wp-json\/wp\/v2\/product\/3537","targetHints":{"allow":["GET"]}}],"collection":[{"href":"https:\/\/www.hiitiosemi.com\/es\/wp-json\/wp\/v2\/product"}],"about":[{"href":"https:\/\/www.hiitiosemi.com\/es\/wp-json\/wp\/v2\/types\/product"}],"replies":[{"embeddable":true,"href":"https:\/\/www.hiitiosemi.com\/es\/wp-json\/wp\/v2\/comments?post=3537"}],"wp:featuredmedia":[{"embeddable":true,"href":"https:\/\/www.hiitiosemi.com\/es\/wp-json\/wp\/v2\/media\/3554"}],"wp:attachment":[{"href":"https:\/\/www.hiitiosemi.com\/es\/wp-json\/wp\/v2\/media?parent=3537"}],"wp:term":[{"taxonomy":"product_brand","embeddable":true,"href":"https:\/\/www.hiitiosemi.com\/es\/wp-json\/wp\/v2\/product_brand?post=3537"},{"taxonomy":"product_cat","embeddable":true,"href":"https:\/\/www.hiitiosemi.com\/es\/wp-json\/wp\/v2\/product_cat?post=3537"},{"taxonomy":"product_tag","embeddable":true,"href":"https:\/\/www.hiitiosemi.com\/es\/wp-json\/wp\/v2\/product_tag?post=3537"}],"curies":[{"name":"wp","href":"https:\/\/api.w.org\/{rel}","templated":true}]}}