{"id":3534,"date":"2025-11-07T07:11:07","date_gmt":"2025-11-07T07:11:07","guid":{"rendered":"https:\/\/www.hiitiosemi.com\/?post_type=product&#038;p=3534"},"modified":"2025-11-11T06:39:04","modified_gmt":"2025-11-11T06:39:04","slug":"4500v-3000a-igbt-module-press-pack-package-with-fwd","status":"publish","type":"product","link":"https:\/\/www.hiitiosemi.com\/es\/product\/4500v-3000a-igbt-module-press-pack-package-with-fwd\/","title":{"rendered":"M\u00f3dulo IGBT de paquete de prensa con paquete de empaquetado con FWD de 4500V 3000A"},"content":{"rendered":"<p>El HCG3000S450S1K1 representa la c\u00faspide de la tecnolog\u00eda IGBT, ofreciendo la clasificaci\u00f3n de corriente m\u00e1s alta en nuestra familia de 4500V. Este m\u00f3dulo de paquete de prensa est\u00e1 dise\u00f1ado para las aplicaciones de alta potencia m\u00e1s exigentes en energ\u00edas renovables y sistemas de transmisi\u00f3n de energ\u00eda.<\/p>\n<h3>Valores M\u00e1ximos Nominales<\/h3>\n<div class=\"tg-wrap\">\n<table>\n<thead>\n<tr>\n<th>Par\u00e1metro<\/th>\n<th>S\u00edmbolo<\/th>\n<th>Condiciones<\/th>\n<th>Valor<\/th>\n<th>Unidad<\/th>\n<\/tr>\n<\/thead>\n<tbody>\n<tr>\n<td>Voltaje colector-emisor<\/td>\n<td>VCE(S)<\/td>\n<td>VGE=0V, Tvj=25\u2103<\/td>\n<td>4500<\/td>\n<td>V<\/td>\n<\/tr>\n<tr>\n<td>Corriente de colector en corriente continua<\/td>\n<td>lc<\/td>\n<td>Tc=100\u2103, Tvj=150\u2103<\/td>\n<td>3000<\/td>\n<td>A<\/td>\n<\/tr>\n<tr>\n<td>Corriente de colector m\u00e1xima<\/td>\n<td>CM<\/td>\n<td>tp=1ms<\/td>\n<td>6000<\/td>\n<td>A<\/td>\n<\/tr>\n<tr>\n<td>Voltaje puerta-emisor<\/td>\n<td>VGES<\/td>\n<td><\/td>\n<td>\u00b120<\/td>\n<td>V<\/td>\n<\/tr>\n<tr>\n<td>Disipaci\u00f3n total de potencia<\/td>\n<td>Ptot<\/td>\n<td>Tc=25\u2103, Tvj=150\u2103<\/td>\n<td>31200<\/td>\n<td>W<\/td>\n<\/tr>\n<tr>\n<td>Corriente Directa Continua<\/td>\n<td>IF<\/td>\n<td><\/td>\n<td>3000<\/td>\n<td>A<\/td>\n<\/tr>\n<tr>\n<td>Corriente Directa Pico<\/td>\n<td>IFRM<\/td>\n<td>tp=1ms<\/td>\n<td>6000<\/td>\n<td>A<\/td>\n<\/tr>\n<tr>\n<td>Corriente de Picos<\/td>\n<td>IFSM<\/td>\n<td>VR=0V, Tvj=125\u2103,<\/p>\n<p>tp=10ms, onda sinusoidal semicircular<\/td>\n<td>21000<\/td>\n<td>A<\/td>\n<\/tr>\n<tr>\n<td>SOA de cortocircuito del IGBT<\/td>\n<td>tpsc<\/td>\n<td>Vcc=3400V, VCEM CHIP\u22644500V<br \/>\nVGE\u226415V, Tvj\u2264125\u2103<\/td>\n<td>10<\/td>\n<td>\u03bcs<\/td>\n<\/tr>\n<tr>\n<td>Temperatura m\u00e1xima de uni\u00f3n<\/td>\n<td>Tvj(m\u00e1x)<\/td>\n<td><\/td>\n<td>125<\/td>\n<td>\u2103<\/td>\n<\/tr>\n<tr>\n<td>Temperatura de funcionamiento de la uni\u00f3n<\/td>\n<td>Tv(op)<\/td>\n<td><\/td>\n<td>-40~125<\/td>\n<td>\u2103<\/td>\n<\/tr>\n<tr>\n<td>Temperatura de la carcasa<\/td>\n<td>Tc<\/td>\n<td><\/td>\n<td>-40~125<\/td>\n<td>\u2103<\/td>\n<\/tr>\n<tr>\n<td>Temperatura de almacenamiento<\/td>\n<td>Tstg<\/td>\n<td><\/td>\n<td>-40~70<\/td>\n<td>\u2103<\/td>\n<\/tr>\n<tr>\n<td>Fuerza de montaje<\/td>\n<td>FM<\/td>\n<td><\/td>\n<td>80-100<\/td>\n<td>kN<\/td>\n<\/tr>\n<\/tbody>\n<\/table>\n<\/div>","protected":false},"excerpt":{"rendered":"<ul>\n<li class=\"whitespace-normal break-words\"><strong>Clasificaci\u00f3n m\u00e1xima de corriente<\/strong>: Corriente continua de 3000A para manejo de potencia m\u00e1xima<\/li>\n<li class=\"whitespace-normal break-words\"><strong>Ultra alta tensi\u00f3n<\/strong>: Capacidad de voltaje colector-emisor de 4500V<\/li>\n<li class=\"whitespace-normal break-words\"><strong>Dise\u00f1o avanzado de paquete de prensa<\/strong>: Rendimiento t\u00e9rmico y mec\u00e1nico optimizado<\/li>\n<li class=\"whitespace-normal break-words\"><strong>Rendimiento superior de conmutaci\u00f3n<\/strong>: P\u00e9rdidas de conmutaci\u00f3n bajas con diodo de recuperaci\u00f3n r\u00e1pida<\/li>\n<li class=\"whitespace-normal break-words\"><strong>Alta Robustez<\/strong>: Capacidad excepcional de cortocircuito (10\u03bcs)<\/li>\n<li class=\"whitespace-normal break-words\"><strong>Coeficiente de temperatura positivo<\/strong>: Excelente para operaci\u00f3n en paralelo<\/li>\n<\/ul>","protected":false},"featured_media":3542,"comment_status":"closed","ping_status":"closed","template":"","meta":{"_acf_changed":false},"product_brand":[],"product_cat":[30],"product_tag":[],"class_list":{"0":"post-3534","1":"product","2":"type-product","3":"status-publish","4":"has-post-thumbnail","6":"product_cat-press-pack-igbt","8":"first","9":"instock","10":"shipping-taxable","11":"product-type-variable","12":"has-default-attributes"},"acf":[],"_links":{"self":[{"href":"https:\/\/www.hiitiosemi.com\/es\/wp-json\/wp\/v2\/product\/3534","targetHints":{"allow":["GET"]}}],"collection":[{"href":"https:\/\/www.hiitiosemi.com\/es\/wp-json\/wp\/v2\/product"}],"about":[{"href":"https:\/\/www.hiitiosemi.com\/es\/wp-json\/wp\/v2\/types\/product"}],"replies":[{"embeddable":true,"href":"https:\/\/www.hiitiosemi.com\/es\/wp-json\/wp\/v2\/comments?post=3534"}],"wp:featuredmedia":[{"embeddable":true,"href":"https:\/\/www.hiitiosemi.com\/es\/wp-json\/wp\/v2\/media\/3542"}],"wp:attachment":[{"href":"https:\/\/www.hiitiosemi.com\/es\/wp-json\/wp\/v2\/media?parent=3534"}],"wp:term":[{"taxonomy":"product_brand","embeddable":true,"href":"https:\/\/www.hiitiosemi.com\/es\/wp-json\/wp\/v2\/product_brand?post=3534"},{"taxonomy":"product_cat","embeddable":true,"href":"https:\/\/www.hiitiosemi.com\/es\/wp-json\/wp\/v2\/product_cat?post=3534"},{"taxonomy":"product_tag","embeddable":true,"href":"https:\/\/www.hiitiosemi.com\/es\/wp-json\/wp\/v2\/product_tag?post=3534"}],"curies":[{"name":"wp","href":"https:\/\/api.w.org\/{rel}","templated":true}]}}