{"id":3464,"date":"2025-11-07T07:10:29","date_gmt":"2025-11-07T07:10:29","guid":{"rendered":"https:\/\/www.hiitiosemi.com\/?post_type=product&#038;p=3464"},"modified":"2025-11-11T08:13:43","modified_gmt":"2025-11-11T08:13:43","slug":"3300v-1500a-lgbt-module-h-package-with-fwd","status":"publish","type":"product","link":"https:\/\/www.hiitiosemi.com\/es\/product\/3300v-1500a-lgbt-module-h-package-with-fwd\/","title":{"rendered":"M\u00f3dulo IGBT de alta tensi\u00f3n 3300V 1500A con paquete H y FWD"},"content":{"rendered":"<p>El HCG1500S330H2K1 representa la pr\u00f3xima generaci\u00f3n de tecnolog\u00eda de semiconductores de potencia, ofreciendo un rendimiento superior en un paquete H compacto. Este m\u00f3dulo est\u00e1 dise\u00f1ado para las aplicaciones de conversi\u00f3n de potencia m\u00e1s exigentes.<\/p>\n<h3>Valores M\u00e1ximos Nominales<\/h3>\n<div class=\"tg-wrap\">\n<table>\n<thead>\n<tr>\n<th>Par\u00e1metro<\/th>\n<th>S\u00edmbolo<\/th>\n<th>Condiciones<\/th>\n<th>Valor<\/th>\n<th>Unidad<\/th>\n<\/tr>\n<\/thead>\n<tbody>\n<tr>\n<td>Voltaje colector-emisor<\/td>\n<td>VCE(S)<\/td>\n<td>VGE=0V, Tvj=25\u2103<\/td>\n<td>3300<\/td>\n<td>V<\/td>\n<\/tr>\n<tr>\n<td>Corriente de colector en corriente continua<\/td>\n<td>lc<\/td>\n<td>Tc=100\u2103, Tvj=150\u2103<\/td>\n<td>1500<\/td>\n<td>A<\/td>\n<\/tr>\n<tr>\n<td>Corriente de colector m\u00e1xima<\/td>\n<td>CM<\/td>\n<td>tp=1ms<\/td>\n<td>3000<\/td>\n<td>A<\/td>\n<\/tr>\n<tr>\n<td>Voltaje puerta-emisor<\/td>\n<td>VGES<\/td>\n<td><\/td>\n<td>\u00b120<\/td>\n<td>V<\/td>\n<\/tr>\n<tr>\n<td>Disipaci\u00f3n total de potencia<\/td>\n<td>Ptot<\/td>\n<td>Tc=25\u2103, Tvj=150\u2103<\/td>\n<td>16<\/td>\n<td>kW<\/td>\n<\/tr>\n<tr>\n<td>Corriente Directa Continua<\/td>\n<td>IF<\/td>\n<td><\/td>\n<td>1500<\/td>\n<td>A<\/td>\n<\/tr>\n<tr>\n<td>Corriente Directa Pico<\/td>\n<td>IFRM<\/td>\n<td>tp=1ms<\/td>\n<td>3000<\/td>\n<td>A<\/td>\n<\/tr>\n<tr>\n<td>Corriente de Picos<\/td>\n<td>IFSM<\/td>\n<td>VR=0V, Tvj=150\u2103,<\/p>\n<p>tp=10ms, onda sinusoidal semicircular<\/td>\n<td>13500<\/td>\n<td>A<\/td>\n<\/tr>\n<tr>\n<td>SOA de cortocircuito del IGBT<\/td>\n<td>tpsc<\/td>\n<td>Vcc=2500V, VCEM CHIP\u22643300V<br \/>\nVGE\u226415V, Tvj\u2264150\u2103<\/td>\n<td>10<\/td>\n<td>\u03bcs<\/td>\n<\/tr>\n<tr>\n<td>Temperatura m\u00e1xima de uni\u00f3n<\/td>\n<td>Tvj(m\u00e1x)<\/td>\n<td><\/td>\n<td>150<\/td>\n<td>\u2103<\/td>\n<\/tr>\n<tr>\n<td>Temperatura de funcionamiento de la uni\u00f3n<\/td>\n<td>Tv(op)<\/td>\n<td><\/td>\n<td>-40~150<\/td>\n<td>\u2103<\/td>\n<\/tr>\n<tr>\n<td>Temperatura de la carcasa<\/td>\n<td>Tc<\/td>\n<td><\/td>\n<td>-40~150<\/td>\n<td>\u2103<\/td>\n<\/tr>\n<tr>\n<td>Temperatura de almacenamiento<\/td>\n<td>Tstg<\/td>\n<td><\/td>\n<td>-40~125<\/td>\n<td>\u2103<\/td>\n<\/tr>\n<\/tbody>\n<\/table>\n<\/div>","protected":false},"excerpt":{"rendered":"<ul>\n<li class=\"whitespace-normal break-words\"><strong>Calificaci\u00f3n de Corriente Mejorada<\/strong>: Corriente de colector DC de 1500A para mayor densidad de potencia<\/li>\n<li class=\"whitespace-normal break-words\"><strong>Bajas P\u00e9rdidas por Conducci\u00f3n<\/strong>: Caracter\u00edsticas optimizadas de VCE(sat) (2.45V-3.80V)<\/li>\n<li class=\"whitespace-normal break-words\"><strong>Alta Robustez<\/strong>: Dise\u00f1o avanzado de chip para una fiabilidad excepcional<\/li>\n<li class=\"whitespace-normal break-words\"><strong>Excelencia T\u00e9rmica<\/strong>: Capacidad de temperatura de funcionamiento de uni\u00f3n de 150\u00b0C<\/li>\n<li class=\"whitespace-normal break-words\"><strong>FWD Integrado<\/strong>: Diodo de rueda libre incorporado para una soluci\u00f3n completa de conmutaci\u00f3n de potencia<\/li>\n<\/ul>","protected":false},"featured_media":3510,"comment_status":"closed","ping_status":"closed","template":"","meta":{"_acf_changed":false},"product_brand":[],"product_cat":[29],"product_tag":[],"class_list":{"0":"post-3464","1":"product","2":"type-product","3":"status-publish","4":"has-post-thumbnail","6":"product_cat-high-voltage-igbt-module","8":"first","9":"instock","10":"shipping-taxable","11":"product-type-variable","12":"has-default-attributes"},"acf":[],"_links":{"self":[{"href":"https:\/\/www.hiitiosemi.com\/es\/wp-json\/wp\/v2\/product\/3464","targetHints":{"allow":["GET"]}}],"collection":[{"href":"https:\/\/www.hiitiosemi.com\/es\/wp-json\/wp\/v2\/product"}],"about":[{"href":"https:\/\/www.hiitiosemi.com\/es\/wp-json\/wp\/v2\/types\/product"}],"replies":[{"embeddable":true,"href":"https:\/\/www.hiitiosemi.com\/es\/wp-json\/wp\/v2\/comments?post=3464"}],"wp:featuredmedia":[{"embeddable":true,"href":"https:\/\/www.hiitiosemi.com\/es\/wp-json\/wp\/v2\/media\/3510"}],"wp:attachment":[{"href":"https:\/\/www.hiitiosemi.com\/es\/wp-json\/wp\/v2\/media?parent=3464"}],"wp:term":[{"taxonomy":"product_brand","embeddable":true,"href":"https:\/\/www.hiitiosemi.com\/es\/wp-json\/wp\/v2\/product_brand?post=3464"},{"taxonomy":"product_cat","embeddable":true,"href":"https:\/\/www.hiitiosemi.com\/es\/wp-json\/wp\/v2\/product_cat?post=3464"},{"taxonomy":"product_tag","embeddable":true,"href":"https:\/\/www.hiitiosemi.com\/es\/wp-json\/wp\/v2\/product_tag?post=3464"}],"curies":[{"name":"wp","href":"https:\/\/api.w.org\/{rel}","templated":true}]}}