{"id":3463,"date":"2025-11-07T07:10:29","date_gmt":"2025-11-07T07:10:29","guid":{"rendered":"https:\/\/www.hiitiosemi.com\/?post_type=product&#038;p=3463"},"modified":"2025-11-11T08:11:56","modified_gmt":"2025-11-11T08:11:56","slug":"3300v-1000a-igbt-module-h1-package-with-fwd","status":"publish","type":"product","link":"https:\/\/www.hiitiosemi.com\/es\/product\/3300v-1000a-igbt-module-h1-package-with-fwd\/","title":{"rendered":"M\u00f3dulo IGBT 3300V 1000A con paquete H1 con FWD"},"content":{"rendered":"<p>El HCG1000S330H1K1 es un m\u00f3dulo de potencia IGBT de grado premium dise\u00f1ado para aplicaciones de alta potencia exigentes. Con tecnolog\u00eda avanzada de puerta plana y estructura de paro de campo, este m\u00f3dulo ofrece un rendimiento excepcional en un paquete H1 est\u00e1ndar.<\/p>\n<h3>Valores M\u00e1ximos Nominales<\/h3>\n<div class=\"tg-wrap\">\n<table>\n<thead>\n<tr>\n<th>Par\u00e1metro<\/th>\n<th>S\u00edmbolo<\/th>\n<th>Condiciones<\/th>\n<th>Valor<\/th>\n<th>Unidad<\/th>\n<\/tr>\n<\/thead>\n<tbody>\n<tr>\n<td>Voltaje colector-emisor<\/td>\n<td>VCE(S)<\/td>\n<td>VGE=0V, Tvj=25\u2103<\/td>\n<td>3300<\/td>\n<td>V<\/td>\n<\/tr>\n<tr>\n<td>Corriente de colector en corriente continua<\/td>\n<td>lc<\/td>\n<td>Tc=100\u2103, Tvj=150\u2103<\/td>\n<td>1000<\/td>\n<td>A<\/td>\n<\/tr>\n<tr>\n<td>Corriente de colector m\u00e1xima<\/td>\n<td>CM<\/td>\n<td>tp=1ms<\/td>\n<td>2000<\/td>\n<td>A<\/td>\n<\/tr>\n<tr>\n<td>Voltaje puerta-emisor<\/td>\n<td>VGES<\/td>\n<td><\/td>\n<td>\u00b120<\/td>\n<td>V<\/td>\n<\/tr>\n<tr>\n<td>Disipaci\u00f3n total de potencia<\/td>\n<td>Ptot<\/td>\n<td>Tc=25\u2103, Tvj=150\u2103<\/td>\n<td>10<\/td>\n<td>kW<\/td>\n<\/tr>\n<tr>\n<td>Corriente Directa Continua<\/td>\n<td>IF<\/td>\n<td><\/td>\n<td>1000<\/td>\n<td>A<\/td>\n<\/tr>\n<tr>\n<td>Corriente Directa Pico<\/td>\n<td>IFRM<\/td>\n<td>tp=1ms<\/td>\n<td>2000<\/td>\n<td>A<\/td>\n<\/tr>\n<tr>\n<td>Corriente de Picos<\/td>\n<td>IFSM<\/td>\n<td>VR=0V, Tvj=150\u2103, tp=10ms, onda sinusoidal a mitad de ciclo<\/td>\n<td>9000<\/td>\n<td>A<\/td>\n<\/tr>\n<tr>\n<td>SOA de cortocircuito del IGBT<\/td>\n<td>tpsc<\/td>\n<td>Vcc=2500V,VCEM<br \/>\nCHIP\u22643300V<br \/>\nVGE\u226415V, Tvj\u2264150\u2103<\/td>\n<td>10<\/td>\n<td>\u03bcs<\/td>\n<\/tr>\n<tr>\n<td>Temperatura m\u00e1xima de uni\u00f3n<\/td>\n<td>Tvj(m\u00e1x)<\/td>\n<td><\/td>\n<td>150<\/td>\n<td>\u2103<\/td>\n<\/tr>\n<tr>\n<td>Temperatura de funcionamiento de la uni\u00f3n<\/td>\n<td>Tv(op)<\/td>\n<td><\/td>\n<td>-40~150<\/td>\n<td>\u2103<\/td>\n<\/tr>\n<tr>\n<td>Temperatura de la carcasa<\/td>\n<td>Tc<\/td>\n<td><\/td>\n<td>-40~150<\/td>\n<td>\u2103<\/td>\n<\/tr>\n<tr>\n<td>Temperatura de almacenamiento<\/td>\n<td>T stg<\/td>\n<td><\/td>\n<td>-40~125<\/td>\n<td>\u2103<\/td>\n<\/tr>\n<\/tbody>\n<\/table>\n<\/div>","protected":false},"excerpt":{"rendered":"<ul>\n<li class=\"whitespace-normal break-words\"><strong>Voltaje de Saturaci\u00f3n Bajo<\/strong>: VCE(sat) = 2.45V-3.80V (t\u00edpico) para m\u00e1xima eficiencia<\/li>\n<li class=\"whitespace-normal break-words\"><strong>Alta Capacidad de Corriente<\/strong>: Clasificaci\u00f3n de corriente de colector en corriente continua de 1000A<\/li>\n<li class=\"whitespace-normal break-words\"><strong>Rendimiento T\u00e9rmico Superior<\/strong>: Temperatura de funcionamiento de la uni\u00f3n hasta 150\u00b0C<\/li>\n<li class=\"whitespace-normal break-words\"><strong>Protecci\u00f3n Integrada<\/strong>: Diodo de rueda libre incorporado para mayor fiabilidad<\/li>\n<li class=\"whitespace-normal break-words\"><strong>Paquete Est\u00e1ndar H<\/strong>: Integraci\u00f3n y montaje f\u00e1ciles<\/li>\n<\/ul>","protected":false},"featured_media":3481,"comment_status":"closed","ping_status":"closed","template":"","meta":{"_acf_changed":false},"product_brand":[],"product_cat":[29],"product_tag":[],"class_list":{"0":"post-3463","1":"product","2":"type-product","3":"status-publish","4":"has-post-thumbnail","6":"product_cat-high-voltage-igbt-module","8":"first","9":"instock","10":"shipping-taxable","11":"product-type-variable","12":"has-default-attributes"},"acf":[],"_links":{"self":[{"href":"https:\/\/www.hiitiosemi.com\/es\/wp-json\/wp\/v2\/product\/3463","targetHints":{"allow":["GET"]}}],"collection":[{"href":"https:\/\/www.hiitiosemi.com\/es\/wp-json\/wp\/v2\/product"}],"about":[{"href":"https:\/\/www.hiitiosemi.com\/es\/wp-json\/wp\/v2\/types\/product"}],"replies":[{"embeddable":true,"href":"https:\/\/www.hiitiosemi.com\/es\/wp-json\/wp\/v2\/comments?post=3463"}],"wp:featuredmedia":[{"embeddable":true,"href":"https:\/\/www.hiitiosemi.com\/es\/wp-json\/wp\/v2\/media\/3481"}],"wp:attachment":[{"href":"https:\/\/www.hiitiosemi.com\/es\/wp-json\/wp\/v2\/media?parent=3463"}],"wp:term":[{"taxonomy":"product_brand","embeddable":true,"href":"https:\/\/www.hiitiosemi.com\/es\/wp-json\/wp\/v2\/product_brand?post=3463"},{"taxonomy":"product_cat","embeddable":true,"href":"https:\/\/www.hiitiosemi.com\/es\/wp-json\/wp\/v2\/product_cat?post=3463"},{"taxonomy":"product_tag","embeddable":true,"href":"https:\/\/www.hiitiosemi.com\/es\/wp-json\/wp\/v2\/product_tag?post=3463"}],"curies":[{"name":"wp","href":"https:\/\/api.w.org\/{rel}","templated":true}]}}