{"id":3457,"date":"2025-11-07T07:10:28","date_gmt":"2025-11-07T07:10:28","guid":{"rendered":"https:\/\/www.hiitiosemi.com\/?post_type=product&#038;p=3457"},"modified":"2025-11-27T09:44:27","modified_gmt":"2025-11-27T09:44:27","slug":"l200v-13m%cf%89-silicon-carbide-power-mosfet-to-247-4l","status":"publish","type":"product","link":"https:\/\/www.hiitiosemi.com\/es\/product\/l200v-13m%cf%89-silicon-carbide-power-mosfet-to-247-4l\/","title":{"rendered":"L200V 13m\u03a9 MOSFET de Carburo de Silicio Power TO-247-4L"},"content":{"rendered":"<p dir=\"auto\">El HCM32S12T4K2 es un MOSFET de potencia de Carburo de Silicio (SiC) de 1200V y 32m\u03a9 en un encapsulado TO-247-4L, dise\u00f1ado para aplicaciones de alta eficiencia y alta fiabilidad. Construido con tecnolog\u00eda de tercera generaci\u00f3n de MOSFET de SiC, ofrece baja resistencia en estado estacionario, conmutaci\u00f3n de alta velocidad y excelente rendimiento t\u00e9rmico.<\/p>\n<h2>Clasificaciones m\u00e1ximas<\/h2>\n<div class=\"tg-wrap\">\n<table style=\"undefined;table-layout: fixed; width: 656px;\">\n<colgroup>\n<col style=\"width: 204.393939px;\" \/>\n<col style=\"width: 91.393939px;\" \/>\n<col style=\"width: 232.393939px;\" \/>\n<col style=\"width: 73.393939px;\" \/>\n<col style=\"width: 54.393939px;\" \/> <\/colgroup>\n<thead>\n<tr>\n<th>Par\u00e1metro<\/th>\n<th>S\u00edmbolo<\/th>\n<th>Condici\u00f3n<\/th>\n<th>Valor<\/th>\n<th>Unidad<\/th>\n<\/tr>\n<\/thead>\n<tbody>\n<tr>\n<td>Tensi\u00f3n entre drenaje y fuente<\/td>\n<td>VDS m\u00e1x<\/td>\n<td>VGs=0V,Ip=100\u03bcA<\/td>\n<td>1200<\/td>\n<td>V<\/td>\n<\/tr>\n<tr>\n<td rowspan=\"2\">Tensi\u00f3n entre puerta y fuente<\/td>\n<td>VGS m\u00e1ximo<\/td>\n<td>Valores m\u00e1ximos absolutos<\/td>\n<td>-10\/+22<\/td>\n<td>V<\/td>\n<\/tr>\n<tr>\n<td>VGS en funcionamiento<\/td>\n<td>Valores operativos recomendados<\/td>\n<td>-5\/+18<\/td>\n<td>V<\/td>\n<\/tr>\n<tr>\n<td rowspan=\"2\">Corriente de drenaje continua<\/td>\n<td rowspan=\"2\">ID<\/td>\n<td>VGs=18V, Tc=25\u2103<\/td>\n<td>155<\/td>\n<td rowspan=\"2\">A<\/td>\n<\/tr>\n<tr>\n<td>VGs=18V, Tc=100\u2103<\/td>\n<td>110<\/td>\n<\/tr>\n<tr>\n<td>Corriente de drenaje pulsada<\/td>\n<td>ID pulso<\/td>\n<td>Ancho de pulso tp limitado por Tvjmax<\/td>\n<td>310<\/td>\n<td>A<\/td>\n<\/tr>\n<tr>\n<td>Disipaci\u00f3n de potencia<\/td>\n<td>PD<\/td>\n<td>Tc=25\u2103, Tvjmax=175\u2103<\/td>\n<td>555<\/td>\n<td>W<\/td>\n<\/tr>\n<tr>\n<td>Temperatura de uni\u00f3n de funcionamiento<\/td>\n<td>Tvjop<\/td>\n<td><\/td>\n<td>-55~175<\/td>\n<td>\u2103<\/td>\n<\/tr>\n<tr>\n<td>Rango de temperatura de almacenamiento<\/td>\n<td>Tstg<\/td>\n<td><\/td>\n<td>-55~175<\/td>\n<td>\u2103<\/td>\n<\/tr>\n<\/tbody>\n<\/table>\n<\/div>","protected":false},"excerpt":{"rendered":"<ul>\n<li data-start=\"505\" data-end=\"567\">High blocking voltage (1200V) with ultra-low RDS(on) of 13m\u03a9<\/li>\n<li data-start=\"570\" data-end=\"623\">Conmutaci\u00f3n de alta velocidad con baja capacitancia parasitaria<\/li>\n<li data-start=\"626\" data-end=\"673\">Operaci\u00f3n en paralelo sencilla y conducci\u00f3n de puerta simple<\/li>\n<li data-start=\"676\" data-end=\"728\">Rendimiento robusto hasta una temperatura de uni\u00f3n de 175\u2103<\/li>\n<li data-start=\"731\" data-end=\"761\">Libre de hal\u00f3genos, compatible con RoHS<\/li>\n<li data-start=\"764\" data-end=\"798\">Adecuado para topolog\u00edas resonantes<\/li>\n<\/ul>","protected":false},"featured_media":3479,"comment_status":"closed","ping_status":"closed","template":"","meta":{"_acf_changed":false},"product_brand":[],"product_cat":[26],"product_tag":[],"class_list":{"0":"post-3457","1":"product","2":"type-product","3":"status-publish","4":"has-post-thumbnail","6":"product_cat-sic-discrete-mosfet","8":"first","9":"instock","10":"shipping-taxable","11":"product-type-variable","12":"has-default-attributes"},"acf":[],"_links":{"self":[{"href":"https:\/\/www.hiitiosemi.com\/es\/wp-json\/wp\/v2\/product\/3457","targetHints":{"allow":["GET"]}}],"collection":[{"href":"https:\/\/www.hiitiosemi.com\/es\/wp-json\/wp\/v2\/product"}],"about":[{"href":"https:\/\/www.hiitiosemi.com\/es\/wp-json\/wp\/v2\/types\/product"}],"replies":[{"embeddable":true,"href":"https:\/\/www.hiitiosemi.com\/es\/wp-json\/wp\/v2\/comments?post=3457"}],"wp:featuredmedia":[{"embeddable":true,"href":"https:\/\/www.hiitiosemi.com\/es\/wp-json\/wp\/v2\/media\/3479"}],"wp:attachment":[{"href":"https:\/\/www.hiitiosemi.com\/es\/wp-json\/wp\/v2\/media?parent=3457"}],"wp:term":[{"taxonomy":"product_brand","embeddable":true,"href":"https:\/\/www.hiitiosemi.com\/es\/wp-json\/wp\/v2\/product_brand?post=3457"},{"taxonomy":"product_cat","embeddable":true,"href":"https:\/\/www.hiitiosemi.com\/es\/wp-json\/wp\/v2\/product_cat?post=3457"},{"taxonomy":"product_tag","embeddable":true,"href":"https:\/\/www.hiitiosemi.com\/es\/wp-json\/wp\/v2\/product_tag?post=3457"}],"curies":[{"name":"wp","href":"https:\/\/api.w.org\/{rel}","templated":true}]}}