{"id":3456,"date":"2025-11-07T07:10:28","date_gmt":"2025-11-07T07:10:28","guid":{"rendered":"https:\/\/www.hiitiosemi.com\/?post_type=product&#038;p=3456"},"modified":"2025-11-11T09:29:00","modified_gmt":"2025-11-11T09:29:00","slug":"1700v-1200a-igbt-module-chopper-e6-package-with-fwd-and-ntc","status":"publish","type":"product","link":"https:\/\/www.hiitiosemi.com\/es\/product\/1700v-1200a-igbt-module-chopper-e6-package-with-fwd-and-ntc\/","title":{"rendered":"M\u00f3dulo IGBT de 1700V 1200A, Chopper, Paquete E6, con FWD y NTC"},"content":{"rendered":"<p dir=\"auto\">El HCG1200FC170D3K5 es un potente m\u00f3dulo IGBT de 1700V 1200A con estructura de chopper, dise\u00f1ado para aplicaciones industriales de alta potencia. Con un paquete E6 con diodo de rueda libre (FWD) y termistor NTC integrados, incorpora tecnolog\u00eda avanzada de canaleta de 1700V y parada de campo para bajas p\u00e9rdidas, alta fiabilidad y protecci\u00f3n robusta contra cortocircuitos. Este m\u00f3dulo es perfecto para una gesti\u00f3n eficiente de energ\u00eda en sistemas de energ\u00edas renovables e industriales.<\/p>\n<h2>Clasificaciones m\u00e1ximas<\/h2>\n<table>\n<thead>\n<tr>\n<th data-col-size=\"xl\">Par\u00e1metro<\/th>\n<th data-col-size=\"md\">S\u00edmbolo<\/th>\n<th data-col-size=\"lg\">Condici\u00f3n<\/th>\n<th data-col-size=\"md\">Valor<\/th>\n<th data-col-size=\"xs\">Unidad<\/th>\n<\/tr>\n<\/thead>\n<tbody>\n<tr>\n<td data-col-size=\"xl\">Voltaje colector-emisor<\/td>\n<td data-col-size=\"md\">VCE(S)<\/td>\n<td data-col-size=\"lg\">VGE=0V, Tvj=25\u00b0C<\/td>\n<td data-col-size=\"md\">1700<\/td>\n<td data-col-size=\"xs\">V<\/td>\n<\/tr>\n<tr>\n<td data-col-size=\"xl\">Corriente de colector en corriente continua<\/td>\n<td data-col-size=\"md\">IC<\/td>\n<td data-col-size=\"lg\">TC=95\u00b0C, Tvj m\u00e1x=175\u00b0C<\/td>\n<td data-col-size=\"md\">1200<\/td>\n<td data-col-size=\"xs\">A<\/td>\n<\/tr>\n<tr>\n<td data-col-size=\"xl\">Corriente de colector m\u00e1xima<\/td>\n<td data-col-size=\"md\">ICM<\/td>\n<td data-col-size=\"lg\">tp=1ms<\/td>\n<td data-col-size=\"md\">2400<\/td>\n<td data-col-size=\"xs\">A<\/td>\n<\/tr>\n<tr>\n<td data-col-size=\"xl\">Voltaje pico entre puerta y emisor<\/td>\n<td data-col-size=\"md\">VGES<\/td>\n<td data-col-size=\"lg\">&#8211;<\/td>\n<td data-col-size=\"md\">\u00b120<\/td>\n<td data-col-size=\"xs\">V<\/td>\n<\/tr>\n<tr>\n<td data-col-size=\"xl\">Disipaci\u00f3n m\u00e1xima de potencia del IGBT<\/td>\n<td data-col-size=\"md\">Ptot<\/td>\n<td data-col-size=\"lg\">TC=25\u00b0C, Tvj m\u00e1ximo=175\u00b0C<\/td>\n<td data-col-size=\"md\">5555<\/td>\n<td data-col-size=\"xs\">W<\/td>\n<\/tr>\n<tr>\n<td data-col-size=\"xl\">Voltaje inverso pico repetitivo<\/td>\n<td data-col-size=\"md\">VRRM<\/td>\n<td data-col-size=\"lg\">Tvj=25\u00b0C<\/td>\n<td data-col-size=\"md\">1700<\/td>\n<td data-col-size=\"xs\">V<\/td>\n<\/tr>\n<tr>\n<td data-col-size=\"xl\">Corriente continua de avance DC (Diodo de freno-chopper)<\/td>\n<td data-col-size=\"md\">IF<\/td>\n<td data-col-size=\"lg\">&#8211;<\/td>\n<td data-col-size=\"md\">600<\/td>\n<td data-col-size=\"xs\">A<\/td>\n<\/tr>\n<tr>\n<td data-col-size=\"xl\">Corriente continua de avance DC (Diodo de reversa)<\/td>\n<td data-col-size=\"md\">IF<\/td>\n<td data-col-size=\"lg\">&#8211;<\/td>\n<td data-col-size=\"md\">200<\/td>\n<td data-col-size=\"xs\">A<\/td>\n<\/tr>\n<tr>\n<td data-col-size=\"xl\">Corriente m\u00e1xima de avance repetitiva (Diodo de freno-chopper)<\/td>\n<td data-col-size=\"md\">IFRM<\/td>\n<td data-col-size=\"lg\">tp=1ms<\/td>\n<td data-col-size=\"md\">1200<\/td>\n<td data-col-size=\"xs\">A<\/td>\n<\/tr>\n<tr>\n<td data-col-size=\"xl\">Corriente m\u00e1xima de avance repetitiva (Diodo de reversa)<\/td>\n<td data-col-size=\"md\">IFRM<\/td>\n<td data-col-size=\"lg\">tp=1ms<\/td>\n<td data-col-size=\"md\">400<\/td>\n<td data-col-size=\"xs\">A<\/td>\n<\/tr>\n<tr>\n<td data-col-size=\"xl\">Valor I\u00b2t (Diodo de freno-chopper)<\/td>\n<td data-col-size=\"md\">I\u00b2t<\/td>\n<td data-col-size=\"lg\">VR=0V, tp=10ms, Tvj=125\u00b0C<\/td>\n<td data-col-size=\"md\">58650<\/td>\n<td data-col-size=\"xs\">A\u00b2s<\/td>\n<\/tr>\n<tr>\n<td data-col-size=\"xl\">Valor I\u00b2t (Diodo de reversa)<\/td>\n<td data-col-size=\"md\">I\u00b2t<\/td>\n<td data-col-size=\"lg\">VR=0V, tp=10ms, Tvj=125\u00b0C<\/td>\n<td data-col-size=\"md\">6615<\/td>\n<td data-col-size=\"xs\">A\u00b2s<\/td>\n<\/tr>\n<tr>\n<td data-col-size=\"xl\">Temperatura m\u00e1xima de uni\u00f3n<\/td>\n<td data-col-size=\"md\">Tvj m\u00e1ximo<\/td>\n<td data-col-size=\"lg\">&#8211;<\/td>\n<td data-col-size=\"md\">175<\/td>\n<td data-col-size=\"xs\">\u00b0C<\/td>\n<\/tr>\n<tr>\n<td data-col-size=\"xl\">Temperatura de uni\u00f3n de funcionamiento<\/td>\n<td data-col-size=\"md\">Tvj operativo<\/td>\n<td data-col-size=\"lg\">&#8211;<\/td>\n<td data-col-size=\"md\">-40 a 150<\/td>\n<td data-col-size=\"xs\">\u00b0C<\/td>\n<\/tr>\n<tr>\n<td data-col-size=\"xl\">Temperatura de almacenamiento<\/td>\n<td data-col-size=\"md\">Tstg<\/td>\n<td data-col-size=\"lg\">&#8211;<\/td>\n<td data-col-size=\"md\">-40 a 125<\/td>\n<td data-col-size=\"xs\">\u00b0C<\/td>\n<\/tr>\n<\/tbody>\n<\/table>","protected":false},"excerpt":{"rendered":"<ul>\n<li>Estructura de Canaleta de 1700V y Parada de Campo para un rendimiento \u00f3ptimo<\/li>\n<li>Alta fiabilidad en entornos exigentes<\/li>\n<li>Coeficiente de Temperatura Positivo para estabilidad t\u00e9rmica<\/li>\n<li>FWD integrado con diodos de freno-chopper (600A) y diodos de reversa (200A) separados<\/li>\n<li>Estructura de Chopper para una mayor eficiencia en conmutaci\u00f3n<\/li>\n<\/ul>","protected":false},"featured_media":3478,"comment_status":"closed","ping_status":"closed","template":"","meta":{"_acf_changed":false},"product_brand":[],"product_cat":[25],"product_tag":[],"class_list":{"0":"post-3456","1":"product","2":"type-product","3":"status-publish","4":"has-post-thumbnail","6":"product_cat-igbt-module","8":"first","9":"instock","10":"shipping-taxable","11":"product-type-variable","12":"has-default-attributes"},"acf":[],"_links":{"self":[{"href":"https:\/\/www.hiitiosemi.com\/es\/wp-json\/wp\/v2\/product\/3456","targetHints":{"allow":["GET"]}}],"collection":[{"href":"https:\/\/www.hiitiosemi.com\/es\/wp-json\/wp\/v2\/product"}],"about":[{"href":"https:\/\/www.hiitiosemi.com\/es\/wp-json\/wp\/v2\/types\/product"}],"replies":[{"embeddable":true,"href":"https:\/\/www.hiitiosemi.com\/es\/wp-json\/wp\/v2\/comments?post=3456"}],"wp:featuredmedia":[{"embeddable":true,"href":"https:\/\/www.hiitiosemi.com\/es\/wp-json\/wp\/v2\/media\/3478"}],"wp:attachment":[{"href":"https:\/\/www.hiitiosemi.com\/es\/wp-json\/wp\/v2\/media?parent=3456"}],"wp:term":[{"taxonomy":"product_brand","embeddable":true,"href":"https:\/\/www.hiitiosemi.com\/es\/wp-json\/wp\/v2\/product_brand?post=3456"},{"taxonomy":"product_cat","embeddable":true,"href":"https:\/\/www.hiitiosemi.com\/es\/wp-json\/wp\/v2\/product_cat?post=3456"},{"taxonomy":"product_tag","embeddable":true,"href":"https:\/\/www.hiitiosemi.com\/es\/wp-json\/wp\/v2\/product_tag?post=3456"}],"curies":[{"name":"wp","href":"https:\/\/api.w.org\/{rel}","templated":true}]}}