{"id":3455,"date":"2025-11-07T07:10:28","date_gmt":"2025-11-07T07:10:28","guid":{"rendered":"https:\/\/www.hiitiosemi.com\/?post_type=product&#038;p=3455"},"modified":"2025-11-11T09:29:41","modified_gmt":"2025-11-11T09:29:41","slug":"1700v-600a-igbt-module-e6-package-with-fwd-and-ntc","status":"publish","type":"product","link":"https:\/\/www.hiitiosemi.com\/es\/product\/1700v-600a-igbt-module-e6-package-with-fwd-and-ntc\/","title":{"rendered":"M\u00f3dulo IGBT de 1700V 600A, paquete E6, con FWD y NTC"},"content":{"rendered":"<p dir=\"auto\">El HCG600FH170D3K4 es un m\u00f3dulo IGBT robusto de 1700V 600A optimizado para aplicaciones de alta potencia. Encapsulado en un paquete E6 con diodo de rueda libre (FWD) y termistor NTC integrados, aprovecha la tecnolog\u00eda avanzada de canaleta y paro de campo de 1700V para p\u00e9rdidas de conmutaci\u00f3n m\u00ednimas y resistencia superior ante cortocircuitos. Este m\u00f3dulo est\u00e1 dise\u00f1ado para fiabilidad en entornos desafiantes como sistemas de energ\u00eda renovable.<\/p>\n<h2>Clasificaciones m\u00e1ximas<\/h2>\n<table>\n<thead>\n<tr>\n<th data-col-size=\"xl\">Par\u00e1metro<\/th>\n<th data-col-size=\"md\">S\u00edmbolo<\/th>\n<th data-col-size=\"lg\">Condici\u00f3n<\/th>\n<th data-col-size=\"md\">Valor<\/th>\n<th data-col-size=\"xs\">Unidad<\/th>\n<\/tr>\n<\/thead>\n<tbody>\n<tr>\n<td data-col-size=\"xl\">Voltaje colector-emisor<\/td>\n<td data-col-size=\"md\">VCE(S)<\/td>\n<td data-col-size=\"lg\">VGE=0V, Tvj=25\u00b0C<\/td>\n<td data-col-size=\"md\">1700<\/td>\n<td data-col-size=\"xs\">V<\/td>\n<\/tr>\n<tr>\n<td data-col-size=\"xl\">Corriente de colector en corriente continua<\/td>\n<td data-col-size=\"md\">IC<\/td>\n<td data-col-size=\"lg\">TC=110\u00b0C, Tvj m\u00e1ximo=175\u00b0C<\/td>\n<td data-col-size=\"md\">600<\/td>\n<td data-col-size=\"xs\">A<\/td>\n<\/tr>\n<tr>\n<td data-col-size=\"xl\">Corriente de colector m\u00e1xima<\/td>\n<td data-col-size=\"md\">ICM<\/td>\n<td data-col-size=\"lg\">tp=1ms<\/td>\n<td data-col-size=\"md\">1200<\/td>\n<td data-col-size=\"xs\">A<\/td>\n<\/tr>\n<tr>\n<td data-col-size=\"xl\">Voltaje pico entre puerta y emisor<\/td>\n<td data-col-size=\"md\">VGES<\/td>\n<td data-col-size=\"lg\">&#8211;<\/td>\n<td data-col-size=\"md\">\u00b120<\/td>\n<td data-col-size=\"xs\">V<\/td>\n<\/tr>\n<tr>\n<td data-col-size=\"xl\">Disipaci\u00f3n total de potencia<\/td>\n<td data-col-size=\"md\">Ptot<\/td>\n<td data-col-size=\"lg\">TC=25\u00b0C, Tvj m\u00e1ximo=175\u00b0C<\/td>\n<td data-col-size=\"md\">3660<\/td>\n<td data-col-size=\"xs\">W<\/td>\n<\/tr>\n<tr>\n<td data-col-size=\"xl\">Voltaje inverso pico repetitivo<\/td>\n<td data-col-size=\"md\">VRRM<\/td>\n<td data-col-size=\"lg\">Tvj=25\u00b0C<\/td>\n<td data-col-size=\"md\">1700<\/td>\n<td data-col-size=\"xs\">V<\/td>\n<\/tr>\n<tr>\n<td data-col-size=\"xl\">Corriente continua de avance en corriente directa<\/td>\n<td data-col-size=\"md\">IF<\/td>\n<td data-col-size=\"lg\">&#8211;<\/td>\n<td data-col-size=\"md\">600<\/td>\n<td data-col-size=\"xs\">A<\/td>\n<\/tr>\n<tr>\n<td data-col-size=\"xl\">Corriente m\u00e1xima de avance repetitiva<\/td>\n<td data-col-size=\"md\">IFRM<\/td>\n<td data-col-size=\"lg\">tp=1ms<\/td>\n<td data-col-size=\"md\">1200<\/td>\n<td data-col-size=\"xs\">A<\/td>\n<\/tr>\n<tr>\n<td data-col-size=\"xl\">Valor I\u00b2t<\/td>\n<td data-col-size=\"md\">I\u00b2t<\/td>\n<td data-col-size=\"lg\">VR=0V, tp=10ms, Tvj=125\u00b0C<\/td>\n<td data-col-size=\"md\">41530<\/td>\n<td data-col-size=\"xs\">A\u00b2s<\/td>\n<\/tr>\n<tr>\n<td data-col-size=\"xl\">Tiempo de resistencia a cortocircuito del IGBT<\/td>\n<td data-col-size=\"md\">tpsc<\/td>\n<td data-col-size=\"lg\">&#8211;<\/td>\n<td data-col-size=\"md\">10<\/td>\n<td data-col-size=\"xs\">\u03bcs<\/td>\n<\/tr>\n<tr>\n<td data-col-size=\"xl\">Temperatura m\u00e1xima de uni\u00f3n<\/td>\n<td data-col-size=\"md\">Tvj m\u00e1ximo<\/td>\n<td data-col-size=\"lg\">&#8211;<\/td>\n<td data-col-size=\"md\">175<\/td>\n<td data-col-size=\"xs\">\u00b0C<\/td>\n<\/tr>\n<tr>\n<td data-col-size=\"xl\">Temperatura de uni\u00f3n de funcionamiento<\/td>\n<td data-col-size=\"md\">Tvj operativo<\/td>\n<td data-col-size=\"lg\">&#8211;<\/td>\n<td data-col-size=\"md\">-40 a 150<\/td>\n<td data-col-size=\"xs\">\u00b0C<\/td>\n<\/tr>\n<tr>\n<td data-col-size=\"xl\">Temperatura de almacenamiento<\/td>\n<td data-col-size=\"md\">Tstg<\/td>\n<td data-col-size=\"lg\">&#8211;<\/td>\n<td data-col-size=\"md\">-40 a 125<\/td>\n<td data-col-size=\"xs\">\u00b0C<\/td>\n<\/tr>\n<\/tbody>\n<\/table>","protected":false},"excerpt":{"rendered":"<ul>\n<li>Estructura de canaleta y paro de campo de 1700V para un rendimiento mejorado<\/li>\n<li>Baja p\u00e9rdida de conmutaci\u00f3n para eficiencia energ\u00e9tica<\/li>\n<li>Alta capacidad de cortocircuito (hasta 10\u03bcs de tiempo de resistencia)<\/li>\n<li>Coeficiente de temperatura positivo para estabilidad operativa<\/li>\n<li>Alta fiabilidad con FWD y NTC integrados<\/li>\n<\/ul>","protected":false},"featured_media":3476,"comment_status":"closed","ping_status":"closed","template":"","meta":{"_acf_changed":false},"product_brand":[],"product_cat":[25],"product_tag":[],"class_list":{"0":"post-3455","1":"product","2":"type-product","3":"status-publish","4":"has-post-thumbnail","6":"product_cat-igbt-module","8":"first","9":"instock","10":"shipping-taxable","11":"product-type-variable","12":"has-default-attributes"},"acf":[],"_links":{"self":[{"href":"https:\/\/www.hiitiosemi.com\/es\/wp-json\/wp\/v2\/product\/3455","targetHints":{"allow":["GET"]}}],"collection":[{"href":"https:\/\/www.hiitiosemi.com\/es\/wp-json\/wp\/v2\/product"}],"about":[{"href":"https:\/\/www.hiitiosemi.com\/es\/wp-json\/wp\/v2\/types\/product"}],"replies":[{"embeddable":true,"href":"https:\/\/www.hiitiosemi.com\/es\/wp-json\/wp\/v2\/comments?post=3455"}],"wp:featuredmedia":[{"embeddable":true,"href":"https:\/\/www.hiitiosemi.com\/es\/wp-json\/wp\/v2\/media\/3476"}],"wp:attachment":[{"href":"https:\/\/www.hiitiosemi.com\/es\/wp-json\/wp\/v2\/media?parent=3455"}],"wp:term":[{"taxonomy":"product_brand","embeddable":true,"href":"https:\/\/www.hiitiosemi.com\/es\/wp-json\/wp\/v2\/product_brand?post=3455"},{"taxonomy":"product_cat","embeddable":true,"href":"https:\/\/www.hiitiosemi.com\/es\/wp-json\/wp\/v2\/product_cat?post=3455"},{"taxonomy":"product_tag","embeddable":true,"href":"https:\/\/www.hiitiosemi.com\/es\/wp-json\/wp\/v2\/product_tag?post=3455"}],"curies":[{"name":"wp","href":"https:\/\/api.w.org\/{rel}","templated":true}]}}