{"id":3453,"date":"2025-11-07T07:10:28","date_gmt":"2025-11-07T07:10:28","guid":{"rendered":"https:\/\/www.hiitiosemi.com\/?post_type=product&#038;p=3453"},"modified":"2025-11-11T09:27:14","modified_gmt":"2025-11-11T09:27:14","slug":"1700v-600a-igbt-modulechopper-e6-package-with-fwd-and-ntc","status":"publish","type":"product","link":"https:\/\/www.hiitiosemi.com\/es\/product\/1700v-600a-igbt-modulechopper-e6-package-with-fwd-and-ntc\/","title":{"rendered":"M\u00f3dulo IGBT de 1700V 600A, Chopper, paquete E6, con FWD y NTC"},"content":{"rendered":"<p dir=\"auto\">El HCG600FC170D3K4 es un m\u00f3dulo IGBT de alto rendimiento de 1700V 600A dise\u00f1ado para aplicaciones exigentes de electr\u00f3nica de potencia. Con un paquete E6 con diodo de recuperaci\u00f3n r\u00e1pida (FWD) y termistor NTC integrados, este m\u00f3dulo ofrece una eficiencia y fiabilidad excepcionales. Construido con una estructura avanzada de puerta de zanja y parada de campo de 1700V, garantiza bajas p\u00e9rdidas de conmutaci\u00f3n y alta capacidad de cortocircuito, lo que lo hace ideal para sistemas industriales y energ\u00edas renovables.<\/p>\n<h2>Clasificaciones m\u00e1ximas<\/h2>\n<div class=\"tg-wrap\">\n<table style=\"undefined;table-layout: fixed; width: 605px;\">\n<colgroup>\n<col style=\"width: 212.393939px;\" \/>\n<col style=\"width: 75.393939px;\" \/>\n<col style=\"width: 184.393939px;\" \/>\n<col style=\"width: 74.393939px;\" \/>\n<col style=\"width: 58.393939px;\" \/> <\/colgroup>\n<thead>\n<tr>\n<th>Par\u00e1metro<\/th>\n<th>S\u00edmbolo<\/th>\n<th>Condici\u00f3n<\/th>\n<th>Valor<\/th>\n<th>Unidad<\/th>\n<\/tr>\n<\/thead>\n<tbody>\n<tr>\n<td>Tensi\u00f3n colector-emisor<\/td>\n<td>VCE(S)<\/td>\n<td>VGE=0V, Tvj=25\u2103<\/td>\n<td>1700<\/td>\n<td>V<\/td>\n<\/tr>\n<tr>\n<td>Corriente de colector en corriente continua<\/td>\n<td>lc<\/td>\n<td>Tc=110\u2103,Tvjmax=175\u2103<\/td>\n<td>600<\/td>\n<td>A<\/td>\n<\/tr>\n<tr>\n<td>Corriente m\u00e1xima de colector<\/td>\n<td>ICM<\/td>\n<td>tp=1ms<\/td>\n<td>1200<\/td>\n<td>A<\/td>\n<\/tr>\n<tr>\n<td>Tensi\u00f3n m\u00e1xima de pico puerta-emisor<\/td>\n<td>VGES<\/td>\n<td><\/td>\n<td>\u00b120<\/td>\n<td>V<\/td>\n<\/tr>\n<tr>\n<td>Disipaci\u00f3n total de potencia<\/td>\n<td>Ptot<\/td>\n<td>Tc=25\u2103, Tvjmax=175\u2103<\/td>\n<td>3660<\/td>\n<td>W<\/td>\n<\/tr>\n<tr>\n<td>Voltaje de inversi\u00f3n m\u00e1xima repetitiva<\/td>\n<td>VRRM<\/td>\n<td>Tvj=25\u2103<\/td>\n<td>1700<\/td>\n<td>V<\/td>\n<\/tr>\n<tr>\n<td>Corriente continua de avance de DC<\/td>\n<td>IF<\/td>\n<td><\/td>\n<td>600<\/td>\n<td>A<\/td>\n<\/tr>\n<tr>\n<td>Corriente m\u00e1xima de avance de pico repetitiva<\/td>\n<td>IFRM<\/td>\n<td>tp=1ms<\/td>\n<td>1200<\/td>\n<td>A<\/td>\n<\/tr>\n<tr>\n<td>Valor Pt<\/td>\n<td>12t<\/td>\n<td>VR=0V, tp=10ms, Tvj=125\u2103<\/td>\n<td>59000<\/td>\n<td>A2s<\/td>\n<\/tr>\n<tr>\n<td>Tiempo de resistencia a cortocircuito del IGBT<\/td>\n<td>tpsc<\/td>\n<td><\/td>\n<td>10<\/td>\n<td>\u03bcs<\/td>\n<\/tr>\n<tr>\n<td>Temperatura m\u00e1xima de uni\u00f3n<\/td>\n<td>Tvjmax<\/td>\n<td><\/td>\n<td>175<\/td>\n<td>\u2103<\/td>\n<\/tr>\n<tr>\n<td>Temperatura de uni\u00f3n de funcionamiento<\/td>\n<td>Tvjop<\/td>\n<td><\/td>\n<td>-40~150<\/td>\n<td>\u2103<\/td>\n<\/tr>\n<tr>\n<td>Temperatura de almacenamiento<\/td>\n<td>Tstg<\/td>\n<td><\/td>\n<td>-40~125<\/td>\n<td>\u2103<\/td>\n<\/tr>\n<\/tbody>\n<\/table>\n<\/div>","protected":false},"excerpt":{"rendered":"<ul>\n<li>Estructura de puerta de zanja y parada de campo de 1700V para un rendimiento superior<\/li>\n<li>P\u00e9rdida de conmutaci\u00f3n baja para una mayor eficiencia energ\u00e9tica<\/li>\n<li>Alta capacidad de cortocircuito (hasta 10\u03bcs de tiempo de resistencia)<\/li>\n<li>Coeficiente de temperatura positivo para una operaci\u00f3n estable<\/li>\n<li>Alta fiabilidad con FWD y NTC integrados<\/li>\n<\/ul>","protected":false},"featured_media":3476,"comment_status":"closed","ping_status":"closed","template":"","meta":{"_acf_changed":false},"product_brand":[],"product_cat":[25],"product_tag":[],"class_list":{"0":"post-3453","1":"product","2":"type-product","3":"status-publish","4":"has-post-thumbnail","6":"product_cat-igbt-module","8":"first","9":"instock","10":"shipping-taxable","11":"product-type-variable","12":"has-default-attributes"},"acf":[],"_links":{"self":[{"href":"https:\/\/www.hiitiosemi.com\/es\/wp-json\/wp\/v2\/product\/3453","targetHints":{"allow":["GET"]}}],"collection":[{"href":"https:\/\/www.hiitiosemi.com\/es\/wp-json\/wp\/v2\/product"}],"about":[{"href":"https:\/\/www.hiitiosemi.com\/es\/wp-json\/wp\/v2\/types\/product"}],"replies":[{"embeddable":true,"href":"https:\/\/www.hiitiosemi.com\/es\/wp-json\/wp\/v2\/comments?post=3453"}],"wp:featuredmedia":[{"embeddable":true,"href":"https:\/\/www.hiitiosemi.com\/es\/wp-json\/wp\/v2\/media\/3476"}],"wp:attachment":[{"href":"https:\/\/www.hiitiosemi.com\/es\/wp-json\/wp\/v2\/media?parent=3453"}],"wp:term":[{"taxonomy":"product_brand","embeddable":true,"href":"https:\/\/www.hiitiosemi.com\/es\/wp-json\/wp\/v2\/product_brand?post=3453"},{"taxonomy":"product_cat","embeddable":true,"href":"https:\/\/www.hiitiosemi.com\/es\/wp-json\/wp\/v2\/product_cat?post=3453"},{"taxonomy":"product_tag","embeddable":true,"href":"https:\/\/www.hiitiosemi.com\/es\/wp-json\/wp\/v2\/product_tag?post=3453"}],"curies":[{"name":"wp","href":"https:\/\/api.w.org\/{rel}","templated":true}]}}