{"id":3450,"date":"2025-11-07T07:10:27","date_gmt":"2025-11-07T07:10:27","guid":{"rendered":"https:\/\/www.hiitiosemi.com\/?post_type=product&#038;p=3450"},"modified":"2025-11-11T09:38:55","modified_gmt":"2025-11-11T09:38:55","slug":"1700v-300a-igbt-module-e6-package-with-fwd","status":"publish","type":"product","link":"https:\/\/www.hiitiosemi.com\/es\/product\/1700v-300a-igbt-module-e6-package-with-fwd\/","title":{"rendered":"M\u00f3dulo IGBT 1700V 300A, Empaquetado E6, con FWD"},"content":{"rendered":"<p>El HCG450FH170D3K4 es un m\u00f3dulo IGBT de alto rendimiento dise\u00f1ado con una estructura de puerta de trinquete de 1700V y parada de campo, con diodo de rueda libre (FWD) y termistor NTC integrados. Con una corriente de colector nominal de 450A, ofrece baja p\u00e9rdida de conmutaci\u00f3n, alta fiabilidad y excelente capacidad de resistencia a cortocircuitos.<\/p>\n<h2>Clasificaciones m\u00e1ximas<\/h2>\n<div class=\"tg-wrap\">\n<table style=\"undefined;table-layout: fixed; width: 645px;\">\n<colgroup>\n<col style=\"width: 224.393939px;\" \/>\n<col style=\"width: 77.393939px;\" \/>\n<col style=\"width: 199.393939px;\" \/>\n<col style=\"width: 85.393939px;\" \/>\n<col style=\"width: 58.393939px;\" \/> <\/colgroup>\n<thead>\n<tr>\n<th>Par\u00e1metro<\/th>\n<th>S\u00edmbolo<\/th>\n<th>Condici\u00f3n<\/th>\n<th>Valor<\/th>\n<th>Unidad<\/th>\n<\/tr>\n<\/thead>\n<tbody>\n<tr>\n<td>Tensi\u00f3n colector-emisor<\/td>\n<td>VCE(S)<\/td>\n<td>VGE=0V, Tvj=25\u2103<\/td>\n<td>1700<\/td>\n<td>V<\/td>\n<\/tr>\n<tr>\n<td>Corriente de colector en corriente continua<\/td>\n<td>lc<\/td>\n<td>Tc=100\u2103, Tvjmax=175\u2103<\/td>\n<td>300<\/td>\n<td>A<\/td>\n<\/tr>\n<tr>\n<td>Corriente m\u00e1xima de colector<\/td>\n<td>ICM<\/td>\n<td>tp=1ms<\/td>\n<td>600<\/td>\n<td>A<\/td>\n<\/tr>\n<tr>\n<td>Tensi\u00f3n m\u00e1xima de pico puerta-emisor<\/td>\n<td>VGES<\/td>\n<td><\/td>\n<td>\u00b120<\/td>\n<td>V<\/td>\n<\/tr>\n<tr>\n<td>Disipaci\u00f3n total de potencia<\/td>\n<td>Ptot<\/td>\n<td>Tc=25\u2103, Tvjmax=175\u2103<\/td>\n<td>1765<\/td>\n<td>W<\/td>\n<\/tr>\n<tr>\n<td>Tensi\u00f3n m\u00e1xima de inversi\u00f3n repetitiva<\/td>\n<td>VRRM<\/td>\n<td>Tvj=25\u2103<\/td>\n<td>1700<\/td>\n<td>V<\/td>\n<\/tr>\n<tr>\n<td>Corriente continua de avance de DC<\/td>\n<td>IF<\/td>\n<td><\/td>\n<td>300<\/td>\n<td>A<\/td>\n<\/tr>\n<tr>\n<td>Corriente m\u00e1xima de avance de pico repetitiva<\/td>\n<td>IFRM<\/td>\n<td>tp=1ms<\/td>\n<td>600<\/td>\n<td>A<\/td>\n<\/tr>\n<tr>\n<td>Tiempo de resistencia a cortocircuito del IGBT<\/td>\n<td>tpsc<\/td>\n<td><\/td>\n<td>10<\/td>\n<td>\u03bcs<\/td>\n<\/tr>\n<tr>\n<td>Temperatura m\u00e1xima de uni\u00f3n<\/td>\n<td>Tvjmax<\/td>\n<td><\/td>\n<td>175<\/td>\n<td>\u2103<\/td>\n<\/tr>\n<tr>\n<td>Temperatura de uni\u00f3n de funcionamiento<\/td>\n<td>Tvjop<\/td>\n<td><\/td>\n<td>-40~150<\/td>\n<td>\u2103<\/td>\n<\/tr>\n<tr>\n<td>Temperatura de almacenamiento<\/td>\n<td>Tstg<\/td>\n<td><\/td>\n<td>-40~125<\/td>\n<td>\u2103<\/td>\n<\/tr>\n<\/tbody>\n<\/table>\n<\/div>","protected":false},"excerpt":{"rendered":"<ul>\n<li>Voltaje colector-emisor de 1700V, corriente nominal de 300A<\/li>\n<li>V bajos<sub>CE(sat)<\/sub> y baja p\u00e9rdida de conmutaci\u00f3n<\/li>\n<li>Diodo de rueda libre integrado y termistor NTC<\/li>\n<li>Coeficiente de temperatura positivo, alta fiabilidad<\/li>\n<li>Alta resistencia a cortocircuitos (10\u03bcs)<\/li>\n<li>Paquete E6, dise\u00f1o compacto y robusto<\/li>\n<\/ul>","protected":false},"featured_media":3476,"comment_status":"closed","ping_status":"closed","template":"","meta":{"_acf_changed":false},"product_brand":[],"product_cat":[25],"product_tag":[],"class_list":{"0":"post-3450","1":"product","2":"type-product","3":"status-publish","4":"has-post-thumbnail","6":"product_cat-igbt-module","8":"first","9":"instock","10":"shipping-taxable","11":"product-type-variable","12":"has-default-attributes"},"acf":[],"_links":{"self":[{"href":"https:\/\/www.hiitiosemi.com\/es\/wp-json\/wp\/v2\/product\/3450","targetHints":{"allow":["GET"]}}],"collection":[{"href":"https:\/\/www.hiitiosemi.com\/es\/wp-json\/wp\/v2\/product"}],"about":[{"href":"https:\/\/www.hiitiosemi.com\/es\/wp-json\/wp\/v2\/types\/product"}],"replies":[{"embeddable":true,"href":"https:\/\/www.hiitiosemi.com\/es\/wp-json\/wp\/v2\/comments?post=3450"}],"wp:featuredmedia":[{"embeddable":true,"href":"https:\/\/www.hiitiosemi.com\/es\/wp-json\/wp\/v2\/media\/3476"}],"wp:attachment":[{"href":"https:\/\/www.hiitiosemi.com\/es\/wp-json\/wp\/v2\/media?parent=3450"}],"wp:term":[{"taxonomy":"product_brand","embeddable":true,"href":"https:\/\/www.hiitiosemi.com\/es\/wp-json\/wp\/v2\/product_brand?post=3450"},{"taxonomy":"product_cat","embeddable":true,"href":"https:\/\/www.hiitiosemi.com\/es\/wp-json\/wp\/v2\/product_cat?post=3450"},{"taxonomy":"product_tag","embeddable":true,"href":"https:\/\/www.hiitiosemi.com\/es\/wp-json\/wp\/v2\/product_tag?post=3450"}],"curies":[{"name":"wp","href":"https:\/\/api.w.org\/{rel}","templated":true}]}}