{"id":3448,"date":"2025-11-07T07:10:27","date_gmt":"2025-11-07T07:10:27","guid":{"rendered":"https:\/\/www.hiitiosemi.com\/?post_type=product&#038;p=3448"},"modified":"2025-11-11T09:42:19","modified_gmt":"2025-11-11T09:42:19","slug":"1200v-600a-igbt-module-e6-package-with-fwd-and-ntc","status":"publish","type":"product","link":"https:\/\/www.hiitiosemi.com\/es\/product\/1200v-600a-igbt-module-e6-package-with-fwd-and-ntc\/","title":{"rendered":"M\u00f3dulo IGBT de 1200V 600A, paquete E6, con FWD y NTC"},"content":{"rendered":"<p dir=\"auto\">El HCG600FH120D3K4D2 es un m\u00f3dulo IGBT de alto rendimiento de 1200V 600A dise\u00f1ado para aplicaciones exigentes de electr\u00f3nica de potencia. Con un paquete E6 con diodo de recuperaci\u00f3n (FWD) y termistor NTC integrados, este m\u00f3dulo garantiza un funcionamiento eficiente y fiable en sistemas de alta potencia.<\/p>\n<h2>Clasificaciones m\u00e1ximas<\/h2>\n<div class=\"tg-wrap\">\n<table style=\"undefined;table-layout: fixed; width: 638px;\">\n<colgroup>\n<col style=\"width: 234.393939px;\" \/>\n<col style=\"width: 100.393939px;\" \/>\n<col style=\"width: 184.393939px;\" \/>\n<col style=\"width: 72.393939px;\" \/>\n<col style=\"width: 46.393939px;\" \/> <\/colgroup>\n<thead>\n<tr>\n<th>Par\u00e1metro<\/th>\n<th>S\u00edmbolo<\/th>\n<th>Condici\u00f3n<\/th>\n<th>Valor<\/th>\n<th>Unidad<\/th>\n<\/tr>\n<\/thead>\n<tbody>\n<tr>\n<td>Tensi\u00f3n colector-emisor<\/td>\n<td>VCE(S)<\/td>\n<td>VGE=OV, Tvj=25\u2103<\/td>\n<td>1200<\/td>\n<td>V<\/td>\n<\/tr>\n<tr>\n<td>Corriente de colector en corriente continua<\/td>\n<td>Ic<\/td>\n<td>Tc=115\u2103, Tyj, m\u00e1x=175\u2103<\/td>\n<td>600<\/td>\n<td>A<\/td>\n<\/tr>\n<tr>\n<td>Corriente m\u00e1xima de colector<\/td>\n<td>ICM<\/td>\n<td>tp=1ms<\/td>\n<td>1200<\/td>\n<td>A<\/td>\n<\/tr>\n<tr>\n<td>Tensi\u00f3n m\u00e1xima de pico puerta-emisor<\/td>\n<td>VGES<\/td>\n<td><\/td>\n<td>\u00b120<\/td>\n<td>V<\/td>\n<\/tr>\n<tr>\n<td>Disipaci\u00f3n total de potencia<\/td>\n<td>Ptot<\/td>\n<td>Tc=25\u00b0\u2103, Tvj, m\u00e1x=175\u2103<\/td>\n<td>3950<\/td>\n<td>W<\/td>\n<\/tr>\n<tr>\n<td>Voltaje de inversi\u00f3n m\u00e1xima repetitiva<\/td>\n<td>VRRM<\/td>\n<td>Tvj=25\u2103<\/td>\n<td>1200<\/td>\n<td>V<\/td>\n<\/tr>\n<tr>\n<td>Corriente continua de avance<\/td>\n<td>IF<\/td>\n<td><\/td>\n<td>600<\/td>\n<td>A<\/td>\n<\/tr>\n<tr>\n<td>Corriente de avance m\u00e1xima repetitiva<\/td>\n<td>IFRM<\/td>\n<td>tp=1ms<\/td>\n<td>1200<\/td>\n<td>A<\/td>\n<\/tr>\n<tr>\n<td>Valor Rt<\/td>\n<td>12t<\/td>\n<td>VR=0V, tp=10ms, Tv=125\u2103<\/td>\n<td>51000<\/td>\n<td>A2s<\/td>\n<\/tr>\n<tr>\n<td>Tiempo de resistencia a cortocircuito del IGBT<\/td>\n<td>tpsc<\/td>\n<td><\/td>\n<td>10<\/td>\n<td>\u03bcs<\/td>\n<\/tr>\n<tr>\n<td>Temperatura m\u00e1xima de uni\u00f3n<\/td>\n<td>Tvjmax<\/td>\n<td><\/td>\n<td>175<\/td>\n<td>\u2103<\/td>\n<\/tr>\n<tr>\n<td>Temperatura de uni\u00f3n de funcionamiento<\/td>\n<td>Tvjop<\/td>\n<td><\/td>\n<td>-40~150<\/td>\n<td>\u2103<\/td>\n<\/tr>\n<tr>\n<td>Temperatura de almacenamiento<\/td>\n<td>Tst<\/td>\n<td><\/td>\n<td>-40~125<\/td>\n<td>\u2103<\/td>\n<\/tr>\n<\/tbody>\n<\/table>\n<\/div>","protected":false},"excerpt":{"rendered":"<ul>\n<li>Estructura de canaleta y paro de campo de 1200V para mayor eficiencia<\/li>\n<li>Alta capacidad de cortocircuito con tiempo de resistencia de 10\u03bcs<\/li>\n<li>Bajas p\u00e9rdidas de conmutaci\u00f3n para reducir el consumo de energ\u00eda<\/li>\n<li>Alta fiabilidad y coeficiente de temperatura positivo<\/li>\n<li>NTC integrado para una monitorizaci\u00f3n precisa de la temperatura<\/li>\n<\/ul>","protected":false},"featured_media":3475,"comment_status":"closed","ping_status":"closed","template":"","meta":{"_acf_changed":false},"product_brand":[],"product_cat":[25],"product_tag":[],"class_list":{"0":"post-3448","1":"product","2":"type-product","3":"status-publish","4":"has-post-thumbnail","6":"product_cat-igbt-module","8":"first","9":"instock","10":"shipping-taxable","11":"product-type-variable","12":"has-default-attributes"},"acf":[],"_links":{"self":[{"href":"https:\/\/www.hiitiosemi.com\/es\/wp-json\/wp\/v2\/product\/3448","targetHints":{"allow":["GET"]}}],"collection":[{"href":"https:\/\/www.hiitiosemi.com\/es\/wp-json\/wp\/v2\/product"}],"about":[{"href":"https:\/\/www.hiitiosemi.com\/es\/wp-json\/wp\/v2\/types\/product"}],"replies":[{"embeddable":true,"href":"https:\/\/www.hiitiosemi.com\/es\/wp-json\/wp\/v2\/comments?post=3448"}],"wp:featuredmedia":[{"embeddable":true,"href":"https:\/\/www.hiitiosemi.com\/es\/wp-json\/wp\/v2\/media\/3475"}],"wp:attachment":[{"href":"https:\/\/www.hiitiosemi.com\/es\/wp-json\/wp\/v2\/media?parent=3448"}],"wp:term":[{"taxonomy":"product_brand","embeddable":true,"href":"https:\/\/www.hiitiosemi.com\/es\/wp-json\/wp\/v2\/product_brand?post=3448"},{"taxonomy":"product_cat","embeddable":true,"href":"https:\/\/www.hiitiosemi.com\/es\/wp-json\/wp\/v2\/product_cat?post=3448"},{"taxonomy":"product_tag","embeddable":true,"href":"https:\/\/www.hiitiosemi.com\/es\/wp-json\/wp\/v2\/product_tag?post=3448"}],"curies":[{"name":"wp","href":"https:\/\/api.w.org\/{rel}","templated":true}]}}