{"id":3447,"date":"2025-11-07T07:10:27","date_gmt":"2025-11-07T07:10:27","guid":{"rendered":"https:\/\/www.hiitiosemi.com\/?post_type=product&#038;p=3447"},"modified":"2025-11-11T09:41:19","modified_gmt":"2025-11-11T09:41:19","slug":"1200v-450a-igbt-module-a3-package-with-fwd-and-ntc","status":"publish","type":"product","link":"https:\/\/www.hiitiosemi.com\/es\/product\/1200v-450a-igbt-module-a3-package-with-fwd-and-ntc\/","title":{"rendered":"M\u00f3dulo IGBT de 1200V 450A, Paquete A3, con FWD y NTC"},"content":{"rendered":"<p>de HIITIO es un semiconductor de potencia de alto rendimiento de 1200V, 450A en un paquete A3. Integra un diodo de recuperaci\u00f3n (FWD) y un termistor NTC para una monitorizaci\u00f3n t\u00e9rmica y protecci\u00f3n mejoradas. Con bajas p\u00e9rdidas de conmutaci\u00f3n, alta densidad de potencia y un coeficiente de temperatura positivo, este m\u00f3dulo est\u00e1 dise\u00f1ado para aplicaciones exigentes de electr\u00f3nica de potencia.<\/p>\n<h2>Clasificaciones m\u00e1ximas<\/h2>\n<div class=\"tg-wrap\">\n<table style=\"undefined;table-layout: fixed; width: 416px;\">\n<colgroup>\n<col style=\"width: 205.393939px;\" \/>\n<col style=\"width: 76.393939px;\" \/>\n<col style=\"width: 71.393939px;\" \/>\n<col style=\"width: 62.393939px;\" \/> <\/colgroup>\n<thead>\n<tr>\n<th>Par\u00e1metro<\/th>\n<th>S\u00edmbolo<\/th>\n<th>Valor<\/th>\n<th>Unidad<\/th>\n<\/tr>\n<\/thead>\n<tbody>\n<tr>\n<td>Temperatura m\u00e1xima de uni\u00f3n<\/td>\n<td>Tvjmax<\/td>\n<td>175<\/td>\n<td>\u2103<\/td>\n<\/tr>\n<tr>\n<td>Temperatura de uni\u00f3n de funcionamiento<\/td>\n<td>Tvjop<\/td>\n<td>-40~150<\/td>\n<td>\u2103<\/td>\n<\/tr>\n<tr>\n<td>Temperatura de almacenamiento<\/td>\n<td>Tstg<\/td>\n<td>-40~125<\/td>\n<td>\u2103<\/td>\n<\/tr>\n<\/tbody>\n<\/table>\n<\/div>","protected":false},"excerpt":{"rendered":"<ul>\n<li data-start=\"581\" data-end=\"603\">Voltaje nominal: 1200V<\/li>\n<li data-start=\"606\" data-end=\"645\">Corriente nominal: 450A (DC)<\/li>\n<li data-start=\"648\" data-end=\"685\">Paquete: A3 con FWD y NTC integrados<\/li>\n<li data-start=\"688\" data-end=\"733\">Bajas p\u00e9rdidas de conmutaci\u00f3n y alta densidad de potencia<\/li>\n<li data-start=\"736\" data-end=\"772\">Temperatura m\u00e1xima de uni\u00f3n: 175\u2103<\/li>\n<li data-start=\"775\" data-end=\"810\">Temperatura de almacenamiento: -40\u2103 a 125\u2103<\/li>\n<\/ul>","protected":false},"featured_media":3474,"comment_status":"closed","ping_status":"closed","template":"","meta":{"_acf_changed":false},"product_brand":[],"product_cat":[25],"product_tag":[],"class_list":{"0":"post-3447","1":"product","2":"type-product","3":"status-publish","4":"has-post-thumbnail","6":"product_cat-igbt-module","8":"first","9":"instock","10":"shipping-taxable","11":"product-type-variable","12":"has-default-attributes"},"acf":[],"_links":{"self":[{"href":"https:\/\/www.hiitiosemi.com\/es\/wp-json\/wp\/v2\/product\/3447","targetHints":{"allow":["GET"]}}],"collection":[{"href":"https:\/\/www.hiitiosemi.com\/es\/wp-json\/wp\/v2\/product"}],"about":[{"href":"https:\/\/www.hiitiosemi.com\/es\/wp-json\/wp\/v2\/types\/product"}],"replies":[{"embeddable":true,"href":"https:\/\/www.hiitiosemi.com\/es\/wp-json\/wp\/v2\/comments?post=3447"}],"wp:featuredmedia":[{"embeddable":true,"href":"https:\/\/www.hiitiosemi.com\/es\/wp-json\/wp\/v2\/media\/3474"}],"wp:attachment":[{"href":"https:\/\/www.hiitiosemi.com\/es\/wp-json\/wp\/v2\/media?parent=3447"}],"wp:term":[{"taxonomy":"product_brand","embeddable":true,"href":"https:\/\/www.hiitiosemi.com\/es\/wp-json\/wp\/v2\/product_brand?post=3447"},{"taxonomy":"product_cat","embeddable":true,"href":"https:\/\/www.hiitiosemi.com\/es\/wp-json\/wp\/v2\/product_cat?post=3447"},{"taxonomy":"product_tag","embeddable":true,"href":"https:\/\/www.hiitiosemi.com\/es\/wp-json\/wp\/v2\/product_tag?post=3447"}],"curies":[{"name":"wp","href":"https:\/\/api.w.org\/{rel}","templated":true}]}}