{"id":3430,"date":"2025-11-07T07:10:05","date_gmt":"2025-11-07T07:10:05","guid":{"rendered":"https:\/\/www.hiitiosemi.com\/?post_type=product&#038;p=3430"},"modified":"2025-11-11T09:46:11","modified_gmt":"2025-11-11T09:46:11","slug":"1200v-450a-lgbt-module-e6-package-with-fwd-and-ntc","status":"publish","type":"product","link":"https:\/\/www.hiitiosemi.com\/es\/product\/1200v-450a-lgbt-module-e6-package-with-fwd-and-ntc\/","title":{"rendered":"M\u00f3dulo IGBT de 1200V 450A, paquete E6, con FWD y NTC"},"content":{"rendered":"<p>El <strong data-start=\"183\" data-end=\"214\">M\u00f3dulo IGBT HCG450FH120D3K4<\/strong> de HIITIO es un dispositivo semiconductor de potencia de alto rendimiento de 1200V, 450A en paquete E6. Con baja p\u00e9rdida de conmutaci\u00f3n, alta fiabilidad y coeficiente de temperatura positivo, este m\u00f3dulo integra un diodo de recuperaci\u00f3n (FWD) y un NTC para una monitorizaci\u00f3n t\u00e9rmica eficiente.<\/p>\n<h2>Clasificaciones m\u00e1ximas<\/h2>\n<table class=\"product-specs\" border=\"1\" cellspacing=\"0\" cellpadding=\"6\">\n<thead>\n<tr>\n<th>Par\u00e1metro<\/th>\n<th>S\u00edmbolo<\/th>\n<th>Valor<\/th>\n<th>Unidad<\/th>\n<\/tr>\n<\/thead>\n<tbody>\n<tr>\n<td>Voltaje colector-emisor<\/td>\n<td>VCE(S)<\/td>\n<td>1200<\/td>\n<td>V<\/td>\n<\/tr>\n<tr>\n<td>Corriente de colector en CC, Tc=100\u2103<\/td>\n<td>Ic<\/td>\n<td>450<\/td>\n<td>A<\/td>\n<\/tr>\n<tr>\n<td>Corriente m\u00e1xima de colector, tp=1ms<\/td>\n<td>ICM<\/td>\n<td>900<\/td>\n<td>A<\/td>\n<\/tr>\n<tr>\n<td>Voltaje puerta-emisor<\/td>\n<td>VGES<\/td>\n<td>\u00b120<\/td>\n<td>V<\/td>\n<\/tr>\n<tr>\n<td>Corriente directa del diodo<\/td>\n<td>IF<\/td>\n<td>450<\/td>\n<td>A<\/td>\n<\/tr>\n<tr>\n<td>Corriente m\u00e1xima de avance del diodo, tp=1ms<\/td>\n<td>IFRM<\/td>\n<td>900<\/td>\n<td>A<\/td>\n<\/tr>\n<tr>\n<td>Disipaci\u00f3n m\u00e1xima de potencia del IGBT<\/td>\n<td>PD<\/td>\n<td>2080<\/td>\n<td>W<\/td>\n<\/tr>\n<tr>\n<td>Tiempo de resistencia a cortocircuito del IGBT<\/td>\n<td>tsc<\/td>\n<td>10<\/td>\n<td>\u03bcs<\/td>\n<\/tr>\n<tr>\n<td>Temperatura m\u00e1xima de uni\u00f3n<\/td>\n<td>Tvj, m\u00e1x<\/td>\n<td>175<\/td>\n<td>\u2103<\/td>\n<\/tr>\n<tr>\n<td>Temperatura de uni\u00f3n de funcionamiento<\/td>\n<td>Tvj, op<\/td>\n<td>-40~150<\/td>\n<td>\u2103<\/td>\n<\/tr>\n<tr>\n<td>Rango de temperatura de almacenamiento<\/td>\n<td>Tstg<\/td>\n<td>-40~125<\/td>\n<td>\u2103<\/td>\n<\/tr>\n<\/tbody>\n<\/table>\n<p>&nbsp;<\/p>","protected":false},"excerpt":{"rendered":"<ul>\n<li>Estructura de canal\u00f3n y paro de campo de 1200V<\/li>\n<li>Alta capacidad de cortocircuito<\/li>\n<li>Baja p\u00e9rdida de conmutaci\u00f3n<\/li>\n<li>Alta fiabilidad<\/li>\n<li>Coeficiente de temperatura positivo<\/li>\n<\/ul>","protected":false},"featured_media":3472,"comment_status":"closed","ping_status":"closed","template":"","meta":{"_acf_changed":false},"product_brand":[],"product_cat":[25],"product_tag":[],"class_list":{"0":"post-3430","1":"product","2":"type-product","3":"status-publish","4":"has-post-thumbnail","6":"product_cat-igbt-module","8":"first","9":"instock","10":"shipping-taxable","11":"product-type-variable","12":"has-default-attributes"},"acf":[],"_links":{"self":[{"href":"https:\/\/www.hiitiosemi.com\/es\/wp-json\/wp\/v2\/product\/3430","targetHints":{"allow":["GET"]}}],"collection":[{"href":"https:\/\/www.hiitiosemi.com\/es\/wp-json\/wp\/v2\/product"}],"about":[{"href":"https:\/\/www.hiitiosemi.com\/es\/wp-json\/wp\/v2\/types\/product"}],"replies":[{"embeddable":true,"href":"https:\/\/www.hiitiosemi.com\/es\/wp-json\/wp\/v2\/comments?post=3430"}],"wp:featuredmedia":[{"embeddable":true,"href":"https:\/\/www.hiitiosemi.com\/es\/wp-json\/wp\/v2\/media\/3472"}],"wp:attachment":[{"href":"https:\/\/www.hiitiosemi.com\/es\/wp-json\/wp\/v2\/media?parent=3430"}],"wp:term":[{"taxonomy":"product_brand","embeddable":true,"href":"https:\/\/www.hiitiosemi.com\/es\/wp-json\/wp\/v2\/product_brand?post=3430"},{"taxonomy":"product_cat","embeddable":true,"href":"https:\/\/www.hiitiosemi.com\/es\/wp-json\/wp\/v2\/product_cat?post=3430"},{"taxonomy":"product_tag","embeddable":true,"href":"https:\/\/www.hiitiosemi.com\/es\/wp-json\/wp\/v2\/product_tag?post=3430"}],"curies":[{"name":"wp","href":"https:\/\/api.w.org\/{rel}","templated":true}]}}