{"id":3429,"date":"2025-11-07T07:10:05","date_gmt":"2025-11-07T07:10:05","guid":{"rendered":"https:\/\/www.hiitiosemi.com\/?post_type=product&#038;p=3429"},"modified":"2025-11-11T09:46:46","modified_gmt":"2025-11-11T09:46:46","slug":"econo-dual-3h-1200v-900a-igbt-power-module","status":"publish","type":"product","link":"https:\/\/www.hiitiosemi.com\/es\/product\/econo-dual-3h-1200v-900a-igbt-power-module\/","title":{"rendered":"M\u00f3dulo de potencia IGBT Econo Dual 3H 1200V 900A"},"content":{"rendered":"<p>El HCG600FH120D3RB es un m\u00f3dulo IGBT robusto de 1200V\/600A dise\u00f1ado para aplicaciones de electr\u00f3nica de potencia de alta eficiencia. Con tecnolog\u00eda avanzada de canaleta y parada de campo de 1200V, ofrece baja interferencia electromagn\u00e9tica (EMI) y un coeficiente de temperatura positivo de la tensi\u00f3n de saturaci\u00f3n colector-emisor (VCEsat) para garantizar una operaci\u00f3n estable. Este m\u00f3dulo incluye un sensor de temperatura integrado y utiliza un sustrato de Al2O3 de baja resistencia t\u00e9rmica para una disipaci\u00f3n de calor superior y mayor fiabilidad.<\/p>\n<h3 class=\"my-0\"><strong>Caracter\u00edsticas clave:<\/strong><\/h3>\n<ul>\n<li class=\"my-0\">Tecnolog\u00eda de canaleta y parada de campo de 1200V<\/li>\n<li class=\"my-0\">Emisiones de EMI bajas<\/li>\n<li class=\"my-0\">Coeficiente de temperatura positivo de VCEsat<\/li>\n<li class=\"my-0\">Sensor de temperatura integrado para monitoreo<\/li>\n<li class=\"my-0\">Sustrato de Al2O3 de baja resistencia t\u00e9rmica<\/li>\n<li class=\"my-0\">Corriente de colector continua: 900A<\/li>\n<li class=\"my-0\">Temperatura m\u00e1xima de uni\u00f3n: 175\u00b0C<\/li>\n<li class=\"my-0\">Voltaje de prueba de aislamiento: 3kV RMS<\/li>\n<\/ul>","protected":false},"excerpt":{"rendered":"<ul>\n<li>Proceso de canaleta y parada de campo de 1200V<\/li>\n<li>Baja EMI<\/li>\n<li>VCEsat con coeficiente de temperatura positivo<\/li>\n<li>Sensor de temperatura integrado<\/li>\n<li>Sustrato de Al2O3 con baja resistencia t\u00e9rmica<\/li>\n<\/ul>","protected":false},"featured_media":3471,"comment_status":"closed","ping_status":"closed","template":"","meta":{"_acf_changed":false},"product_brand":[],"product_cat":[25],"product_tag":[],"class_list":{"0":"post-3429","1":"product","2":"type-product","3":"status-publish","4":"has-post-thumbnail","6":"product_cat-igbt-module","8":"first","9":"instock","10":"shipping-taxable","11":"product-type-variable","12":"has-default-attributes"},"acf":[],"_links":{"self":[{"href":"https:\/\/www.hiitiosemi.com\/es\/wp-json\/wp\/v2\/product\/3429","targetHints":{"allow":["GET"]}}],"collection":[{"href":"https:\/\/www.hiitiosemi.com\/es\/wp-json\/wp\/v2\/product"}],"about":[{"href":"https:\/\/www.hiitiosemi.com\/es\/wp-json\/wp\/v2\/types\/product"}],"replies":[{"embeddable":true,"href":"https:\/\/www.hiitiosemi.com\/es\/wp-json\/wp\/v2\/comments?post=3429"}],"wp:featuredmedia":[{"embeddable":true,"href":"https:\/\/www.hiitiosemi.com\/es\/wp-json\/wp\/v2\/media\/3471"}],"wp:attachment":[{"href":"https:\/\/www.hiitiosemi.com\/es\/wp-json\/wp\/v2\/media?parent=3429"}],"wp:term":[{"taxonomy":"product_brand","embeddable":true,"href":"https:\/\/www.hiitiosemi.com\/es\/wp-json\/wp\/v2\/product_brand?post=3429"},{"taxonomy":"product_cat","embeddable":true,"href":"https:\/\/www.hiitiosemi.com\/es\/wp-json\/wp\/v2\/product_cat?post=3429"},{"taxonomy":"product_tag","embeddable":true,"href":"https:\/\/www.hiitiosemi.com\/es\/wp-json\/wp\/v2\/product_tag?post=3429"}],"curies":[{"name":"wp","href":"https:\/\/api.w.org\/{rel}","templated":true}]}}