{"id":3426,"date":"2025-11-07T07:10:05","date_gmt":"2025-11-07T07:10:05","guid":{"rendered":"https:\/\/www.hiitiosemi.com\/?post_type=product&#038;p=3426"},"modified":"2025-11-11T09:50:25","modified_gmt":"2025-11-11T09:50:25","slug":"1200v-500a-easy-3b-igbt-power-module","status":"publish","type":"product","link":"https:\/\/www.hiitiosemi.com\/es\/product\/1200v-500a-easy-3b-igbt-power-module\/","title":{"rendered":"M\u00f3dulo de potencia IGBT Easy 3B de 1200 V 500 A"},"content":{"rendered":"<p>El\u00a0<strong>HCG500FL120E3TM<\/strong>\u00a0es un m\u00f3dulo IGBT de 1200 V 500 A de alto rendimiento de Zhejiang HIIITIO New Energy Co., Ltd., dise\u00f1ado para aplicaciones de inversor NPC de 3 niveles tipo T. Con tecnolog\u00eda de puerta de trinchera\/parada de campo, ofrece baja V<sub>CEsat<\/sub>, p\u00e9rdidas de conmutaci\u00f3n m\u00ednimas y un dise\u00f1o compacto de baja inductancia. Con un condensador de CC integrado (opcional), Al<sub>2<\/sub>O<sub>3<\/sub>\u00a0sustrato y placa base de cobre, garantiza una excelente gesti\u00f3n t\u00e9rmica y fiabilidad para sistemas de alta potencia.<\/p>\n<h3>Caracter\u00edsticas clave:<\/h3>\n<ul>\n<li><strong>Topolog\u00eda NPC tipo T de 1200 V<\/strong>: Optimizado para inversores de alta potencia.<\/li>\n<li><strong>V bajos<sub>CEsat<\/sub>\u00a0y p\u00e9rdidas de conmutaci\u00f3n<\/strong>: Mejora la eficiencia en operaciones de alta frecuencia.<\/li>\n<li><strong>Condensador de CC integrado (opcional)<\/strong>: Simplifica el dise\u00f1o del sistema.<\/li>\n<li><strong>Al<sub>2<\/sub>O<sub>3<\/sub>\u00a0Sustrato y placa base de cobre<\/strong>: Garantiza una baja resistencia t\u00e9rmica y una disipaci\u00f3n de calor superior.<\/li>\n<li><strong>Dise\u00f1o compacto de baja inductancia<\/strong>: Reduce las EMI y mejora la estabilidad.<\/li>\n<li><strong>Amplias aplicaciones<\/strong>: Ideal para sistemas UPS, solares, APF\/SVG y de 3 niveles.<\/li>\n<\/ul>","protected":false},"excerpt":{"rendered":"<ul>\n<li><strong>Voltaje colector-emisor (V<sub>CES<\/sub>)<\/strong>: 1200 V (T1\/T4), 650 V (T2\/T3)<\/li>\n<li><strong>Corriente de colector en corriente continua (I<sub>CDC<\/sub>)<\/strong>: 324 A (T1\/T4, T2\/T3)<\/li>\n<li><strong>Corriente m\u00e1xima de pico repetitiva del colector (I<sub>CRM<\/sub>)<\/strong>: 1000 A (T1\/T4), 900 A (T2\/T3)<\/li>\n<li><strong>Disipaci\u00f3n total de potencia (P<sub>tot<\/sub>)<\/strong>: 543 W (T1\/T4), 390 W (T2\/T3)<\/li>\n<li><strong>Voltaje puerta-emisor (V<sub>GES<\/sub>)<\/strong>: \u00b120V<\/li>\n<li><strong>Temperatura de uni\u00f3n de funcionamiento (T<sub>j<\/sub>)<\/strong>: Hasta 175\u00b0C<\/li>\n<li><strong>Resistencia t\u00e9rmica (R<sub>thJH<\/sub>)<\/strong>: 0,175 K\/W (T1\/T4), 0,243 K\/W (T2\/T3)<\/li>\n<li><strong>Voltaje de aislamiento (V<sub>aisl<\/sub>)<\/strong>: 3,0 kV (RMS, 50 Hz, 60 s)<\/li>\n<\/ul>","protected":false},"featured_media":3470,"comment_status":"closed","ping_status":"closed","template":"","meta":{"_acf_changed":false},"product_brand":[],"product_cat":[25],"product_tag":[],"class_list":{"0":"post-3426","1":"product","2":"type-product","3":"status-publish","4":"has-post-thumbnail","6":"product_cat-igbt-module","8":"first","9":"instock","10":"shipping-taxable","11":"product-type-variable","12":"has-default-attributes"},"acf":[],"_links":{"self":[{"href":"https:\/\/www.hiitiosemi.com\/es\/wp-json\/wp\/v2\/product\/3426","targetHints":{"allow":["GET"]}}],"collection":[{"href":"https:\/\/www.hiitiosemi.com\/es\/wp-json\/wp\/v2\/product"}],"about":[{"href":"https:\/\/www.hiitiosemi.com\/es\/wp-json\/wp\/v2\/types\/product"}],"replies":[{"embeddable":true,"href":"https:\/\/www.hiitiosemi.com\/es\/wp-json\/wp\/v2\/comments?post=3426"}],"wp:featuredmedia":[{"embeddable":true,"href":"https:\/\/www.hiitiosemi.com\/es\/wp-json\/wp\/v2\/media\/3470"}],"wp:attachment":[{"href":"https:\/\/www.hiitiosemi.com\/es\/wp-json\/wp\/v2\/media?parent=3426"}],"wp:term":[{"taxonomy":"product_brand","embeddable":true,"href":"https:\/\/www.hiitiosemi.com\/es\/wp-json\/wp\/v2\/product_brand?post=3426"},{"taxonomy":"product_cat","embeddable":true,"href":"https:\/\/www.hiitiosemi.com\/es\/wp-json\/wp\/v2\/product_cat?post=3426"},{"taxonomy":"product_tag","embeddable":true,"href":"https:\/\/www.hiitiosemi.com\/es\/wp-json\/wp\/v2\/product_tag?post=3426"}],"curies":[{"name":"wp","href":"https:\/\/api.w.org\/{rel}","templated":true}]}}