{"id":3422,"date":"2025-11-07T07:10:04","date_gmt":"2025-11-07T07:10:04","guid":{"rendered":"https:\/\/www.hiitiosemi.com\/?post_type=product&#038;p=3422"},"modified":"2025-11-11T09:51:34","modified_gmt":"2025-11-11T09:51:34","slug":"650v-450a-easy-3b-igbt-power-module","status":"publish","type":"product","link":"https:\/\/www.hiitiosemi.com\/es\/product\/650v-450a-easy-3b-igbt-power-module\/","title":{"rendered":"M\u00f3dulo de potencia IGBT f\u00e1cil de 650V 450A 3B"},"content":{"rendered":"<p>El\u00a0<strong>HCG450FL065E3FC<\/strong>\u00a0es un m\u00f3dulo IGBT de alto rendimiento de 650V 450A de Zhejiang HIIITIO New Energy Co., Ltd., dise\u00f1ado para aplicaciones de inversores NPC de 3 niveles. Con tecnolog\u00eda de puerta\/trinchera y parada de campo, ofrece baja V<sub>CEsat<\/sub>, bajas p\u00e9rdidas de conmutaci\u00f3n y un coeficiente de temperatura positivo para una eficiencia superior. El m\u00f3dulo incluye un condensador de corriente continua integrado, sustrato de aluminio<sub>2<\/sub>O<sub>3<\/sub>\u00a0para baja resistencia t\u00e9rmica y tecnolog\u00eda de sustrato de cobre para una mejor gesti\u00f3n t\u00e9rmica y fiabilidad.<\/p>\n<h3>Caracter\u00edsticas clave:<\/h3>\n<ul>\n<li><strong>Topolog\u00eda NPC de 3 Niveles de 650V<\/strong>: Optimizado para inversores de alta potencia.<\/li>\n<li><strong>V bajos<sub>CEsat<\/sub>\u00a0y p\u00e9rdidas de conmutaci\u00f3n<\/strong>: Mejora la eficiencia en operaciones de alta frecuencia.<\/li>\n<li><strong>Condensador de corriente continua integrado<\/strong>: Mejora la estabilidad del circuito.<\/li>\n<li><strong>Al<sub>2<\/sub>O<sub>3<\/sub>\u00a0&amp; Sustrato de Cobre<\/strong>: Conductividad t\u00e9rmica y fiabilidad superiores.<\/li>\n<li><strong>Dise\u00f1o de baja inductancia<\/strong>Reduce las interferencias electromagn\u00e9ticas para un rendimiento estable.<\/li>\n<li><strong>Amplias aplicaciones<\/strong>: Adecuado para sistemas PCS, UPS, solares y APF\/SVG.<\/li>\n<\/ul>","protected":false},"excerpt":{"rendered":"<ul>\n<li><strong>Voltaje colector-emisor (V<sub>CES<\/sub>)<\/strong>: 650V<\/li>\n<li><strong>Corriente de colector en corriente continua (I<sub>CDC<\/sub>)<\/strong>: 320A<\/li>\n<li><strong>Corriente m\u00e1xima de pico repetitiva del colector (I<sub>CRM<\/sub>)<\/strong>: 900A<\/li>\n<li><strong>Disipaci\u00f3n total de potencia (P<sub>tot<\/sub>)<\/strong>: 396W<\/li>\n<li><strong>Voltaje puerta-emisor (V<sub>GES<\/sub>)<\/strong>: \u00b120V<\/li>\n<li><strong>Temperatura de uni\u00f3n de funcionamiento (T<sub>j<\/sub>)<\/strong>: Hasta 175\u00b0C<\/li>\n<li><strong>Resistencia t\u00e9rmica (R<sub>thJH<\/sub>)<\/strong>: 0.24 K\/W<\/li>\n<\/ul>","protected":false},"featured_media":3466,"comment_status":"closed","ping_status":"closed","template":"","meta":{"_acf_changed":false},"product_brand":[],"product_cat":[25],"product_tag":[],"class_list":{"0":"post-3422","1":"product","2":"type-product","3":"status-publish","4":"has-post-thumbnail","6":"product_cat-igbt-module","8":"first","9":"instock","10":"shipping-taxable","11":"product-type-variable","12":"has-default-attributes"},"acf":[],"_links":{"self":[{"href":"https:\/\/www.hiitiosemi.com\/es\/wp-json\/wp\/v2\/product\/3422","targetHints":{"allow":["GET"]}}],"collection":[{"href":"https:\/\/www.hiitiosemi.com\/es\/wp-json\/wp\/v2\/product"}],"about":[{"href":"https:\/\/www.hiitiosemi.com\/es\/wp-json\/wp\/v2\/types\/product"}],"replies":[{"embeddable":true,"href":"https:\/\/www.hiitiosemi.com\/es\/wp-json\/wp\/v2\/comments?post=3422"}],"wp:featuredmedia":[{"embeddable":true,"href":"https:\/\/www.hiitiosemi.com\/es\/wp-json\/wp\/v2\/media\/3466"}],"wp:attachment":[{"href":"https:\/\/www.hiitiosemi.com\/es\/wp-json\/wp\/v2\/media?parent=3422"}],"wp:term":[{"taxonomy":"product_brand","embeddable":true,"href":"https:\/\/www.hiitiosemi.com\/es\/wp-json\/wp\/v2\/product_brand?post=3422"},{"taxonomy":"product_cat","embeddable":true,"href":"https:\/\/www.hiitiosemi.com\/es\/wp-json\/wp\/v2\/product_cat?post=3422"},{"taxonomy":"product_tag","embeddable":true,"href":"https:\/\/www.hiitiosemi.com\/es\/wp-json\/wp\/v2\/product_tag?post=3422"}],"curies":[{"name":"wp","href":"https:\/\/api.w.org\/{rel}","templated":true}]}}