{"id":3421,"date":"2025-11-07T07:10:04","date_gmt":"2025-11-07T07:10:04","guid":{"rendered":"https:\/\/www.hiitiosemi.com\/?post_type=product&#038;p=3421"},"modified":"2025-11-11T09:52:38","modified_gmt":"2025-11-11T09:52:38","slug":"650v-375a-easy-3b-igbt-power-module","status":"publish","type":"product","link":"https:\/\/www.hiitiosemi.com\/es\/product\/650v-375a-easy-3b-igbt-power-module\/","title":{"rendered":"M\u00f3dulo de potencia IGBT f\u00e1cil de 650V 375A 3B"},"content":{"rendered":"<p>El\u00a0<strong>HCG375FL065E3RC<\/strong>\u00a0es un m\u00f3dulo IGBT de alta eficiencia de 650V 375A de Zhejiang HIIITIO New Energy Co., Ltd., dise\u00f1ado para aplicaciones de inversores NPC de 3 niveles. Utilizando tecnolog\u00eda avanzada de canal de trincheras\/stop de campo, presenta bajo V<sub>CEsat<\/sub>, bajas p\u00e9rdidas de conmutaci\u00f3n y un coeficiente de temperatura positivo para un rendimiento mejorado. El m\u00f3dulo integra un condensador de corriente continua, sustrato de aluminio<sub>2<\/sub>O<sub>3<\/sub>\u00a0para baja resistencia t\u00e9rmica y tecnolog\u00eda DBC para un disipador de calor aislado, garantizando una excelente gesti\u00f3n t\u00e9rmica y fiabilidad.<\/p>\n<h3>Caracter\u00edsticas clave:<\/h3>\n<ul>\n<li><strong>Topolog\u00eda NPC de 3 Niveles de 650V<\/strong>: Optimizado para inversores de alta potencia.<\/li>\n<li><strong>V bajos<sub>CEsat<\/sub>\u00a0y p\u00e9rdidas de conmutaci\u00f3n<\/strong>: Maximiza la eficiencia en operaciones de alta frecuencia.<\/li>\n<li><strong>Condensador de corriente continua integrado<\/strong>: Mejora la estabilidad del circuito.<\/li>\n<li><strong>Al<sub>2<\/sub>O<sub>3<\/sub>\u00a0Sustrato y tecnolog\u00eda DBC<\/strong>: Conductividad t\u00e9rmica superior y aislamiento.<\/li>\n<li><strong>Dise\u00f1o de baja inductancia<\/strong>: Minimiza EMI para una operaci\u00f3n estable.<\/li>\n<li><strong>Amplias aplicaciones<\/strong>: Adecuado para sistemas PCS, UPS, solares y APF\/SVG.<\/li>\n<\/ul>","protected":false},"excerpt":{"rendered":"<ul>\n<li><strong>Voltaje colector-emisor (V<sub>CES<\/sub>)<\/strong>: 650V<\/li>\n<li><strong>Corriente de colector en corriente continua (I<sub>CDC<\/sub>)<\/strong>: 285A<\/li>\n<li><strong>Corriente m\u00e1xima de pico repetitiva del colector (I<sub>CRM<\/sub>)<\/strong>: 750A<\/li>\n<li><strong>Disipaci\u00f3n total de potencia (P<sub>tot<\/sub>)<\/strong>: 380W<\/li>\n<li><strong>Voltaje puerta-emisor (V<sub>GES<\/sub>)<\/strong>: \u00b120V<\/li>\n<li><strong>Temperatura de uni\u00f3n de funcionamiento (T<sub>j<\/sub>)<\/strong>: Hasta 175\u00b0C<\/li>\n<li><strong>Voltaje de aislamiento (V<sub>aisl<\/sub>)<\/strong>: 3.0kV RMS<\/li>\n<\/ul>","protected":false},"featured_media":3465,"comment_status":"closed","ping_status":"closed","template":"","meta":{"_acf_changed":false},"product_brand":[],"product_cat":[25],"product_tag":[],"class_list":{"0":"post-3421","1":"product","2":"type-product","3":"status-publish","4":"has-post-thumbnail","6":"product_cat-igbt-module","8":"first","9":"instock","10":"shipping-taxable","11":"product-type-variable","12":"has-default-attributes"},"acf":[],"_links":{"self":[{"href":"https:\/\/www.hiitiosemi.com\/es\/wp-json\/wp\/v2\/product\/3421","targetHints":{"allow":["GET"]}}],"collection":[{"href":"https:\/\/www.hiitiosemi.com\/es\/wp-json\/wp\/v2\/product"}],"about":[{"href":"https:\/\/www.hiitiosemi.com\/es\/wp-json\/wp\/v2\/types\/product"}],"replies":[{"embeddable":true,"href":"https:\/\/www.hiitiosemi.com\/es\/wp-json\/wp\/v2\/comments?post=3421"}],"wp:featuredmedia":[{"embeddable":true,"href":"https:\/\/www.hiitiosemi.com\/es\/wp-json\/wp\/v2\/media\/3465"}],"wp:attachment":[{"href":"https:\/\/www.hiitiosemi.com\/es\/wp-json\/wp\/v2\/media?parent=3421"}],"wp:term":[{"taxonomy":"product_brand","embeddable":true,"href":"https:\/\/www.hiitiosemi.com\/es\/wp-json\/wp\/v2\/product_brand?post=3421"},{"taxonomy":"product_cat","embeddable":true,"href":"https:\/\/www.hiitiosemi.com\/es\/wp-json\/wp\/v2\/product_cat?post=3421"},{"taxonomy":"product_tag","embeddable":true,"href":"https:\/\/www.hiitiosemi.com\/es\/wp-json\/wp\/v2\/product_tag?post=3421"}],"curies":[{"name":"wp","href":"https:\/\/api.w.org\/{rel}","templated":true}]}}