{"id":3420,"date":"2025-11-07T07:10:04","date_gmt":"2025-11-07T07:10:04","guid":{"rendered":"https:\/\/www.hiitiosemi.com\/?post_type=product&#038;p=3420"},"modified":"2025-11-11T09:54:46","modified_gmt":"2025-11-11T09:54:46","slug":"1200v-300a-easy-3b-igbt-power-module","status":"publish","type":"product","link":"https:\/\/www.hiitiosemi.com\/es\/product\/1200v-300a-easy-3b-igbt-power-module\/","title":{"rendered":"M\u00f3dulo de potencia IGBT f\u00e1cil 3B 1200V 300A"},"content":{"rendered":"<p>El\u00a0<strong>HCG300FL120E3RA<\/strong>\u00a0es un m\u00f3dulo IGBT de alto rendimiento de 1200V 300A de Zhejiang HIIITIO New Energy Co., Ltd., dise\u00f1ado para aplicaciones avanzadas de inversores NPC de 3 niveles. Con un dise\u00f1o de baja inductancia, bajo V<sub>CEsat<\/sub>, y p\u00e9rdidas de conmutaci\u00f3n m\u00ednimas, garantiza una alta eficiencia y fiabilidad. La placa base de cobre del m\u00f3dulo y Al<sub>2<\/sub>O<sub>3<\/sub>\u00a0El sustrato proporciona una excelente gesti\u00f3n t\u00e9rmica, mientras que su dise\u00f1o compacto simplifica la instalaci\u00f3n.<\/p>\n<h3>Caracter\u00edsticas clave:<\/h3>\n<ul>\n<li><strong>Topolog\u00eda NPC de 3 niveles y 1200 V<\/strong>Optimizado para sistemas de inversores de alta potencia.<\/li>\n<li><strong>V bajos<sub>CEsat<\/sub>\u00a0y p\u00e9rdidas de conmutaci\u00f3n<\/strong>Mejora la eficiencia en aplicaciones de alta frecuencia.<\/li>\n<li><strong>Placa base de cobre y Al<sub>2<\/sub>O<sub>3<\/sub>\u00a0Sustrato<\/strong>Conductividad t\u00e9rmica superior.<\/li>\n<li><strong>Dise\u00f1o de baja inductancia<\/strong>Reduce las interferencias electromagn\u00e9ticas para un rendimiento estable.<\/li>\n<li><strong>Termistor NTC integrado<\/strong>Monitoreo de temperatura preciso.<\/li>\n<li><strong>Amplias aplicaciones<\/strong>: Adecuado para PCS, UPS, sistemas solares y APF\/SVG.<\/li>\n<\/ul>","protected":false},"excerpt":{"rendered":"<ul>\n<li><strong>Voltaje colector-emisor (V<sub>CES<\/sub>)<\/strong>: 1200V<\/li>\n<li><strong>Corriente de colector en corriente continua (I<sub>CDC<\/sub>)<\/strong>: 228A<\/li>\n<li><strong>Corriente m\u00e1xima de pico repetitiva del colector (I<sub>CRM<\/sub>)<\/strong>: 600A<\/li>\n<li><strong>Disipaci\u00f3n total de potencia (P<sub>tot<\/sub>)<\/strong>: 475W<\/li>\n<li><strong>Voltaje puerta-emisor (V<sub>GES<\/sub>)<\/strong>: \u00b120V<\/li>\n<li><strong>Temperatura de uni\u00f3n de funcionamiento (T<sub>j<\/sub>)<\/strong>: Hasta 175\u00b0C<\/li>\n<li><strong>Voltaje de aislamiento (V<sub>aisl<\/sub>)<\/strong>: 3.0kV RMS<\/li>\n<\/ul>","protected":false},"featured_media":3445,"comment_status":"closed","ping_status":"closed","template":"","meta":{"_acf_changed":false},"product_brand":[],"product_cat":[25],"product_tag":[],"class_list":{"0":"post-3420","1":"product","2":"type-product","3":"status-publish","4":"has-post-thumbnail","6":"product_cat-igbt-module","8":"first","9":"instock","10":"shipping-taxable","11":"product-type-variable","12":"has-default-attributes"},"acf":[],"_links":{"self":[{"href":"https:\/\/www.hiitiosemi.com\/es\/wp-json\/wp\/v2\/product\/3420","targetHints":{"allow":["GET"]}}],"collection":[{"href":"https:\/\/www.hiitiosemi.com\/es\/wp-json\/wp\/v2\/product"}],"about":[{"href":"https:\/\/www.hiitiosemi.com\/es\/wp-json\/wp\/v2\/types\/product"}],"replies":[{"embeddable":true,"href":"https:\/\/www.hiitiosemi.com\/es\/wp-json\/wp\/v2\/comments?post=3420"}],"wp:featuredmedia":[{"embeddable":true,"href":"https:\/\/www.hiitiosemi.com\/es\/wp-json\/wp\/v2\/media\/3445"}],"wp:attachment":[{"href":"https:\/\/www.hiitiosemi.com\/es\/wp-json\/wp\/v2\/media?parent=3420"}],"wp:term":[{"taxonomy":"product_brand","embeddable":true,"href":"https:\/\/www.hiitiosemi.com\/es\/wp-json\/wp\/v2\/product_brand?post=3420"},{"taxonomy":"product_cat","embeddable":true,"href":"https:\/\/www.hiitiosemi.com\/es\/wp-json\/wp\/v2\/product_cat?post=3420"},{"taxonomy":"product_tag","embeddable":true,"href":"https:\/\/www.hiitiosemi.com\/es\/wp-json\/wp\/v2\/product_tag?post=3420"}],"curies":[{"name":"wp","href":"https:\/\/api.w.org\/{rel}","templated":true}]}}