{"id":3417,"date":"2025-11-07T07:10:04","date_gmt":"2025-11-07T07:10:04","guid":{"rendered":"https:\/\/www.hiitiosemi.com\/?post_type=product&#038;p=3417"},"modified":"2025-11-07T07:11:02","modified_gmt":"2025-11-07T07:11:02","slug":"650v-100a-igbt-power-2","status":"publish","type":"product","link":"https:\/\/www.hiitiosemi.com\/es\/product\/650v-100a-igbt-power-2\/","title":{"rendered":"Potencia IGBT de 650V 100A"},"content":{"rendered":"<p>El\u00a0<strong>HCG100FL065E2RB<\/strong>\u00a0es un m\u00f3dulo IGBT de alto rendimiento de 650V y 100A dise\u00f1ado para aplicaciones avanzadas de electr\u00f3nica de potencia. Dise\u00f1ado por Zhejiang HIIITIO New Energy Co., Ltd., este m\u00f3dulo aprovecha un proceso de Canal Trinchera\/Parada de Campo de 650V para ofrecer baja EMI, p\u00e9rdidas de conmutaci\u00f3n reducidas y un coeficiente de temperatura positivo para V<sub>CEsat<\/sub>. Su dise\u00f1o compacto, con un sustrato de Al<sub>2<\/sub>O<sub>3<\/sub>\u00a0con baja resistencia t\u00e9rmica, garantiza una disipaci\u00f3n eficiente del calor y un rendimiento fiable en condiciones exigentes.<\/p>\n<h3>Caracter\u00edsticas clave:<\/h3>\n<ul>\n<li><strong>Tecnolog\u00eda de Canal Trinchera\/Parada de Campo de 650V:<\/strong> Optimizada para baja EMI y alta eficiencia.<\/li>\n<li><strong>Bajas p\u00e9rdidas de conmutaci\u00f3n:<\/strong> Mejora la eficiencia energ\u00e9tica en aplicaciones de alta frecuencia.<\/li>\n<li><strong>Coeficiente de Temperatura VCEsat Positivo:<\/strong> Garantiza un rendimiento estable en diferentes rangos de temperatura.<\/li>\n<li><strong>Sustrato de Al2O3:<\/strong> Proporciona baja resistencia t\u00e9rmica para una gesti\u00f3n t\u00e9rmica superior.<\/li>\n<li><strong>Dise\u00f1o compacto y robusto:<\/strong> Abrazaderas de montaje integradas para una instalaci\u00f3n f\u00e1cil y segura.<\/li>\n<li><strong>Amplio rango de aplicaciones:<\/strong> Adecuado para sistemas de 3 niveles, PCS, UPS y m\u00e1s.<\/li>\n<\/ul>","protected":false},"excerpt":{"rendered":"<ul>\n<li><strong>Voltaje colector-emisor (V<sub>CES<\/sub>)<\/strong>: 650V<\/li>\n<li><strong>Corriente de colector en corriente continua (I<sub>CN<\/sub>)<\/strong>: 100A<\/li>\n<li><strong>Corriente m\u00e1xima de pico repetitiva del colector (I<sub>CRM<\/sub>)<\/strong>: 200A<\/li>\n<li><strong>Disipaci\u00f3n de potencia (P<sub>tot<\/sub>)<\/strong>: 135W<\/li>\n<li><strong>Voltaje puerta-emisor (V<sub>GES<\/sub>)<\/strong>: \u00b120V<\/li>\n<li><strong>Temperatura de uni\u00f3n de funcionamiento (T<sub>j<\/sub>)<\/strong>: Hasta 175\u00b0C<\/li>\n<\/ul>","protected":false},"featured_media":3443,"comment_status":"closed","ping_status":"closed","template":"","meta":{"_acf_changed":false},"product_brand":[],"product_cat":[25],"product_tag":[],"class_list":{"0":"post-3417","1":"product","2":"type-product","3":"status-publish","4":"has-post-thumbnail","6":"product_cat-igbt-module","8":"first","9":"instock","10":"shipping-taxable","11":"product-type-variable","12":"has-default-attributes"},"acf":[],"_links":{"self":[{"href":"https:\/\/www.hiitiosemi.com\/es\/wp-json\/wp\/v2\/product\/3417","targetHints":{"allow":["GET"]}}],"collection":[{"href":"https:\/\/www.hiitiosemi.com\/es\/wp-json\/wp\/v2\/product"}],"about":[{"href":"https:\/\/www.hiitiosemi.com\/es\/wp-json\/wp\/v2\/types\/product"}],"replies":[{"embeddable":true,"href":"https:\/\/www.hiitiosemi.com\/es\/wp-json\/wp\/v2\/comments?post=3417"}],"wp:featuredmedia":[{"embeddable":true,"href":"https:\/\/www.hiitiosemi.com\/es\/wp-json\/wp\/v2\/media\/3443"}],"wp:attachment":[{"href":"https:\/\/www.hiitiosemi.com\/es\/wp-json\/wp\/v2\/media?parent=3417"}],"wp:term":[{"taxonomy":"product_brand","embeddable":true,"href":"https:\/\/www.hiitiosemi.com\/es\/wp-json\/wp\/v2\/product_brand?post=3417"},{"taxonomy":"product_cat","embeddable":true,"href":"https:\/\/www.hiitiosemi.com\/es\/wp-json\/wp\/v2\/product_cat?post=3417"},{"taxonomy":"product_tag","embeddable":true,"href":"https:\/\/www.hiitiosemi.com\/es\/wp-json\/wp\/v2\/product_tag?post=3417"}],"curies":[{"name":"wp","href":"https:\/\/api.w.org\/{rel}","templated":true}]}}