{"id":3416,"date":"2025-11-07T07:10:04","date_gmt":"2025-11-07T07:10:04","guid":{"rendered":"https:\/\/www.hiitiosemi.com\/?post_type=product&#038;p=3416"},"modified":"2025-11-07T07:11:02","modified_gmt":"2025-11-07T07:11:02","slug":"62mm-1200v-400a-igbt-power-module","status":"publish","type":"product","link":"https:\/\/www.hiitiosemi.com\/es\/product\/62mm-1200v-400a-igbt-power-module\/","title":{"rendered":"M\u00f3dulo de potencia IGBT de 62mm 1200V 400A"},"content":{"rendered":"<p>El HCG400FH120A2RB es un m\u00f3dulo de transistor bipolar de puerta aislada (IGBT) de alto rendimiento dise\u00f1ado para aplicaciones exigentes que requieren fiabilidad y eficiencia. Con una tensi\u00f3n colector-emisor de 1200V y una corriente continua de colector de 400A, este m\u00f3dulo ofrece un rendimiento excepcional en diversos sistemas de conversi\u00f3n de energ\u00eda.<\/p>\n<p><strong>Caracter\u00edsticas clave:<\/strong><\/p>\n<ul>\n<li><strong>Clasificaci\u00f3n de voltaje y corriente:<\/strong> Tensi\u00f3n colector-emisor de 1200V, corriente continua de colector de 400A, corriente m\u00e1xima de 800A.<\/li>\n<li><strong>Bajas p\u00e9rdidas de conmutaci\u00f3n:<\/strong> Dise\u00f1ado para minimizar las p\u00e9rdidas de energ\u00eda durante su funcionamiento.<\/li>\n<li><strong>Alta capacidad de cortocircuito:<\/strong> Soporta hasta 10\u03bcs de protecci\u00f3n contra cortocircuitos, ideal para accionamientos de motores, inversores y aplicaciones de energ\u00eda renovable.<\/li>\n<li><strong>Aplicaciones vers\u00e1tiles:<\/strong> Perfecto para accionamientos de motores, convertidores de alta potencia, sistemas fotovoltaicos, UPS y m\u00e1quinas de soldar.<\/li>\n<li><strong>Eficiencia t\u00e9rmica:<\/strong> Baja resistencia t\u00e9rmica (uni\u00f3n a disipador de calor: 0.064 K\/W) que garantiza una disipaci\u00f3n efectiva del calor, manteniendo la fiabilidad del sistema.<\/li>\n<\/ul>","protected":false},"excerpt":{"rendered":"<ul>\n<li data-start=\"42\" data-end=\"82\">Proceso de canaleta y parada de campo de 1200V<\/li>\n<li data-start=\"85\" data-end=\"96\">Baja EMI<\/li>\n<li data-start=\"99\" data-end=\"147\">VCEsat con coeficiente de temperatura positivo<\/li>\n<li data-start=\"150\" data-end=\"172\">Baja p\u00e9rdida de conmutaci\u00f3n<\/li>\n<li data-start=\"175\" data-end=\"208\">Capacidad de cortocircuito de 10\u03bcs<\/li>\n<\/ul>","protected":false},"featured_media":3442,"comment_status":"closed","ping_status":"closed","template":"","meta":{"_acf_changed":false},"product_brand":[],"product_cat":[25],"product_tag":[],"class_list":{"0":"post-3416","1":"product","2":"type-product","3":"status-publish","4":"has-post-thumbnail","6":"product_cat-igbt-module","8":"first","9":"instock","10":"shipping-taxable","11":"product-type-variable","12":"has-default-attributes"},"acf":[],"_links":{"self":[{"href":"https:\/\/www.hiitiosemi.com\/es\/wp-json\/wp\/v2\/product\/3416","targetHints":{"allow":["GET"]}}],"collection":[{"href":"https:\/\/www.hiitiosemi.com\/es\/wp-json\/wp\/v2\/product"}],"about":[{"href":"https:\/\/www.hiitiosemi.com\/es\/wp-json\/wp\/v2\/types\/product"}],"replies":[{"embeddable":true,"href":"https:\/\/www.hiitiosemi.com\/es\/wp-json\/wp\/v2\/comments?post=3416"}],"wp:featuredmedia":[{"embeddable":true,"href":"https:\/\/www.hiitiosemi.com\/es\/wp-json\/wp\/v2\/media\/3442"}],"wp:attachment":[{"href":"https:\/\/www.hiitiosemi.com\/es\/wp-json\/wp\/v2\/media?parent=3416"}],"wp:term":[{"taxonomy":"product_brand","embeddable":true,"href":"https:\/\/www.hiitiosemi.com\/es\/wp-json\/wp\/v2\/product_brand?post=3416"},{"taxonomy":"product_cat","embeddable":true,"href":"https:\/\/www.hiitiosemi.com\/es\/wp-json\/wp\/v2\/product_cat?post=3416"},{"taxonomy":"product_tag","embeddable":true,"href":"https:\/\/www.hiitiosemi.com\/es\/wp-json\/wp\/v2\/product_tag?post=3416"}],"curies":[{"name":"wp","href":"https:\/\/api.w.org\/{rel}","templated":true}]}}