{"id":3415,"date":"2025-11-07T07:10:03","date_gmt":"2025-11-07T07:10:03","guid":{"rendered":"https:\/\/www.hiitiosemi.com\/?post_type=product&#038;p=3415"},"modified":"2025-11-12T01:18:35","modified_gmt":"2025-11-12T01:18:35","slug":"1700v-1200a-high-voltage-igbt-power-module-dual-switch","status":"publish","type":"product","link":"https:\/\/www.hiitiosemi.com\/es\/product\/1700v-1200a-high-voltage-igbt-power-module-dual-switch\/","title":{"rendered":"M\u00f3dulo de potencia IGBT de alta tensi\u00f3n 1700V 1200A - Conmutaci\u00f3n doble"},"content":{"rendered":"<p data-start=\"1126\" data-end=\"1676\">El <strong data-start=\"176\" data-end=\"224\">M\u00f3dulo IGBT de doble conmutaci\u00f3n HCGM1200DDM17-TSA000<\/strong> est\u00e1 dise\u00f1ado para aplicaciones de alto rendimiento en electr\u00f3nica de potencia, incluyendo accionamientos de tracci\u00f3n, controladores de motores e inversores de alta fiabilidad. Con una <strong data-start=\"378\" data-end=\"386\">VCE(S)<\/strong> valoraci\u00f3n de <strong data-start=\"397\" data-end=\"406\">1700V<\/strong> y una <strong data-start=\"413\" data-end=\"447\">corriente m\u00e1xima de colector (IC)<\/strong> of <strong data-start=\"451\" data-end=\"460\">1200A<\/strong>, este m\u00f3dulo ofrece una fiabilidad y rendimiento excepcionales en condiciones exigentes.<\/p>\n<p class=\"\" data-start=\"1237\" data-end=\"1266\"><strong data-start=\"1237\" data-end=\"1266\">Especificaciones t\u00e9cnicas:<\/strong><\/p>\n<ul data-start=\"1267\" data-end=\"1462\">\n<li class=\"\" data-start=\"1267\" data-end=\"1320\">\n<p class=\"\" data-start=\"1269\" data-end=\"1320\">Voltaje m\u00e1ximo colector-emisor (<strong data-start=\"1304\" data-end=\"1312\">VCE(S)<\/strong>): 1700V<\/p>\n<\/li>\n<li class=\"\" data-start=\"1321\" data-end=\"1364\">\n<p class=\"\" data-start=\"1323\" data-end=\"1364\">Corriente m\u00e1xima del colector (<strong data-start=\"1350\" data-end=\"1356\">IC<\/strong>): 1200A<\/p>\n<\/li>\n<li class=\"\" data-start=\"1365\" data-end=\"1407\">\n<p class=\"\" data-start=\"1367\" data-end=\"1407\">Voltaje de aislamiento: 4000V (prueba de 1 minuto)<\/p>\n<\/li>\n<li class=\"\" data-start=\"1408\" data-end=\"1447\">\n<p class=\"\" data-start=\"1410\" data-end=\"1447\">Temperatura de funcionamiento: -40\u00b0C a 150\u00b0C<\/p>\n<\/li>\n<li class=\"\" data-start=\"1448\" data-end=\"1462\">\n<p class=\"\" data-start=\"1450\" data-end=\"1462\">Peso: 900g<\/p>\n<\/li>\n<\/ul>","protected":false},"excerpt":{"rendered":"<p>M\u00f3dulo IGBT de alto rendimiento HCGM1200DDM17-TSA000 para accionamientos de tracci\u00f3n, controladores de motores e inversores con una tensi\u00f3n de 1700V y capacidad de corriente de 1200A.<\/p>\n<h3 class=\"\" data-start=\"549\" data-end=\"566\">Caracter\u00edsticas clave:<\/h3>\n<ul data-start=\"567\" data-end=\"950\">\n<li class=\"\" data-start=\"567\" data-end=\"621\">\n<p class=\"\" data-start=\"569\" data-end=\"621\"><strong data-start=\"569\" data-end=\"588\">base de AlSiC<\/strong> para una gesti\u00f3n t\u00e9rmica superior.<\/p>\n<\/li>\n<li class=\"\" data-start=\"622\" data-end=\"689\">\n<p class=\"\" data-start=\"624\" data-end=\"689\"><strong data-start=\"624\" data-end=\"642\">Sustratos de AlN<\/strong> mejoran la estabilidad y eficiencia del m\u00f3dulo.<\/p>\n<\/li>\n<li class=\"\" data-start=\"690\" data-end=\"761\">\n<p class=\"\" data-start=\"692\" data-end=\"761\"><strong data-start=\"692\" data-end=\"727\">Alta capacidad de ciclo t\u00e9rmico<\/strong> garantiza una fiabilidad duradera.<\/p>\n<\/li>\n<li class=\"\" data-start=\"762\" data-end=\"823\">\n<p class=\"\" data-start=\"764\" data-end=\"823\"><strong data-start=\"764\" data-end=\"801\">Tiempo de resistencia a cortocircuitos de 10\u00b5s<\/strong> para una operaci\u00f3n robusta.<\/p>\n<\/li>\n<\/ul>","protected":false},"featured_media":3441,"comment_status":"closed","ping_status":"closed","template":"","meta":{"_acf_changed":false},"product_brand":[],"product_cat":[29],"product_tag":[],"class_list":{"0":"post-3415","1":"product","2":"type-product","3":"status-publish","4":"has-post-thumbnail","6":"product_cat-high-voltage-igbt-module","8":"first","9":"instock","10":"shipping-taxable","11":"product-type-variable","12":"has-default-attributes"},"acf":[],"_links":{"self":[{"href":"https:\/\/www.hiitiosemi.com\/es\/wp-json\/wp\/v2\/product\/3415","targetHints":{"allow":["GET"]}}],"collection":[{"href":"https:\/\/www.hiitiosemi.com\/es\/wp-json\/wp\/v2\/product"}],"about":[{"href":"https:\/\/www.hiitiosemi.com\/es\/wp-json\/wp\/v2\/types\/product"}],"replies":[{"embeddable":true,"href":"https:\/\/www.hiitiosemi.com\/es\/wp-json\/wp\/v2\/comments?post=3415"}],"wp:featuredmedia":[{"embeddable":true,"href":"https:\/\/www.hiitiosemi.com\/es\/wp-json\/wp\/v2\/media\/3441"}],"wp:attachment":[{"href":"https:\/\/www.hiitiosemi.com\/es\/wp-json\/wp\/v2\/media?parent=3415"}],"wp:term":[{"taxonomy":"product_brand","embeddable":true,"href":"https:\/\/www.hiitiosemi.com\/es\/wp-json\/wp\/v2\/product_brand?post=3415"},{"taxonomy":"product_cat","embeddable":true,"href":"https:\/\/www.hiitiosemi.com\/es\/wp-json\/wp\/v2\/product_cat?post=3415"},{"taxonomy":"product_tag","embeddable":true,"href":"https:\/\/www.hiitiosemi.com\/es\/wp-json\/wp\/v2\/product_tag?post=3415"}],"curies":[{"name":"wp","href":"https:\/\/api.w.org\/{rel}","templated":true}]}}