{"id":3414,"date":"2025-11-07T07:10:03","date_gmt":"2025-11-07T07:10:03","guid":{"rendered":"https:\/\/www.hiitiosemi.com\/?post_type=product&#038;p=3414"},"modified":"2025-11-12T01:22:23","modified_gmt":"2025-11-12T01:22:23","slug":"1200v-900a-half-bridge-igbt-module","status":"publish","type":"product","link":"https:\/\/www.hiitiosemi.com\/es\/product\/1200v-900a-half-bridge-igbt-module\/","title":{"rendered":"M\u00f3dulo IGBT de media puente de 1200V y 900A"},"content":{"rendered":"<p class=\"\" data-start=\"364\" data-end=\"684\">El HCG900FH12D3ME7 es un m\u00f3dulo de potencia de media puente de alto rendimiento de 1200V\/900A, ideal para diversos sistemas de conmutaci\u00f3n de alta potencia. Ofrece una excelente eficiencia, bajo voltaje de saturaci\u00f3n y p\u00e9rdidas de conmutaci\u00f3n reducidas. El termistor integrado garantiza una monitorizaci\u00f3n precisa de la temperatura, prolongando la vida \u00fatil del sistema.<\/p>\n<h3 class=\"\" data-start=\"686\" data-end=\"698\">Caracter\u00edsticas<\/h3>\n<ul>\n<li data-start=\"701\" data-end=\"760\">Voltaje de bloqueo de 1200V, corriente continua de colector de 900A<\/li>\n<li data-start=\"763\" data-end=\"799\">VCE(sat) bajo para mayor eficiencia<\/li>\n<li data-start=\"802\" data-end=\"849\">Termistor integrado para detecci\u00f3n de temperatura<\/li>\n<li data-start=\"852\" data-end=\"889\">Bajas p\u00e9rdidas de conmutaci\u00f3n y conducci\u00f3n<\/li>\n<li data-start=\"892\" data-end=\"919\">Dise\u00f1o robusto y compacto<\/li>\n<li data-start=\"922\" data-end=\"953\">Voltaje de aislamiento hasta 3.4kV<\/li>\n<\/ul>","protected":false},"excerpt":{"rendered":"<p>El HCG900FH12D3ME7 es un m\u00f3dulo IGBT de media puente de 1200V y 900A que presenta bajas p\u00e9rdidas de conmutaci\u00f3n, termistor integrado y alta fiabilidad para aplicaciones de potencia exigentes.<\/p>","protected":false},"featured_media":3053,"comment_status":"closed","ping_status":"closed","template":"","meta":{"_acf_changed":false},"product_brand":[],"product_cat":[25],"product_tag":[],"class_list":{"0":"post-3414","1":"product","2":"type-product","3":"status-publish","4":"has-post-thumbnail","6":"product_cat-igbt-module","8":"first","9":"instock","10":"shipping-taxable","11":"product-type-variable","12":"has-default-attributes"},"acf":[],"_links":{"self":[{"href":"https:\/\/www.hiitiosemi.com\/es\/wp-json\/wp\/v2\/product\/3414","targetHints":{"allow":["GET"]}}],"collection":[{"href":"https:\/\/www.hiitiosemi.com\/es\/wp-json\/wp\/v2\/product"}],"about":[{"href":"https:\/\/www.hiitiosemi.com\/es\/wp-json\/wp\/v2\/types\/product"}],"replies":[{"embeddable":true,"href":"https:\/\/www.hiitiosemi.com\/es\/wp-json\/wp\/v2\/comments?post=3414"}],"wp:featuredmedia":[{"embeddable":true,"href":"https:\/\/www.hiitiosemi.com\/es\/wp-json\/wp\/v2\/media\/3053"}],"wp:attachment":[{"href":"https:\/\/www.hiitiosemi.com\/es\/wp-json\/wp\/v2\/media?parent=3414"}],"wp:term":[{"taxonomy":"product_brand","embeddable":true,"href":"https:\/\/www.hiitiosemi.com\/es\/wp-json\/wp\/v2\/product_brand?post=3414"},{"taxonomy":"product_cat","embeddable":true,"href":"https:\/\/www.hiitiosemi.com\/es\/wp-json\/wp\/v2\/product_cat?post=3414"},{"taxonomy":"product_tag","embeddable":true,"href":"https:\/\/www.hiitiosemi.com\/es\/wp-json\/wp\/v2\/product_tag?post=3414"}],"curies":[{"name":"wp","href":"https:\/\/api.w.org\/{rel}","templated":true}]}}