{"id":3411,"date":"2025-11-07T07:10:03","date_gmt":"2025-11-07T07:10:03","guid":{"rendered":"https:\/\/www.hiitiosemi.com\/?post_type=product&#038;p=3411"},"modified":"2025-11-12T01:12:38","modified_gmt":"2025-11-12T01:12:38","slug":"6500v-750a-high-voltage-igbt-power-module-single-switch","status":"publish","type":"product","link":"https:\/\/www.hiitiosemi.com\/es\/product\/6500v-750a-high-voltage-igbt-power-module-single-switch\/","title":{"rendered":"M\u00f3dulo de Potencia IGBT de Alta Tensi\u00f3n 6500V 750A - Conmutaci\u00f3n \u00danica"},"content":{"rendered":"<p data-start=\"1126\" data-end=\"1676\">El <strong data-start=\"1130\" data-end=\"1153\">HCGM750ASM65-PSA011<\/strong> El M\u00f3dulo de Potencia IGBT de Alta Tensi\u00f3n est\u00e1 dise\u00f1ado para aplicaciones de alta tensi\u00f3n y alta potencia, con una clasificaci\u00f3n de <strong data-start=\"1249\" data-end=\"1263\">6500V\/750A<\/strong>. Con una <strong data-start=\"1278\" data-end=\"1297\">placa base AISiC<\/strong> y <strong data-start=\"1302\" data-end=\"1320\">sustratos AIN<\/strong>, asegura una gesti\u00f3n t\u00e9rmica superior y estabilidad el\u00e9ctrica. Con <strong data-start=\"1392\" data-end=\"1427\">alta capacidad de ciclo t\u00e9rmico<\/strong>, este m\u00f3dulo asegura fiabilidad en condiciones extremas, mientras que su <strong data-start=\"1500\" data-end=\"1543\">capacidad de resistir cortocircuitos de 10\u03bcs<\/strong> mejora la seguridad del sistema, convirti\u00e9ndolo en una opci\u00f3n ideal para accionamientos de tracci\u00f3n, control de motores, redes inteligentes e inversores de alta fiabilidad.<\/p>\n<h3 data-start=\"1678\" data-end=\"1696\"><strong data-start=\"1682\" data-end=\"1694\">Caracter\u00edsticas<\/strong><\/h3>\n<ul data-start=\"1697\" data-end=\"2041\">\n<li data-start=\"1697\" data-end=\"1769\"><strong data-start=\"1699\" data-end=\"1718\">Placa base AISiC<\/strong>: Mejora la disipaci\u00f3n de calor y la durabilidad del m\u00f3dulo<\/li>\n<li data-start=\"1770\" data-end=\"1847\"><strong data-start=\"1772\" data-end=\"1790\">Sustratos AIN<\/strong>: Mejora el aislamiento el\u00e9ctrico y la fiabilidad del sistema<\/li>\n<li data-start=\"1848\" data-end=\"1940\"><strong data-start=\"1850\" data-end=\"1885\">Alta Capacidad de Ciclo T\u00e9rmico<\/strong>: Resiste ambientes adversos para una vida \u00fatil prolongada<\/li>\n<li data-start=\"1941\" data-end=\"2041\"><strong data-start=\"1943\" data-end=\"1975\">Resistencia a cortocircuitos de 10\u03bcs<\/strong>: Proporciona una protecci\u00f3n superior contra cortocircuitos para mayor seguridad<\/li>\n<\/ul>\n<h3 data-start=\"2043\" data-end=\"2065\"><strong data-start=\"2047\" data-end=\"2063\">Aplicaciones<\/strong><\/h3>\n<ul data-start=\"2066\" data-end=\"2340\" data-is-last-node=\"\" data-is-only-node=\"\">\n<li data-start=\"2066\" data-end=\"2133\"><strong data-start=\"2068\" data-end=\"2087\">Accionamientos de tracci\u00f3n<\/strong> (transporte ferroviario, locomotoras el\u00e9ctricas)<\/li>\n<li data-start=\"2134\" data-end=\"2199\"><strong data-start=\"2136\" data-end=\"2157\">Controladores de motores<\/strong> (accionamientos industriales, sistemas de automatizaci\u00f3n)<\/li>\n<li data-start=\"2200\" data-end=\"2264\"><strong data-start=\"2202\" data-end=\"2216\">Red inteligente<\/strong> (gesti\u00f3n y distribuci\u00f3n eficiente de energ\u00eda)<\/li>\n<li data-start=\"2265\" data-end=\"2340\" data-is-last-node=\"\"><strong data-start=\"2267\" data-end=\"2297\">Inversores de alta fiabilidad<\/strong> (sistemas de conversi\u00f3n de energ\u00eda e\u00f3lica y solar)<\/li>\n<\/ul>","protected":false},"excerpt":{"rendered":"<p>El M\u00f3dulo de Potencia IGBT de Alta Tensi\u00f3n HCGM750ASM65-PSA011 (6500V\/750A) presenta una base AISiC, sustratos AIN, alta capacidad de ciclo t\u00e9rmico y resistencia a cortocircuitos de 10\u03bcs, garantizando una refrigeraci\u00f3n eficiente y estabilidad para accionamientos de tracci\u00f3n, controladores de motores, redes inteligentes e inversores de alta fiabilidad.<\/p>","protected":false},"featured_media":3432,"comment_status":"closed","ping_status":"closed","template":"","meta":{"_acf_changed":false},"product_brand":[],"product_cat":[29],"product_tag":[],"class_list":{"0":"post-3411","1":"product","2":"type-product","3":"status-publish","4":"has-post-thumbnail","6":"product_cat-high-voltage-igbt-module","8":"first","9":"instock","10":"shipping-taxable","11":"product-type-variable","12":"has-default-attributes"},"acf":[],"_links":{"self":[{"href":"https:\/\/www.hiitiosemi.com\/es\/wp-json\/wp\/v2\/product\/3411","targetHints":{"allow":["GET"]}}],"collection":[{"href":"https:\/\/www.hiitiosemi.com\/es\/wp-json\/wp\/v2\/product"}],"about":[{"href":"https:\/\/www.hiitiosemi.com\/es\/wp-json\/wp\/v2\/types\/product"}],"replies":[{"embeddable":true,"href":"https:\/\/www.hiitiosemi.com\/es\/wp-json\/wp\/v2\/comments?post=3411"}],"wp:featuredmedia":[{"embeddable":true,"href":"https:\/\/www.hiitiosemi.com\/es\/wp-json\/wp\/v2\/media\/3432"}],"wp:attachment":[{"href":"https:\/\/www.hiitiosemi.com\/es\/wp-json\/wp\/v2\/media?parent=3411"}],"wp:term":[{"taxonomy":"product_brand","embeddable":true,"href":"https:\/\/www.hiitiosemi.com\/es\/wp-json\/wp\/v2\/product_brand?post=3411"},{"taxonomy":"product_cat","embeddable":true,"href":"https:\/\/www.hiitiosemi.com\/es\/wp-json\/wp\/v2\/product_cat?post=3411"},{"taxonomy":"product_tag","embeddable":true,"href":"https:\/\/www.hiitiosemi.com\/es\/wp-json\/wp\/v2\/product_tag?post=3411"}],"curies":[{"name":"wp","href":"https:\/\/api.w.org\/{rel}","templated":true}]}}