{"id":3410,"date":"2025-11-07T07:10:03","date_gmt":"2025-11-07T07:10:03","guid":{"rendered":"https:\/\/www.hiitiosemi.com\/?post_type=product&#038;p=3410"},"modified":"2025-11-12T01:08:14","modified_gmt":"2025-11-12T01:08:14","slug":"6500v-750a-high-voltage-igbt-power-module","status":"publish","type":"product","link":"https:\/\/www.hiitiosemi.com\/es\/product\/6500v-750a-high-voltage-igbt-power-module\/","title":{"rendered":"M\u00f3dulo de potencia IGBT de alta tensi\u00f3n 6500V 750A"},"content":{"rendered":"<p data-start=\"1110\" data-end=\"1654\">El <strong data-start=\"1114\" data-end=\"1137\">HCGM750PHM65-TSA000<\/strong> El M\u00f3dulo de Potencia IGBT de Alta Tensi\u00f3n est\u00e1 dise\u00f1ado para aplicaciones de alta tensi\u00f3n y alta potencia, con una clasificaci\u00f3n de <strong data-start=\"1233\" data-end=\"1247\">6500V\/750A<\/strong>. Que cuenta con <strong data-start=\"1259\" data-end=\"1284\">refrigeraci\u00f3n l\u00edquida directa<\/strong> y <strong data-start=\"1289\" data-end=\"1307\">sustratos AIN<\/strong>, garantiza un rendimiento t\u00e9rmico superior y estabilidad del sistema. El <strong data-start=\"1375\" data-end=\"1399\">dise\u00f1o de baja inductancia<\/strong> minimiza la inductancia parasitaria, mejorando la eficiencia de conmutaci\u00f3n, mientras que el <strong data-start=\"1474\" data-end=\"1517\">capacidad de resistir cortocircuitos de 10\u03bcs<\/strong> mejora la protecci\u00f3n del sistema, convirti\u00e9ndolo en una opci\u00f3n ideal para accionamientos de tracci\u00f3n, control de motores, redes inteligentes e inversores de alta fiabilidad.<\/p>\n<h3 data-start=\"1656\" data-end=\"1674\"><strong data-start=\"1660\" data-end=\"1672\">Caracter\u00edsticas<\/strong><\/h3>\n<ul data-start=\"1675\" data-end=\"2021\">\n<li data-start=\"1675\" data-end=\"1756\"><strong data-start=\"1677\" data-end=\"1702\">Refrigeraci\u00f3n L\u00edquida Directa<\/strong>: Mejora la gesti\u00f3n t\u00e9rmica y la fiabilidad del sistema<\/li>\n<li data-start=\"1757\" data-end=\"1835\"><strong data-start=\"1759\" data-end=\"1777\">Sustratos AIN<\/strong>: Mejora el aislamiento el\u00e9ctrico y la estabilidad a largo plazo<\/li>\n<li data-start=\"1836\" data-end=\"1926\"><strong data-start=\"1838\" data-end=\"1862\">Dise\u00f1o de Baja Inductancia<\/strong>: Reduce la inductancia parasitaria, mejorando la eficiencia de conmutaci\u00f3n<\/li>\n<li data-start=\"1927\" data-end=\"2021\"><strong data-start=\"1929\" data-end=\"1961\">Resistencia a cortocircuitos de 10\u03bcs<\/strong>: Proporciona una protecci\u00f3n superior del circuito para una mayor seguridad<\/li>\n<\/ul>\n<h3 data-start=\"2023\" data-end=\"2045\"><strong data-start=\"2027\" data-end=\"2043\">Aplicaciones<\/strong><\/h3>\n<ul data-start=\"2046\" data-end=\"2320\" data-is-only-node=\"\" data-is-last-node=\"\">\n<li data-start=\"2046\" data-end=\"2113\"><strong data-start=\"2048\" data-end=\"2067\">Accionamientos de tracci\u00f3n<\/strong> (transporte ferroviario, locomotoras el\u00e9ctricas)<\/li>\n<li data-start=\"2114\" data-end=\"2179\"><strong data-start=\"2116\" data-end=\"2137\">Controladores de motores<\/strong> (accionamientos industriales, sistemas de automatizaci\u00f3n)<\/li>\n<li data-start=\"2180\" data-end=\"2244\"><strong data-start=\"2182\" data-end=\"2196\">Red inteligente<\/strong> (gesti\u00f3n y distribuci\u00f3n eficiente de energ\u00eda)<\/li>\n<li data-start=\"2245\" data-end=\"2320\" data-is-last-node=\"\"><strong data-start=\"2247\" data-end=\"2277\">Inversores de alta fiabilidad<\/strong> (sistemas de conversi\u00f3n de energ\u00eda e\u00f3lica y solar)<\/li>\n<\/ul>","protected":false},"excerpt":{"rendered":"<p data-start=\"181\" data-end=\"492\">El M\u00f3dulo de Potencia IGBT de Alta Tensi\u00f3n HCGM750PHM65-TSA000 (6500V\/750A) cuenta con refrigeraci\u00f3n l\u00edquida directa, sustratos AIN, dise\u00f1o de baja inductancia y resistencia a cortocircuitos de 10\u03bcs, garantizando alta eficiencia y fiabilidad para accionamientos de tracci\u00f3n, controladores de motores, redes inteligentes e inversores de alta fiabilidad.<\/p>","protected":false},"featured_media":3434,"comment_status":"closed","ping_status":"closed","template":"","meta":{"_acf_changed":false},"product_brand":[],"product_cat":[29],"product_tag":[],"class_list":{"0":"post-3410","1":"product","2":"type-product","3":"status-publish","4":"has-post-thumbnail","6":"product_cat-high-voltage-igbt-module","8":"first","9":"instock","10":"shipping-taxable","11":"product-type-variable","12":"has-default-attributes"},"acf":[],"_links":{"self":[{"href":"https:\/\/www.hiitiosemi.com\/es\/wp-json\/wp\/v2\/product\/3410","targetHints":{"allow":["GET"]}}],"collection":[{"href":"https:\/\/www.hiitiosemi.com\/es\/wp-json\/wp\/v2\/product"}],"about":[{"href":"https:\/\/www.hiitiosemi.com\/es\/wp-json\/wp\/v2\/types\/product"}],"replies":[{"embeddable":true,"href":"https:\/\/www.hiitiosemi.com\/es\/wp-json\/wp\/v2\/comments?post=3410"}],"wp:featuredmedia":[{"embeddable":true,"href":"https:\/\/www.hiitiosemi.com\/es\/wp-json\/wp\/v2\/media\/3434"}],"wp:attachment":[{"href":"https:\/\/www.hiitiosemi.com\/es\/wp-json\/wp\/v2\/media?parent=3410"}],"wp:term":[{"taxonomy":"product_brand","embeddable":true,"href":"https:\/\/www.hiitiosemi.com\/es\/wp-json\/wp\/v2\/product_brand?post=3410"},{"taxonomy":"product_cat","embeddable":true,"href":"https:\/\/www.hiitiosemi.com\/es\/wp-json\/wp\/v2\/product_cat?post=3410"},{"taxonomy":"product_tag","embeddable":true,"href":"https:\/\/www.hiitiosemi.com\/es\/wp-json\/wp\/v2\/product_tag?post=3410"}],"curies":[{"name":"wp","href":"https:\/\/api.w.org\/{rel}","templated":true}]}}