{"id":3409,"date":"2025-11-07T07:10:03","date_gmt":"2025-11-07T07:10:03","guid":{"rendered":"https:\/\/www.hiitiosemi.com\/?post_type=product&#038;p=3409"},"modified":"2025-11-12T01:10:38","modified_gmt":"2025-11-12T01:10:38","slug":"4500v-1200a-high-voltage-igbt-power-module-e","status":"publish","type":"product","link":"https:\/\/www.hiitiosemi.com\/es\/product\/4500v-1200a-high-voltage-igbt-power-module-e\/","title":{"rendered":"M\u00f3dulo de potencia IGBT de alta tensi\u00f3n 4500V 1200A-E"},"content":{"rendered":"<p data-start=\"1238\" data-end=\"1860\">El <strong data-start=\"1242\" data-end=\"1266\">HCGM1200ESM45-PSA011<\/strong> El M\u00f3dulo de Potencia IGBT de Alta Tensi\u00f3n est\u00e1 dise\u00f1ado para aplicaciones de alta tensi\u00f3n y alta potencia, con una clasificaci\u00f3n de <strong data-start=\"1362\" data-end=\"1377\">4500V\/1200A<\/strong>. Con una <strong data-start=\"1392\" data-end=\"1411\">base de AlSiC<\/strong> y <strong data-start=\"1416\" data-end=\"1434\">sustratos AIN<\/strong>, it ensures superior thermal management and electrical performance. With <strong data-start=\"1508\" data-end=\"1543\">alta capacidad de ciclo t\u00e9rmico<\/strong> y <strong data-start=\"1548\" data-end=\"1580\">resistencia a cortocircuitos de 10\u03bcs<\/strong>, this module guarantees stable operation in extreme conditions. The low Vce(sat) design reduces power losses, while high current density enhances power handling capacity, making it an ideal choice for traction drives, motor control, smart grids, and high-reliability inverters.<\/p>\n<h3 data-start=\"1862\" data-end=\"1880\"><strong data-start=\"1866\" data-end=\"1878\">Caracter\u00edsticas<\/strong><\/h3>\n<ul data-start=\"1881\" data-end=\"2400\">\n<li data-start=\"1881\" data-end=\"1953\"><strong data-start=\"1883\" data-end=\"1902\">Base de AlSiC<\/strong>: Mejora la disipaci\u00f3n de calor y la durabilidad del m\u00f3dulo<\/li>\n<li data-start=\"1954\" data-end=\"2031\"><strong data-start=\"1956\" data-end=\"1974\">Sustratos AIN<\/strong>: Mejora el aislamiento el\u00e9ctrico y la fiabilidad del sistema<\/li>\n<li data-start=\"2032\" data-end=\"2124\"><strong data-start=\"2034\" data-end=\"2069\">Alta Capacidad de Ciclo T\u00e9rmico<\/strong>: Resiste ambientes adversos para una vida \u00fatil prolongada<\/li>\n<li data-start=\"2125\" data-end=\"2225\"><strong data-start=\"2127\" data-end=\"2159\">Resistencia a cortocircuitos de 10\u03bcs<\/strong>: Proporciona una protecci\u00f3n superior contra cortocircuitos para mayor seguridad<\/li>\n<li data-start=\"2226\" data-end=\"2306\"><strong data-start=\"2228\" data-end=\"2251\">Dispositivo Vce(sat) bajo<\/strong>: Reduce las p\u00e9rdidas de energ\u00eda y mejora la eficiencia energ\u00e9tica<\/li>\n<li data-start=\"2307\" data-end=\"2400\"><strong data-start=\"2309\" data-end=\"2333\">Alta Densidad de Corriente<\/strong>: Optimiza la utilizaci\u00f3n del espacio, soportando aplicaciones de alta potencia<\/li>\n<\/ul>\n<h3 data-start=\"2402\" data-end=\"2424\"><strong data-start=\"2406\" data-end=\"2422\">Aplicaciones<\/strong><\/h3>\n<ul data-start=\"2425\" data-end=\"2699\" data-is-last-node=\"\" data-is-only-node=\"\">\n<li data-start=\"2425\" data-end=\"2492\"><strong data-start=\"2427\" data-end=\"2446\">Accionamientos de tracci\u00f3n<\/strong> (transporte ferroviario, locomotoras el\u00e9ctricas)<\/li>\n<li data-start=\"2493\" data-end=\"2558\"><strong data-start=\"2495\" data-end=\"2516\">Controladores de motores<\/strong> (accionamientos industriales, sistemas de automatizaci\u00f3n)<\/li>\n<li data-start=\"2559\" data-end=\"2623\"><strong data-start=\"2561\" data-end=\"2575\">Red inteligente<\/strong> (gesti\u00f3n y distribuci\u00f3n eficiente de energ\u00eda)<\/li>\n<li data-start=\"2624\" data-end=\"2699\" data-is-last-node=\"\"><strong data-start=\"2626\" data-end=\"2656\">Inversores de alta fiabilidad<\/strong> (sistemas de conversi\u00f3n de energ\u00eda e\u00f3lica y solar)<\/li>\n<\/ul>","protected":false},"excerpt":{"rendered":"<p>El M\u00f3dulo de Potencia IGBT de Alta Tensi\u00f3n HCGM1200ASM45-PSA011 (4500V\/1200A) cuenta con una base de AlSiC, sustratos AIN, alta capacidad de ciclo t\u00e9rmico, bajo Vce(sat) y resistencia a cortocircuitos de 10\u03bcs, asegurando una refrigeraci\u00f3n eficiente y fiabilidad para accionamientos de tracci\u00f3n, controladores de motores, redes inteligentes e inversores de alta fiabilidad.<\/p>","protected":false},"featured_media":3432,"comment_status":"closed","ping_status":"closed","template":"","meta":{"_acf_changed":false},"product_brand":[],"product_cat":[29],"product_tag":[],"class_list":{"0":"post-3409","1":"product","2":"type-product","3":"status-publish","4":"has-post-thumbnail","6":"product_cat-high-voltage-igbt-module","8":"first","9":"instock","10":"shipping-taxable","11":"product-type-variable","12":"has-default-attributes"},"acf":[],"_links":{"self":[{"href":"https:\/\/www.hiitiosemi.com\/es\/wp-json\/wp\/v2\/product\/3409","targetHints":{"allow":["GET"]}}],"collection":[{"href":"https:\/\/www.hiitiosemi.com\/es\/wp-json\/wp\/v2\/product"}],"about":[{"href":"https:\/\/www.hiitiosemi.com\/es\/wp-json\/wp\/v2\/types\/product"}],"replies":[{"embeddable":true,"href":"https:\/\/www.hiitiosemi.com\/es\/wp-json\/wp\/v2\/comments?post=3409"}],"wp:featuredmedia":[{"embeddable":true,"href":"https:\/\/www.hiitiosemi.com\/es\/wp-json\/wp\/v2\/media\/3432"}],"wp:attachment":[{"href":"https:\/\/www.hiitiosemi.com\/es\/wp-json\/wp\/v2\/media?parent=3409"}],"wp:term":[{"taxonomy":"product_brand","embeddable":true,"href":"https:\/\/www.hiitiosemi.com\/es\/wp-json\/wp\/v2\/product_brand?post=3409"},{"taxonomy":"product_cat","embeddable":true,"href":"https:\/\/www.hiitiosemi.com\/es\/wp-json\/wp\/v2\/product_cat?post=3409"},{"taxonomy":"product_tag","embeddable":true,"href":"https:\/\/www.hiitiosemi.com\/es\/wp-json\/wp\/v2\/product_tag?post=3409"}],"curies":[{"name":"wp","href":"https:\/\/api.w.org\/{rel}","templated":true}]}}