{"id":3408,"date":"2025-11-07T07:10:02","date_gmt":"2025-11-07T07:10:02","guid":{"rendered":"https:\/\/www.hiitiosemi.com\/?post_type=product&#038;p=3408"},"modified":"2025-11-12T01:26:29","modified_gmt":"2025-11-12T01:26:29","slug":"4500v-1200a-high-voltage-igbt-power-module-a","status":"publish","type":"product","link":"https:\/\/www.hiitiosemi.com\/es\/product\/4500v-1200a-high-voltage-igbt-power-module-a\/","title":{"rendered":"M\u00f3dulo de potencia IGBT de alta tensi\u00f3n 4500V 1200A - A"},"content":{"rendered":"<p data-start=\"1227\" data-end=\"1777\">El <strong data-start=\"1231\" data-end=\"1255\">HCGM1200ASM45-PSA011<\/strong> El M\u00f3dulo de Potencia IGBT de Alta Tensi\u00f3n est\u00e1 dise\u00f1ado para aplicaciones de alta potencia, clasificado en <strong data-start=\"1337\" data-end=\"1352\">4500V\/1200A<\/strong>, ofreciendo una eficiencia de conversi\u00f3n de potencia sobresaliente. Con <strong data-start=\"1416\" data-end=\"1435\">base de AlSiC<\/strong> y <strong data-start=\"1440\" data-end=\"1458\">sustratos AIN<\/strong>, garantiza una gesti\u00f3n t\u00e9rmica superior. Con <strong data-start=\"1505\" data-end=\"1540\">alta capacidad de ciclo t\u00e9rmico<\/strong> y <strong data-start=\"1545\" data-end=\"1577\">resistencia a cortocircuitos de 10\u03bcs<\/strong>, mejora la fiabilidad y estabilidad del sistema. Adem\u00e1s, este m\u00f3dulo incorpora un <strong data-start=\"1666\" data-end=\"1689\">dispositivo de bajo Vce(sat)<\/strong> y <strong data-start=\"1694\" data-end=\"1718\">alta densidad de corriente<\/strong> dise\u00f1o, reduciendo p\u00e9rdidas de potencia y optimizando la eficiencia.<\/p>\n<h3 data-start=\"1779\" data-end=\"1797\"><strong data-start=\"1783\" data-end=\"1795\">Caracter\u00edsticas<\/strong><\/h3>\n<ul data-start=\"1798\" data-end=\"2329\">\n<li data-start=\"1798\" data-end=\"1870\"><strong data-start=\"1800\" data-end=\"1819\">Base de AlSiC<\/strong>: Mejora la disipaci\u00f3n de calor y la durabilidad del m\u00f3dulo<\/li>\n<li data-start=\"1871\" data-end=\"1949\"><strong data-start=\"1873\" data-end=\"1891\">Sustratos AIN<\/strong>: Mejora el aislamiento el\u00e9ctrico para una estabilidad a largo plazo<\/li>\n<li data-start=\"1950\" data-end=\"2053\"><strong data-start=\"1952\" data-end=\"1987\">Alta Capacidad de Ciclo T\u00e9rmico<\/strong>: Se adapta a variaciones extremas de temperatura, garantizando fiabilidad<\/li>\n<li data-start=\"2054\" data-end=\"2154\"><strong data-start=\"2056\" data-end=\"2088\">Resistencia a cortocircuitos de 10\u03bcs<\/strong>: Proporciona una protecci\u00f3n superior contra cortocircuitos para mayor seguridad<\/li>\n<li data-start=\"2155\" data-end=\"2235\"><strong data-start=\"2157\" data-end=\"2180\">Dispositivo Vce(sat) bajo<\/strong>: Reduce las p\u00e9rdidas de energ\u00eda y mejora la eficiencia energ\u00e9tica<\/li>\n<li data-start=\"2236\" data-end=\"2329\"><strong data-start=\"2238\" data-end=\"2262\">Alta Densidad de Corriente<\/strong>: Optimiza la utilizaci\u00f3n del espacio, soportando aplicaciones de alta potencia<\/li>\n<\/ul>\n<h3 data-start=\"2331\" data-end=\"2353\"><strong data-start=\"2335\" data-end=\"2351\">Aplicaciones<\/strong><\/h3>\n<ul data-start=\"2354\" data-end=\"2628\" data-is-last-node=\"\" data-is-only-node=\"\">\n<li data-start=\"2354\" data-end=\"2421\"><strong data-start=\"2356\" data-end=\"2375\">Accionamientos de tracci\u00f3n<\/strong> (transporte ferroviario, locomotoras el\u00e9ctricas)<\/li>\n<li data-start=\"2422\" data-end=\"2487\"><strong data-start=\"2424\" data-end=\"2445\">Controladores de motores<\/strong> (accionamientos industriales, sistemas de automatizaci\u00f3n)<\/li>\n<li data-start=\"2488\" data-end=\"2552\"><strong data-start=\"2490\" data-end=\"2504\">Red inteligente<\/strong> (gesti\u00f3n y distribuci\u00f3n eficiente de energ\u00eda)<\/li>\n<li data-start=\"2553\" data-end=\"2628\" data-is-last-node=\"\"><strong data-start=\"2555\" data-end=\"2585\">Inversores de alta fiabilidad<\/strong> (sistemas de conversi\u00f3n de energ\u00eda e\u00f3lica y solar)<\/li>\n<\/ul>","protected":false},"excerpt":{"rendered":"<p>El M\u00f3dulo de Potencia IGBT de Alta Tensi\u00f3n HCGM1200ASM45-PSA011 (4500V\/1200A) cuenta con una base de AlSiC, sustratos AIN, alta capacidad de ciclo t\u00e9rmico, bajo Vce(sat) y resistencia a cortocircuitos de 10\u03bcs, asegurando una refrigeraci\u00f3n eficiente y fiabilidad para accionamientos de tracci\u00f3n, controladores de motores, redes inteligentes e inversores de alta fiabilidad.<\/p>","protected":false},"featured_media":3368,"comment_status":"closed","ping_status":"closed","template":"","meta":{"_acf_changed":false},"product_brand":[],"product_cat":[29],"product_tag":[],"class_list":{"0":"post-3408","1":"product","2":"type-product","3":"status-publish","4":"has-post-thumbnail","6":"product_cat-high-voltage-igbt-module","8":"first","9":"instock","10":"shipping-taxable","11":"product-type-variable","12":"has-default-attributes"},"acf":[],"_links":{"self":[{"href":"https:\/\/www.hiitiosemi.com\/es\/wp-json\/wp\/v2\/product\/3408","targetHints":{"allow":["GET"]}}],"collection":[{"href":"https:\/\/www.hiitiosemi.com\/es\/wp-json\/wp\/v2\/product"}],"about":[{"href":"https:\/\/www.hiitiosemi.com\/es\/wp-json\/wp\/v2\/types\/product"}],"replies":[{"embeddable":true,"href":"https:\/\/www.hiitiosemi.com\/es\/wp-json\/wp\/v2\/comments?post=3408"}],"wp:featuredmedia":[{"embeddable":true,"href":"https:\/\/www.hiitiosemi.com\/es\/wp-json\/wp\/v2\/media\/3368"}],"wp:attachment":[{"href":"https:\/\/www.hiitiosemi.com\/es\/wp-json\/wp\/v2\/media?parent=3408"}],"wp:term":[{"taxonomy":"product_brand","embeddable":true,"href":"https:\/\/www.hiitiosemi.com\/es\/wp-json\/wp\/v2\/product_brand?post=3408"},{"taxonomy":"product_cat","embeddable":true,"href":"https:\/\/www.hiitiosemi.com\/es\/wp-json\/wp\/v2\/product_cat?post=3408"},{"taxonomy":"product_tag","embeddable":true,"href":"https:\/\/www.hiitiosemi.com\/es\/wp-json\/wp\/v2\/product_tag?post=3408"}],"curies":[{"name":"wp","href":"https:\/\/api.w.org\/{rel}","templated":true}]}}