{"id":3407,"date":"2025-11-07T07:10:02","date_gmt":"2025-11-07T07:10:02","guid":{"rendered":"https:\/\/www.hiitiosemi.com\/?post_type=product&#038;p=3407"},"modified":"2025-11-12T01:27:10","modified_gmt":"2025-11-12T01:27:10","slug":"4500v-800a-high-voltage-igbt-power-module","status":"publish","type":"product","link":"https:\/\/www.hiitiosemi.com\/es\/product\/4500v-800a-high-voltage-igbt-power-module\/","title":{"rendered":"M\u00f3dulo de potencia IGBT de alta tensi\u00f3n de 4500V 800A"},"content":{"rendered":"<h3>Caracter\u00edsticas<\/h3>\n<ul>\n<li>Clasificaci\u00f3n de alta tensi\u00f3n: 4500V, adecuado para aplicaciones industriales y de alta resistencia.<\/li>\n<li>Capacidad de corriente alta: 800A para un control eficiente de motores y conversi\u00f3n de energ\u00eda.<\/li>\n<li>Dise\u00f1o robusto con placa base de AlSiC y sustratos de AlN para un ciclo t\u00e9rmico \u00f3ptimo.<\/li>\n<li>Gesti\u00f3n t\u00e9rmica excepcional: resistencia a cortocircuitos de 10\u03bcs y bajo VCE(sat) para fiabilidad.<\/li>\n<li>Alta densidad de corriente y conversi\u00f3n de energ\u00eda eficiente para un rendimiento mejorado.<\/li>\n<\/ul>\n<h3>Aplicaciones<\/h3>\n<ul>\n<li><strong>Accionamientos de tracci\u00f3n<\/strong>: Ideal para veh\u00edculos el\u00e9ctricos y maquinaria pesada.<\/li>\n<li><strong>Controladores de motores<\/strong>: Soporta sistemas de motor de alto rendimiento en industrias como fabricaci\u00f3n y rob\u00f3tica.<\/li>\n<li><strong>Red inteligente<\/strong>: Permite una gesti\u00f3n eficiente de energ\u00eda en sistemas de energ\u00edas renovables.<\/li>\n<li><strong>Inversor de alta fiabilidad<\/strong>: Perfecto para aplicaciones que requieren conversi\u00f3n de energ\u00eda continua y estable.<\/li>\n<\/ul>\n<p>Este m\u00f3dulo est\u00e1 dise\u00f1ado para ofrecer alta eficiencia, durabilidad y adaptabilidad en una amplia gama de aplicaciones industriales y automotrices.<\/p>","protected":false},"excerpt":{"rendered":"<p>El m\u00f3dulo de potencia IGBT de alta tensi\u00f3n HCGM800XSM45-PSA011 ofrece un rendimiento excepcional con su capacidad de conmutaci\u00f3n de 4500V\/800A, lo que lo hace ideal para control avanzado de motores y aplicaciones industriales.<\/p>","protected":false},"featured_media":3433,"comment_status":"closed","ping_status":"closed","template":"","meta":{"_acf_changed":false},"product_brand":[],"product_cat":[29],"product_tag":[],"class_list":{"0":"post-3407","1":"product","2":"type-product","3":"status-publish","4":"has-post-thumbnail","6":"product_cat-high-voltage-igbt-module","8":"first","9":"instock","10":"shipping-taxable","11":"product-type-variable","12":"has-default-attributes"},"acf":[],"_links":{"self":[{"href":"https:\/\/www.hiitiosemi.com\/es\/wp-json\/wp\/v2\/product\/3407","targetHints":{"allow":["GET"]}}],"collection":[{"href":"https:\/\/www.hiitiosemi.com\/es\/wp-json\/wp\/v2\/product"}],"about":[{"href":"https:\/\/www.hiitiosemi.com\/es\/wp-json\/wp\/v2\/types\/product"}],"replies":[{"embeddable":true,"href":"https:\/\/www.hiitiosemi.com\/es\/wp-json\/wp\/v2\/comments?post=3407"}],"wp:featuredmedia":[{"embeddable":true,"href":"https:\/\/www.hiitiosemi.com\/es\/wp-json\/wp\/v2\/media\/3433"}],"wp:attachment":[{"href":"https:\/\/www.hiitiosemi.com\/es\/wp-json\/wp\/v2\/media?parent=3407"}],"wp:term":[{"taxonomy":"product_brand","embeddable":true,"href":"https:\/\/www.hiitiosemi.com\/es\/wp-json\/wp\/v2\/product_brand?post=3407"},{"taxonomy":"product_cat","embeddable":true,"href":"https:\/\/www.hiitiosemi.com\/es\/wp-json\/wp\/v2\/product_cat?post=3407"},{"taxonomy":"product_tag","embeddable":true,"href":"https:\/\/www.hiitiosemi.com\/es\/wp-json\/wp\/v2\/product_tag?post=3407"}],"curies":[{"name":"wp","href":"https:\/\/api.w.org\/{rel}","templated":true}]}}