{"id":3405,"date":"2025-11-07T07:10:02","date_gmt":"2025-11-07T07:10:02","guid":{"rendered":"https:\/\/www.hiitiosemi.com\/?post_type=product&#038;p=3405"},"modified":"2025-11-12T01:24:34","modified_gmt":"2025-11-12T01:24:34","slug":"3300v-1500a-high-voltage-igbt-power-module-2","status":"publish","type":"product","link":"https:\/\/www.hiitiosemi.com\/es\/product\/3300v-1500a-high-voltage-igbt-power-module-2\/","title":{"rendered":"M\u00f3dulo de potencia IGBT de alta tensi\u00f3n de 3300V 1500A"},"content":{"rendered":"<p data-start=\"1220\" data-end=\"1772\">El <strong data-start=\"1224\" data-end=\"1248\">HCGM1500ESM33-PSA012<\/strong> El M\u00f3dulo de Potencia IGBT de Alta Tensi\u00f3n est\u00e1 dise\u00f1ado para aplicaciones de conversi\u00f3n de alta potencia, con una clasificaci\u00f3n de <strong data-start=\"1341\" data-end=\"1350\">3300V<\/strong> y <strong data-start=\"1355\" data-end=\"1364\">1500A<\/strong>, asegurando una transferencia de energ\u00eda eficiente. Con <strong data-start=\"1412\" data-end=\"1431\">placa base AISiC<\/strong> y <strong data-start=\"1436\" data-end=\"1454\">sustratos AIN<\/strong>, ofrece un rendimiento t\u00e9rmico mejorado y estabilidad del sistema. Con <strong data-start=\"1522\" data-end=\"1579\">una alta capacidad de ciclo t\u00e9rmico, una alta densidad de corriente<\/strong>, y <strong data-start=\"1585\" data-end=\"1609\">bajas p\u00e9rdidas de conmutaci\u00f3n<\/strong>, este m\u00f3dulo proporciona una eficiencia superior en la conversi\u00f3n de energ\u00eda. Adem\u00e1s, su <strong data-start=\"1688\" data-end=\"1731\">capacidad de resistir cortocircuitos de 10\u03bcs<\/strong> garantiza la seguridad y fiabilidad del sistema.<\/p>\n<h3 data-start=\"1774\" data-end=\"1792\"><strong data-start=\"1778\" data-end=\"1790\">Caracter\u00edsticas<\/strong><\/h3>\n<ul data-start=\"1793\" data-end=\"2283\">\n<li data-start=\"1793\" data-end=\"1863\"><strong data-start=\"1795\" data-end=\"1814\">Placa base AISiC<\/strong>: Mejora la disipaci\u00f3n de calor y la vida \u00fatil del m\u00f3dulo<\/li>\n<li data-start=\"1864\" data-end=\"1934\"><strong data-start=\"1866\" data-end=\"1884\">Sustratos AIN<\/strong>: Mejora el aislamiento el\u00e9ctrico y la fiabilidad<\/li>\n<li data-start=\"1935\" data-end=\"2020\"><strong data-start=\"1937\" data-end=\"1972\">Alta Capacidad de Ciclo T\u00e9rmico<\/strong>: Resiste frecuentes fluctuaciones de temperatura<\/li>\n<li data-start=\"2021\" data-end=\"2107\"><strong data-start=\"2023\" data-end=\"2047\">Alta Densidad de Corriente<\/strong>: Soporta aplicaciones de alta potencia para una mayor eficiencia<\/li>\n<li data-start=\"2108\" data-end=\"2189\"><strong data-start=\"2110\" data-end=\"2134\">Bajas p\u00e9rdidas de conmutaci\u00f3n<\/strong>: Reduce el consumo de energ\u00eda y mejora el rendimiento<\/li>\n<li data-start=\"2190\" data-end=\"2283\"><strong data-start=\"2192\" data-end=\"2224\">Resistencia a cortocircuitos de 10\u03bcs<\/strong>: Proporciona protecci\u00f3n robusta del circuito para una operaci\u00f3n estable<\/li>\n<\/ul>\n<h3 data-start=\"2285\" data-end=\"2307\"><strong data-start=\"2289\" data-end=\"2305\">Aplicaciones<\/strong><\/h3>\n<ul data-start=\"2308\" data-end=\"2568\" data-is-only-node=\"\" data-is-last-node=\"\">\n<li data-start=\"2308\" data-end=\"2375\"><strong data-start=\"2310\" data-end=\"2329\">Accionamientos de tracci\u00f3n<\/strong> (transporte ferroviario, locomotoras el\u00e9ctricas)<\/li>\n<li data-start=\"2376\" data-end=\"2441\"><strong data-start=\"2378\" data-end=\"2399\">Controladores de motores<\/strong> (accionamientos industriales, sistemas de automatizaci\u00f3n)<\/li>\n<li data-start=\"2442\" data-end=\"2498\"><strong data-start=\"2444\" data-end=\"2458\">Red inteligente<\/strong> (regulaci\u00f3n de potencia, gesti\u00f3n de energ\u00eda)<\/li>\n<li data-start=\"2499\" data-end=\"2568\" data-is-last-node=\"\"><strong data-start=\"2501\" data-end=\"2531\">Inversores de alta fiabilidad<\/strong> (conversi\u00f3n de energ\u00eda e\u00f3lica y solar)<\/li>\n<\/ul>","protected":false},"excerpt":{"rendered":"<p>El M\u00f3dulo de Potencia IGBT de Alta Tensi\u00f3n HCGM1500ESM33-PSA012, con una clasificaci\u00f3n de 3300V\/1500A, presenta una placa base AISiC y sustratos AIN para un ciclo t\u00e9rmico superior y una alta densidad de corriente. Con bajas p\u00e9rdidas de conmutaci\u00f3n y una resistencia a cortocircuitos de 10\u03bcs, es ideal para accionamientos de tracci\u00f3n, controladores de motores, redes inteligentes y inversores de alta fiabilidad.<\/p>","protected":false},"featured_media":3432,"comment_status":"closed","ping_status":"closed","template":"","meta":{"_acf_changed":false},"product_brand":[],"product_cat":[29],"product_tag":[],"class_list":{"0":"post-3405","1":"product","2":"type-product","3":"status-publish","4":"has-post-thumbnail","6":"product_cat-high-voltage-igbt-module","8":"first","9":"instock","10":"shipping-taxable","11":"product-type-variable","12":"has-default-attributes"},"acf":[],"_links":{"self":[{"href":"https:\/\/www.hiitiosemi.com\/es\/wp-json\/wp\/v2\/product\/3405","targetHints":{"allow":["GET"]}}],"collection":[{"href":"https:\/\/www.hiitiosemi.com\/es\/wp-json\/wp\/v2\/product"}],"about":[{"href":"https:\/\/www.hiitiosemi.com\/es\/wp-json\/wp\/v2\/types\/product"}],"replies":[{"embeddable":true,"href":"https:\/\/www.hiitiosemi.com\/es\/wp-json\/wp\/v2\/comments?post=3405"}],"wp:featuredmedia":[{"embeddable":true,"href":"https:\/\/www.hiitiosemi.com\/es\/wp-json\/wp\/v2\/media\/3432"}],"wp:attachment":[{"href":"https:\/\/www.hiitiosemi.com\/es\/wp-json\/wp\/v2\/media?parent=3405"}],"wp:term":[{"taxonomy":"product_brand","embeddable":true,"href":"https:\/\/www.hiitiosemi.com\/es\/wp-json\/wp\/v2\/product_brand?post=3405"},{"taxonomy":"product_cat","embeddable":true,"href":"https:\/\/www.hiitiosemi.com\/es\/wp-json\/wp\/v2\/product_cat?post=3405"},{"taxonomy":"product_tag","embeddable":true,"href":"https:\/\/www.hiitiosemi.com\/es\/wp-json\/wp\/v2\/product_tag?post=3405"}],"curies":[{"name":"wp","href":"https:\/\/api.w.org\/{rel}","templated":true}]}}