{"id":3404,"date":"2025-11-07T07:10:02","date_gmt":"2025-11-07T07:10:02","guid":{"rendered":"https:\/\/www.hiitiosemi.com\/?post_type=product&#038;p=3404"},"modified":"2025-11-12T01:25:11","modified_gmt":"2025-11-12T01:25:11","slug":"3300v-1500a-high-voltage-igbt-power-module","status":"publish","type":"product","link":"https:\/\/www.hiitiosemi.com\/es\/product\/3300v-1500a-high-voltage-igbt-power-module\/","title":{"rendered":"M\u00f3dulo de potencia IGBT de alta tensi\u00f3n de 3300V 1500A"},"content":{"rendered":"<p data-start=\"1163\" data-end=\"1724\">El <strong data-start=\"1167\" data-end=\"1192\">HCGM1500E2SM33-PSA012<\/strong> El M\u00f3dulo de Potencia IGBT de Alta Tensi\u00f3n est\u00e1 dise\u00f1ado para aplicaciones industriales de alta tensi\u00f3n y alta corriente, con una clasificaci\u00f3n de <strong data-start=\"1301\" data-end=\"1316\">3300V\/1500A<\/strong> para garantizar una excelente eficiencia en la conversi\u00f3n de energ\u00eda. Con un <strong data-start=\"1379\" data-end=\"1398\">placa base AISiC<\/strong> y <strong data-start=\"1403\" data-end=\"1421\">sustratos AIN<\/strong>, mejora el rendimiento t\u00e9rmico y la estabilidad del sistema. Con <strong data-start=\"1482\" data-end=\"1517\">alta capacidad de ciclo t\u00e9rmico<\/strong> y <strong data-start=\"1522\" data-end=\"1554\">resistencia a cortocircuitos de 10\u03bcs<\/strong>, este m\u00f3dulo garantiza un funcionamiento fiable en condiciones exigentes, siendo ideal para accionamientos de tracci\u00f3n, control de motores, redes inteligentes e inversores de alta fiabilidad.<\/p>\n<h3 data-start=\"1726\" data-end=\"1744\"><strong data-start=\"1730\" data-end=\"1742\">Caracter\u00edsticas<\/strong><\/h3>\n<ul data-start=\"1745\" data-end=\"2089\">\n<li data-start=\"1745\" data-end=\"1817\"><strong data-start=\"1747\" data-end=\"1766\">Placa base AISiC<\/strong>: Mejora la disipaci\u00f3n de calor y la durabilidad del sistema<\/li>\n<li data-start=\"1818\" data-end=\"1888\"><strong data-start=\"1820\" data-end=\"1838\">Sustratos AIN<\/strong>: Mejora el aislamiento el\u00e9ctrico y la fiabilidad<\/li>\n<li data-start=\"1889\" data-end=\"1994\"><strong data-start=\"1891\" data-end=\"1926\">Alta Capacidad de Ciclo T\u00e9rmico<\/strong>: Resiste variaciones frecuentes de temperatura para una vida \u00fatil prolongada<\/li>\n<li data-start=\"1995\" data-end=\"2089\"><strong data-start=\"1997\" data-end=\"2029\">Resistencia a cortocircuitos de 10\u03bcs<\/strong>: Proporciona protecci\u00f3n superior del circuito y mayor seguridad<\/li>\n<\/ul>\n<h3 data-start=\"2091\" data-end=\"2113\"><strong data-start=\"2095\" data-end=\"2111\">Aplicaciones<\/strong><\/h3>\n<ul data-start=\"2114\" data-end=\"2384\" data-is-last-node=\"\" data-is-only-node=\"\">\n<li data-start=\"2114\" data-end=\"2187\"><strong data-start=\"2116\" data-end=\"2135\">Accionamientos de tracci\u00f3n<\/strong> (transporte ferroviario, locomotoras el\u00e9ctricas, etc.)<\/li>\n<li data-start=\"2188\" data-end=\"2253\"><strong data-start=\"2190\" data-end=\"2211\">Controladores de motores<\/strong> (accionamientos industriales, control de automatizaci\u00f3n)<\/li>\n<li data-start=\"2254\" data-end=\"2308\"><strong data-start=\"2256\" data-end=\"2270\">Red inteligente<\/strong> (gesti\u00f3n y distribuci\u00f3n de energ\u00eda)<\/li>\n<li data-start=\"2309\" data-end=\"2384\" data-is-last-node=\"\"><strong data-start=\"2311\" data-end=\"2341\">Inversores de alta fiabilidad<\/strong> (sistemas de conversi\u00f3n de energ\u00eda e\u00f3lica y solar)<\/li>\n<\/ul>","protected":false},"excerpt":{"rendered":"<p data-start=\"182\" data-end=\"533\">El M\u00f3dulo de Potencia IGBT de Alta Tensi\u00f3n HCGM1500E2SM33-PSA012, con una clasificaci\u00f3n de 3300V\/1500A, presenta una placa base AISiC y sustratos AIN para mejorar el ciclo t\u00e9rmico. Con una resistencia a cortocircuitos de 10\u03bcs, garantiza una disipaci\u00f3n de calor eficiente y estabilidad, ideal para accionamientos de tracci\u00f3n, controladores de motores, redes inteligentes y inversores de alta fiabilidad.<\/p>","protected":false},"featured_media":3367,"comment_status":"closed","ping_status":"closed","template":"","meta":{"_acf_changed":false},"product_brand":[],"product_cat":[29],"product_tag":[],"class_list":{"0":"post-3404","1":"product","2":"type-product","3":"status-publish","4":"has-post-thumbnail","6":"product_cat-high-voltage-igbt-module","8":"first","9":"instock","10":"shipping-taxable","11":"product-type-variable","12":"has-default-attributes"},"acf":[],"_links":{"self":[{"href":"https:\/\/www.hiitiosemi.com\/es\/wp-json\/wp\/v2\/product\/3404","targetHints":{"allow":["GET"]}}],"collection":[{"href":"https:\/\/www.hiitiosemi.com\/es\/wp-json\/wp\/v2\/product"}],"about":[{"href":"https:\/\/www.hiitiosemi.com\/es\/wp-json\/wp\/v2\/types\/product"}],"replies":[{"embeddable":true,"href":"https:\/\/www.hiitiosemi.com\/es\/wp-json\/wp\/v2\/comments?post=3404"}],"wp:featuredmedia":[{"embeddable":true,"href":"https:\/\/www.hiitiosemi.com\/es\/wp-json\/wp\/v2\/media\/3367"}],"wp:attachment":[{"href":"https:\/\/www.hiitiosemi.com\/es\/wp-json\/wp\/v2\/media?parent=3404"}],"wp:term":[{"taxonomy":"product_brand","embeddable":true,"href":"https:\/\/www.hiitiosemi.com\/es\/wp-json\/wp\/v2\/product_brand?post=3404"},{"taxonomy":"product_cat","embeddable":true,"href":"https:\/\/www.hiitiosemi.com\/es\/wp-json\/wp\/v2\/product_cat?post=3404"},{"taxonomy":"product_tag","embeddable":true,"href":"https:\/\/www.hiitiosemi.com\/es\/wp-json\/wp\/v2\/product_tag?post=3404"}],"curies":[{"name":"wp","href":"https:\/\/api.w.org\/{rel}","templated":true}]}}