{"id":3403,"date":"2025-11-07T07:10:02","date_gmt":"2025-11-07T07:10:02","guid":{"rendered":"https:\/\/www.hiitiosemi.com\/?post_type=product&#038;p=3403"},"modified":"2025-11-12T01:23:13","modified_gmt":"2025-11-12T01:23:13","slug":"3300v-1000a-high-voltage-igbt-power-module-2","status":"publish","type":"product","link":"https:\/\/www.hiitiosemi.com\/es\/product\/3300v-1000a-high-voltage-igbt-power-module-2\/","title":{"rendered":"M\u00f3dulo de potencia IGBT de alta tensi\u00f3n 3300V 1000A"},"content":{"rendered":"<p data-start=\"1202\" data-end=\"1790\">El <strong data-start=\"1206\" data-end=\"1230\">HCGM1000NSM33-PSA011<\/strong> El M\u00f3dulo de Potencia IGBT de Alta Tensi\u00f3n est\u00e1 dise\u00f1ado para aplicaciones de alta tensi\u00f3n y alta corriente, con una clasificaci\u00f3n de <strong data-start=\"1328\" data-end=\"1343\">3300V\/1000A<\/strong>, asegurando una conversi\u00f3n de energ\u00eda eficiente y una gesti\u00f3n t\u00e9rmica sobresaliente. Con <strong data-start=\"1427\" data-end=\"1446\">placa base AISiC<\/strong> y <strong data-start=\"1451\" data-end=\"1469\">sustratos AIN<\/strong>, mejora la estabilidad t\u00e9rmica y la fiabilidad el\u00e9ctrica. Con <strong data-start=\"1534\" data-end=\"1569\">alta capacidad de ciclo t\u00e9rmico<\/strong> y <strong data-start=\"1574\" data-end=\"1606\">resistencia a cortocircuitos de 10\u03bcs<\/strong>, este m\u00f3dulo garantiza estabilidad a largo plazo bajo cargas elevadas y condiciones extremas, lo que lo hace ideal para accionamientos de tracci\u00f3n, control de motores, redes inteligentes e inversores de alta fiabilidad.<\/p>\n<h3 data-start=\"1792\" data-end=\"1810\"><strong data-start=\"1796\" data-end=\"1808\">Caracter\u00edsticas<\/strong><\/h3>\n<ul data-start=\"1811\" data-end=\"2164\">\n<li data-start=\"1811\" data-end=\"1884\"><strong data-start=\"1813\" data-end=\"1832\">Placa base AISiC<\/strong>: Mejora la disipaci\u00f3n de calor y la fiabilidad del m\u00f3dulo<\/li>\n<li data-start=\"1885\" data-end=\"1954\"><strong data-start=\"1887\" data-end=\"1905\">Sustratos AIN<\/strong>: Mejora el aislamiento el\u00e9ctrico y la durabilidad<\/li>\n<li data-start=\"1955\" data-end=\"2056\"><strong data-start=\"1957\" data-end=\"1992\">Alta Capacidad de Ciclo T\u00e9rmico<\/strong>: Se adapta a entornos complejos, garantizando estabilidad a largo plazo<\/li>\n<li data-start=\"2057\" data-end=\"2164\"><strong data-start=\"2059\" data-end=\"2091\">Resistencia a cortocircuitos de 10\u03bcs<\/strong>: Proporciona protecci\u00f3n superior contra cortocircuitos para una mayor seguridad del sistema<\/li>\n<\/ul>\n<h3 data-start=\"2166\" data-end=\"2188\"><strong data-start=\"2170\" data-end=\"2186\">Aplicaciones<\/strong><\/h3>\n<ul data-start=\"2189\" data-end=\"2465\" data-is-only-node=\"\" data-is-last-node=\"\">\n<li data-start=\"2189\" data-end=\"2256\"><strong data-start=\"2191\" data-end=\"2210\">Accionamientos de tracci\u00f3n<\/strong> (transporte ferroviario, locomotoras el\u00e9ctricas)<\/li>\n<li data-start=\"2257\" data-end=\"2322\"><strong data-start=\"2259\" data-end=\"2280\">Controladores de motores<\/strong> (accionamientos industriales, sistemas de automatizaci\u00f3n)<\/li>\n<li data-start=\"2323\" data-end=\"2387\"><strong data-start=\"2325\" data-end=\"2339\">Red inteligente<\/strong> (gesti\u00f3n y distribuci\u00f3n eficiente de energ\u00eda)<\/li>\n<li data-start=\"2388\" data-end=\"2465\" data-is-last-node=\"\"><strong data-start=\"2390\" data-end=\"2420\">Inversores de alta fiabilidad<\/strong> (sistemas de conversi\u00f3n de energ\u00eda e\u00f3lica y solar)<\/li>\n<\/ul>","protected":false},"excerpt":{"rendered":"<p data-start=\"188\" data-end=\"566\">El M\u00f3dulo de Potencia IGBT de Alta Tensi\u00f3n HCGM1000NSM33-PSA011, con una clasificaci\u00f3n de 3300V\/1000A, cuenta con una base AISiC y sustratos AIN para un ciclo t\u00e9rmico superior. Con una capacidad de soportar cortocircuitos de 10\u03bcs, garantiza una excelente disipaci\u00f3n de calor y estabilidad del sistema, lo que lo hace ideal para accionamientos de tracci\u00f3n, controladores de motores, redes inteligentes e inversores de alta fiabilidad.<\/p>","protected":false},"featured_media":3366,"comment_status":"closed","ping_status":"closed","template":"","meta":{"_acf_changed":false},"product_brand":[],"product_cat":[29],"product_tag":[],"class_list":{"0":"post-3403","1":"product","2":"type-product","3":"status-publish","4":"has-post-thumbnail","6":"product_cat-high-voltage-igbt-module","8":"first","9":"instock","10":"shipping-taxable","11":"product-type-variable","12":"has-default-attributes"},"acf":[],"_links":{"self":[{"href":"https:\/\/www.hiitiosemi.com\/es\/wp-json\/wp\/v2\/product\/3403","targetHints":{"allow":["GET"]}}],"collection":[{"href":"https:\/\/www.hiitiosemi.com\/es\/wp-json\/wp\/v2\/product"}],"about":[{"href":"https:\/\/www.hiitiosemi.com\/es\/wp-json\/wp\/v2\/types\/product"}],"replies":[{"embeddable":true,"href":"https:\/\/www.hiitiosemi.com\/es\/wp-json\/wp\/v2\/comments?post=3403"}],"wp:featuredmedia":[{"embeddable":true,"href":"https:\/\/www.hiitiosemi.com\/es\/wp-json\/wp\/v2\/media\/3366"}],"wp:attachment":[{"href":"https:\/\/www.hiitiosemi.com\/es\/wp-json\/wp\/v2\/media?parent=3403"}],"wp:term":[{"taxonomy":"product_brand","embeddable":true,"href":"https:\/\/www.hiitiosemi.com\/es\/wp-json\/wp\/v2\/product_brand?post=3403"},{"taxonomy":"product_cat","embeddable":true,"href":"https:\/\/www.hiitiosemi.com\/es\/wp-json\/wp\/v2\/product_cat?post=3403"},{"taxonomy":"product_tag","embeddable":true,"href":"https:\/\/www.hiitiosemi.com\/es\/wp-json\/wp\/v2\/product_tag?post=3403"}],"curies":[{"name":"wp","href":"https:\/\/api.w.org\/{rel}","templated":true}]}}