{"id":3402,"date":"2025-11-07T07:10:02","date_gmt":"2025-11-07T07:10:02","guid":{"rendered":"https:\/\/www.hiitiosemi.com\/?post_type=product&#038;p=3402"},"modified":"2025-11-12T01:23:50","modified_gmt":"2025-11-12T01:23:50","slug":"3300v-1000a-high-voltage-igbt-power-module","status":"publish","type":"product","link":"https:\/\/www.hiitiosemi.com\/es\/product\/3300v-1000a-high-voltage-igbt-power-module\/","title":{"rendered":"M\u00f3dulo de potencia IGBT de alta tensi\u00f3n 3300V 1000A"},"content":{"rendered":"<h3><strong>Caracter\u00edsticas:<\/strong><\/h3>\n<ul>\n<li><strong>Manejo de Alta Tensi\u00f3n:<\/strong>\u00a0Opera de manera eficiente a 3300V, ideal para accionamientos industriales y de motores el\u00e9ctricos.<\/li>\n<li><strong>Alta Capacidad de Corriente:<\/strong>\u00a0Soporta 1000A para aplicaciones de control de motores potentes.<\/li>\n<li><strong>Materiales Avanzados:<\/strong>\u00a0Base de AlSiC con sustratos de AIN para un rendimiento superior en ciclos t\u00e9rmicos.<\/li>\n<li><strong>Respuesta R\u00e1pida:<\/strong>\u00a0Capacidad de soportar cortocircuitos en 10\u03bcs que asegura una recuperaci\u00f3n r\u00e1pida en escenarios de alta tensi\u00f3n.<\/li>\n<li><strong>Eficiencia Energ\u00e9tica:<\/strong>\u00a0V ce(sat) bajo reduce la p\u00e9rdida de energ\u00eda y mejora la eficiencia general.<\/li>\n<\/ul>\n<h3><strong>Aplicaciones:<\/strong><\/h3>\n<ul>\n<li><strong>Accionamientos de Tracci\u00f3n:<\/strong>\u00a0Ideal para veh\u00edculos el\u00e9ctricos y transportadores industriales.<\/li>\n<li><strong>Control de Motores:<\/strong>\u00a0Adecuado para sistemas de protecci\u00f3n de motores y control de velocidad.<\/li>\n<li><strong>Integraci\u00f3n en Redes Inteligentes:<\/strong>\u00a0Soporta sistemas de energ\u00eda renovable con alta fiabilidad.<\/li>\n<li><strong>Inversores de Alta Confiabilidad:<\/strong>\u00a0Utilizados en energ\u00edas renovables y automatizaci\u00f3n industrial.<\/li>\n<\/ul>","protected":false},"excerpt":{"rendered":"<p>El M\u00f3dulo de Potencia IGBT de Alta Tensi\u00f3n HCGM1000ECM33-PSA011 (3300V\/1000A) cuenta con base AISiC, sustratos AIN, alta capacidad de ciclo t\u00e9rmico y resistencia a cortocircuitos de 10\u03bcs, asegurando una refrigeraci\u00f3n eficiente y un rendimiento estable para accionamientos de tracci\u00f3n, controladores de motores, redes inteligentes e inversores de alta fiabilidad.<\/p>","protected":false},"featured_media":3431,"comment_status":"closed","ping_status":"closed","template":"","meta":{"_acf_changed":false},"product_brand":[],"product_cat":[29],"product_tag":[],"class_list":{"0":"post-3402","1":"product","2":"type-product","3":"status-publish","4":"has-post-thumbnail","6":"product_cat-high-voltage-igbt-module","8":"first","9":"instock","10":"shipping-taxable","11":"product-type-variable","12":"has-default-attributes"},"acf":[],"_links":{"self":[{"href":"https:\/\/www.hiitiosemi.com\/es\/wp-json\/wp\/v2\/product\/3402","targetHints":{"allow":["GET"]}}],"collection":[{"href":"https:\/\/www.hiitiosemi.com\/es\/wp-json\/wp\/v2\/product"}],"about":[{"href":"https:\/\/www.hiitiosemi.com\/es\/wp-json\/wp\/v2\/types\/product"}],"replies":[{"embeddable":true,"href":"https:\/\/www.hiitiosemi.com\/es\/wp-json\/wp\/v2\/comments?post=3402"}],"wp:featuredmedia":[{"embeddable":true,"href":"https:\/\/www.hiitiosemi.com\/es\/wp-json\/wp\/v2\/media\/3431"}],"wp:attachment":[{"href":"https:\/\/www.hiitiosemi.com\/es\/wp-json\/wp\/v2\/media?parent=3402"}],"wp:term":[{"taxonomy":"product_brand","embeddable":true,"href":"https:\/\/www.hiitiosemi.com\/es\/wp-json\/wp\/v2\/product_brand?post=3402"},{"taxonomy":"product_cat","embeddable":true,"href":"https:\/\/www.hiitiosemi.com\/es\/wp-json\/wp\/v2\/product_cat?post=3402"},{"taxonomy":"product_tag","embeddable":true,"href":"https:\/\/www.hiitiosemi.com\/es\/wp-json\/wp\/v2\/product_tag?post=3402"}],"curies":[{"name":"wp","href":"https:\/\/api.w.org\/{rel}","templated":true}]}}