{"id":3343,"date":"2025-11-07T07:09:31","date_gmt":"2025-11-07T07:09:31","guid":{"rendered":"https:\/\/www.hiitiosemi.com\/?post_type=product&#038;p=3343"},"modified":"2025-11-12T01:31:11","modified_gmt":"2025-11-12T01:31:11","slug":"3300v-450a-high-voltage-igbt-power-module","status":"publish","type":"product","link":"https:\/\/www.hiitiosemi.com\/es\/product\/3300v-450a-high-voltage-igbt-power-module\/","title":{"rendered":"M\u00f3dulo de potencia IGBT de alta tensi\u00f3n de 3300V 450A"},"content":{"rendered":"<p data-start=\"978\" data-end=\"1241\">El M\u00f3dulo de potencia IGBT de alta tensi\u00f3n HCGM450X1HM33-TSA000 est\u00e1 dise\u00f1ado para aplicaciones de alta tensi\u00f3n extremas, combinando materiales de vanguardia y gesti\u00f3n t\u00e9rmica para ofrecer una conversi\u00f3n de potencia sobresaliente y una vida \u00fatil prolongada.<\/p>\n<h3 data-start=\"1243\" data-end=\"1257\">Caracter\u00edsticas<\/h3>\n<ul data-start=\"1258\" data-end=\"1577\">\n<li data-start=\"1258\" data-end=\"1325\"><strong data-start=\"1260\" data-end=\"1286\">Resistencia a la alta tensi\u00f3n<\/strong>: La clasificaci\u00f3n de 3300V garantiza una operaci\u00f3n segura<\/li>\n<li data-start=\"1326\" data-end=\"1400\"><strong data-start=\"1328\" data-end=\"1353\">Alta capacidad de corriente<\/strong>: La corriente nominal de 450A cumple con demandas de alta potencia<\/li>\n<li data-start=\"1401\" data-end=\"1487\"><strong data-start=\"1403\" data-end=\"1430\">Dise\u00f1o t\u00e9rmico superior<\/strong>: La tecnolog\u00eda de enfriamiento avanzada mejora la estabilidad del sistema<\/li>\n<li data-start=\"1488\" data-end=\"1577\"><strong data-start=\"1490\" data-end=\"1512\">Compacto y confiable<\/strong>: Construcci\u00f3n robusta ideal para diversos entornos industriales<\/li>\n<\/ul>\n<h3 data-start=\"1579\" data-end=\"1597\">Aplicaciones<\/h3>\n<ul data-start=\"1598\" data-end=\"1702\">\n<li data-start=\"1598\" data-end=\"1624\">Sistemas de accionamiento de tracci\u00f3n<\/li>\n<li data-start=\"1625\" data-end=\"1648\">Unidades de control de motores<\/li>\n<li data-start=\"1649\" data-end=\"1679\">Inversores de alto rendimiento<\/li>\n<li data-start=\"1680\" data-end=\"1702\">Soluciones de red inteligente<\/li>\n<\/ul>","protected":false},"excerpt":{"rendered":"<p>El M\u00f3dulo de potencia IGBT de alta tensi\u00f3n HCGM450X1HM33-TSA000 presenta una clasificaci\u00f3n de voltaje de 3300V y una capacidad de corriente de 450A. Utilizando gesti\u00f3n t\u00e9rmica avanzada y materiales eficientes, garantiza una operaci\u00f3n estable y de alto rendimiento\u2014ideal para control de motores, accionamientos de tracci\u00f3n, inversores y aplicaciones de redes inteligentes.<\/p>","protected":false},"featured_media":3369,"comment_status":"closed","ping_status":"closed","template":"","meta":{"_acf_changed":false},"product_brand":[],"product_cat":[29],"product_tag":[],"class_list":{"0":"post-3343","1":"product","2":"type-product","3":"status-publish","4":"has-post-thumbnail","6":"product_cat-high-voltage-igbt-module","8":"first","9":"instock","10":"shipping-taxable","11":"product-type-variable","12":"has-default-attributes"},"acf":[],"_links":{"self":[{"href":"https:\/\/www.hiitiosemi.com\/es\/wp-json\/wp\/v2\/product\/3343","targetHints":{"allow":["GET"]}}],"collection":[{"href":"https:\/\/www.hiitiosemi.com\/es\/wp-json\/wp\/v2\/product"}],"about":[{"href":"https:\/\/www.hiitiosemi.com\/es\/wp-json\/wp\/v2\/types\/product"}],"replies":[{"embeddable":true,"href":"https:\/\/www.hiitiosemi.com\/es\/wp-json\/wp\/v2\/comments?post=3343"}],"wp:featuredmedia":[{"embeddable":true,"href":"https:\/\/www.hiitiosemi.com\/es\/wp-json\/wp\/v2\/media\/3369"}],"wp:attachment":[{"href":"https:\/\/www.hiitiosemi.com\/es\/wp-json\/wp\/v2\/media?parent=3343"}],"wp:term":[{"taxonomy":"product_brand","embeddable":true,"href":"https:\/\/www.hiitiosemi.com\/es\/wp-json\/wp\/v2\/product_brand?post=3343"},{"taxonomy":"product_cat","embeddable":true,"href":"https:\/\/www.hiitiosemi.com\/es\/wp-json\/wp\/v2\/product_cat?post=3343"},{"taxonomy":"product_tag","embeddable":true,"href":"https:\/\/www.hiitiosemi.com\/es\/wp-json\/wp\/v2\/product_tag?post=3343"}],"curies":[{"name":"wp","href":"https:\/\/api.w.org\/{rel}","templated":true}]}}