{"id":3342,"date":"2025-11-07T07:09:31","date_gmt":"2025-11-07T07:09:31","guid":{"rendered":"https:\/\/www.hiitiosemi.com\/?post_type=product&#038;p=3342"},"modified":"2025-11-12T01:32:33","modified_gmt":"2025-11-12T01:32:33","slug":"2400v-1700a-high-voltage-igbt-power-module","status":"publish","type":"product","link":"https:\/\/www.hiitiosemi.com\/es\/product\/2400v-1700a-high-voltage-igbt-power-module\/","title":{"rendered":"M\u00f3dulo de potencia IGBT de alta tensi\u00f3n de 2400V 1700A"},"content":{"rendered":"<p data-start=\"1001\" data-end=\"1209\">El m\u00f3dulo IGBT de conmutaci\u00f3n \u00fanica HCGM2400ESM17-TSA000 est\u00e1 dise\u00f1ado para aplicaciones industriales de alto rendimiento, garantizando un excelente rendimiento el\u00e9ctrico y gesti\u00f3n t\u00e9rmica.<\/p>\n<h3 data-start=\"1211\" data-end=\"1225\">Caracter\u00edsticas<\/h3>\n<ul data-start=\"1226\" data-end=\"1672\">\n<li data-start=\"1226\" data-end=\"1288\"><strong data-start=\"1228\" data-end=\"1247\">Sustrato AlSiC<\/strong>: Ofrece una disipaci\u00f3n de calor excepcional<\/li>\n<li data-start=\"1289\" data-end=\"1351\"><strong data-start=\"1291\" data-end=\"1308\">Sustrato AlN<\/strong>: Mejora la estabilidad y longevidad del m\u00f3dulo<\/li>\n<li data-start=\"1352\" data-end=\"1449\"><strong data-start=\"1354\" data-end=\"1389\">Alta Capacidad de Ciclo T\u00e9rmico<\/strong>: Ideal para entornos con cambios frecuentes de temperatura<\/li>\n<li data-start=\"1450\" data-end=\"1526\"><strong data-start=\"1452\" data-end=\"1484\">Resistencia a cortocircuitos de 10\u03bcs<\/strong>: Garantiza una operaci\u00f3n segura y fiable<\/li>\n<li data-start=\"1527\" data-end=\"1597\"><strong data-start=\"1529\" data-end=\"1545\">Bajo Vce(sat)<\/strong>: Reduce el consumo de energ\u00eda y aumenta la eficiencia<\/li>\n<li data-start=\"1598\" data-end=\"1672\"><strong data-start=\"1600\" data-end=\"1624\">Alta Densidad de Corriente<\/strong>: Soporta los requisitos de aplicaciones de alta potencia<\/li>\n<\/ul>\n<h3 data-start=\"1674\" data-end=\"1692\">Aplicaciones<\/h3>\n<ul data-start=\"1693\" data-end=\"1797\">\n<li data-start=\"1693\" data-end=\"1719\">Sistemas de accionamiento de tracci\u00f3n<\/li>\n<li data-start=\"1720\" data-end=\"1743\">Unidades de control de motores<\/li>\n<li data-start=\"1744\" data-end=\"1768\">Soluciones de red inteligente<\/li>\n<li data-start=\"1769\" data-end=\"1797\">Inversores de alta fiabilidad<\/li>\n<\/ul>","protected":false},"excerpt":{"rendered":"<p>El m\u00f3dulo IGBT de conmutaci\u00f3n \u00fanica HCGM2400ESM17-TSA000 utiliza tecnolog\u00eda avanzada AlSiC y AlN, ofreciendo alta capacidad de ciclo t\u00e9rmico, bajo Vce(sat) y alta densidad de corriente. Ideal para accionamientos de tracci\u00f3n, control de motores, redes inteligentes e inversores de alta fiabilidad, proporciona un rendimiento estable y eficiente en aplicaciones industriales exigentes.<\/p>","protected":false},"featured_media":3368,"comment_status":"closed","ping_status":"closed","template":"","meta":{"_acf_changed":false},"product_brand":[],"product_cat":[29],"product_tag":[],"class_list":{"0":"post-3342","1":"product","2":"type-product","3":"status-publish","4":"has-post-thumbnail","6":"product_cat-high-voltage-igbt-module","8":"first","9":"instock","10":"shipping-taxable","11":"product-type-variable","12":"has-default-attributes"},"acf":[],"_links":{"self":[{"href":"https:\/\/www.hiitiosemi.com\/es\/wp-json\/wp\/v2\/product\/3342","targetHints":{"allow":["GET"]}}],"collection":[{"href":"https:\/\/www.hiitiosemi.com\/es\/wp-json\/wp\/v2\/product"}],"about":[{"href":"https:\/\/www.hiitiosemi.com\/es\/wp-json\/wp\/v2\/types\/product"}],"replies":[{"embeddable":true,"href":"https:\/\/www.hiitiosemi.com\/es\/wp-json\/wp\/v2\/comments?post=3342"}],"wp:featuredmedia":[{"embeddable":true,"href":"https:\/\/www.hiitiosemi.com\/es\/wp-json\/wp\/v2\/media\/3368"}],"wp:attachment":[{"href":"https:\/\/www.hiitiosemi.com\/es\/wp-json\/wp\/v2\/media?parent=3342"}],"wp:term":[{"taxonomy":"product_brand","embeddable":true,"href":"https:\/\/www.hiitiosemi.com\/es\/wp-json\/wp\/v2\/product_brand?post=3342"},{"taxonomy":"product_cat","embeddable":true,"href":"https:\/\/www.hiitiosemi.com\/es\/wp-json\/wp\/v2\/product_cat?post=3342"},{"taxonomy":"product_tag","embeddable":true,"href":"https:\/\/www.hiitiosemi.com\/es\/wp-json\/wp\/v2\/product_tag?post=3342"}],"curies":[{"name":"wp","href":"https:\/\/api.w.org\/{rel}","templated":true}]}}