{"id":3339,"date":"2025-11-07T07:09:31","date_gmt":"2025-11-07T07:09:31","guid":{"rendered":"https:\/\/www.hiitiosemi.com\/?post_type=product&#038;p=3339"},"modified":"2025-11-12T01:29:45","modified_gmt":"2025-11-12T01:29:45","slug":"1700v-3600a-high-voltage-igbt-power-module","status":"publish","type":"product","link":"https:\/\/www.hiitiosemi.com\/es\/product\/1700v-3600a-high-voltage-igbt-power-module\/","title":{"rendered":"M\u00f3dulo de potencia IGBT de alta tensi\u00f3n de 1700V 3600A"},"content":{"rendered":"<p data-start=\"995\" data-end=\"1227\">Descripci\u00f3n del producto: El m\u00f3dulo de IGBT de conmutaci\u00f3n sencilla HCGM3600E2SM17-TSA000 utiliza tecnolog\u00eda de vanguardia AISiC y AIN, dise\u00f1ado para aplicaciones industriales de alta potencia, proporcionando conversi\u00f3n de energ\u00eda estable y eficiente.<\/p>\n<h3 data-start=\"1229\" data-end=\"1243\">Caracter\u00edsticas<\/h3>\n<ul data-start=\"1244\" data-end=\"1580\">\n<li data-start=\"1244\" data-end=\"1330\"><strong data-start=\"1246\" data-end=\"1277\">Alta tensi\u00f3n y alta corriente<\/strong>: Clasificado a 1700V y 3600A para operaciones exigentes<\/li>\n<li data-start=\"1331\" data-end=\"1414\"><strong data-start=\"1333\" data-end=\"1362\">Excelente resistencia a ciclos t\u00e9rmicos<\/strong>: Garantiza una larga vida \u00fatil y un rendimiento estable<\/li>\n<li data-start=\"1415\" data-end=\"1486\"><strong data-start=\"1417\" data-end=\"1449\">Resistencia a cortocircuitos de 10\u03bcs<\/strong>: Proporciona protecci\u00f3n robusta del sistema<\/li>\n<li data-start=\"1487\" data-end=\"1580\"><strong data-start=\"1489\" data-end=\"1522\">Tecnolog\u00eda avanzada de sustratos<\/strong>: La combinaci\u00f3n de AISiC y AIN mejora la disipaci\u00f3n de calor<\/li>\n<\/ul>\n<h3 data-start=\"1582\" data-end=\"1600\">Aplicaciones<\/h3>\n<ul data-start=\"1601\" data-end=\"1709\">\n<li data-start=\"1601\" data-end=\"1627\">Sistemas de accionamiento de tracci\u00f3n<\/li>\n<li data-start=\"1628\" data-end=\"1655\">Equipo de control de motores<\/li>\n<li data-start=\"1656\" data-end=\"1680\">Soluciones de red inteligente<\/li>\n<li data-start=\"1681\" data-end=\"1709\">Inversores de alta fiabilidad<\/li>\n<\/ul>","protected":false},"excerpt":{"rendered":"<p>El m\u00f3dulo de IGBT de conmutaci\u00f3n sencilla HCGM3600E2SM17-TSA000 presenta base de AISiC avanzada y sustratos AIN, soportando clasificaciones de 1700V y 3600A. Ofrece excelente resistencia a ciclos t\u00e9rmicos y capacidad de soportar cortocircuitos de 10\u03bcs, lo que lo hace ideal para accionamientos de tracci\u00f3n, controladores de motores, redes inteligentes e inversores de alta fiabilidad.<\/p>","protected":false},"featured_media":3367,"comment_status":"closed","ping_status":"closed","template":"","meta":{"_acf_changed":false},"product_brand":[],"product_cat":[29],"product_tag":[],"class_list":{"0":"post-3339","1":"product","2":"type-product","3":"status-publish","4":"has-post-thumbnail","6":"product_cat-high-voltage-igbt-module","8":"first","9":"instock","10":"shipping-taxable","11":"product-type-variable","12":"has-default-attributes"},"acf":[],"_links":{"self":[{"href":"https:\/\/www.hiitiosemi.com\/es\/wp-json\/wp\/v2\/product\/3339","targetHints":{"allow":["GET"]}}],"collection":[{"href":"https:\/\/www.hiitiosemi.com\/es\/wp-json\/wp\/v2\/product"}],"about":[{"href":"https:\/\/www.hiitiosemi.com\/es\/wp-json\/wp\/v2\/types\/product"}],"replies":[{"embeddable":true,"href":"https:\/\/www.hiitiosemi.com\/es\/wp-json\/wp\/v2\/comments?post=3339"}],"wp:featuredmedia":[{"embeddable":true,"href":"https:\/\/www.hiitiosemi.com\/es\/wp-json\/wp\/v2\/media\/3367"}],"wp:attachment":[{"href":"https:\/\/www.hiitiosemi.com\/es\/wp-json\/wp\/v2\/media?parent=3339"}],"wp:term":[{"taxonomy":"product_brand","embeddable":true,"href":"https:\/\/www.hiitiosemi.com\/es\/wp-json\/wp\/v2\/product_brand?post=3339"},{"taxonomy":"product_cat","embeddable":true,"href":"https:\/\/www.hiitiosemi.com\/es\/wp-json\/wp\/v2\/product_cat?post=3339"},{"taxonomy":"product_tag","embeddable":true,"href":"https:\/\/www.hiitiosemi.com\/es\/wp-json\/wp\/v2\/product_tag?post=3339"}],"curies":[{"name":"wp","href":"https:\/\/api.w.org\/{rel}","templated":true}]}}