{"id":3338,"date":"2025-11-07T07:09:31","date_gmt":"2025-11-07T07:09:31","guid":{"rendered":"https:\/\/www.hiitiosemi.com\/?post_type=product&#038;p=3338"},"modified":"2025-11-12T01:28:52","modified_gmt":"2025-11-12T01:28:52","slug":"1700v-1600a-high-voltage-igbt-power-module","status":"publish","type":"product","link":"https:\/\/www.hiitiosemi.com\/es\/product\/1700v-1600a-high-voltage-igbt-power-module\/","title":{"rendered":"M\u00f3dulo de potencia IGBT de alta tensi\u00f3n 1700V 1600A"},"content":{"rendered":"<div>\n<p class=\"break-words\">El HCGM1600FSM17-PSA es un m\u00f3dulo IGBT de conmutaci\u00f3n \u00fanica de vanguardia dise\u00f1ado para sistemas de energ\u00eda de alto rendimiento, con una clasificaci\u00f3n de voltaje de 1700V y una capacidad de corriente de 1600A. Dise\u00f1ado para satisfacer las demandas de soluciones industriales robustas y energ\u00edas renovables, garantiza una eficiencia y fiabilidad excepcionales.<\/p>\n<h3>Caracter\u00edsticas<\/h3>\n<ul class=\"marker:text-secondary\">\n<li class=\"break-words\"><strong>Alta Capacidad de Ciclo T\u00e9rmico:<\/strong> Garantiza durabilidad a largo plazo bajo condiciones t\u00e9rmicas extremas.<\/li>\n<li class=\"break-words\"><strong>Tolerancia a Cortocircuitos de 10\u03bcs:<\/strong> Proporciona protecci\u00f3n robusta contra fallos el\u00e9ctricos.<\/li>\n<li class=\"break-words\"><strong>VCE(sat) Bajo:<\/strong> Reduce las p\u00e9rdidas de energ\u00eda para una mayor eficiencia energ\u00e9tica.<\/li>\n<li class=\"break-words\"><strong>Alta Densidad de Corriente:<\/strong> Soporta dise\u00f1os compactos con una salida de potencia maximizada.<\/li>\n<\/ul>\n<h3>Aplicaciones<\/h3>\n<ul class=\"marker:text-secondary\">\n<li class=\"break-words\"><strong>Accionamientos de Tracci\u00f3n:<\/strong> Alimenta sistemas ferroviarios y de veh\u00edculos el\u00e9ctricos con fiabilidad.<\/li>\n<li class=\"break-words\"><strong>Controladores de Motores:<\/strong> Mejora la precisi\u00f3n y eficiencia en motores industriales.<\/li>\n<li class=\"break-words\"><strong>Energ\u00eda E\u00f3lica:<\/strong> Optimiza la conversi\u00f3n de energ\u00eda en sistemas de aerogeneradores.<\/li>\n<li class=\"break-words\"><strong>Inversores de Alta Fiabilidad:<\/strong> Ideales para aplicaciones cr\u00edticas de inversi\u00f3n de energ\u00eda.<\/li>\n<\/ul>\n<\/div>","protected":false},"excerpt":{"rendered":"<p>El HCGM1600FSM17-PSA es un m\u00f3dulo IGBT de conmutaci\u00f3n \u00fanica robusto de 1700V y 1600A, dise\u00f1ado para aplicaciones de alta demanda como accionamientos de tracci\u00f3n y energ\u00eda e\u00f3lica, ofreciendo una fiabilidad y eficiencia superiores.<\/p>","protected":false},"featured_media":3366,"comment_status":"closed","ping_status":"closed","template":"","meta":{"_acf_changed":false},"product_brand":[],"product_cat":[29],"product_tag":[],"class_list":{"0":"post-3338","1":"product","2":"type-product","3":"status-publish","4":"has-post-thumbnail","6":"product_cat-high-voltage-igbt-module","8":"first","9":"instock","10":"shipping-taxable","11":"product-type-variable","12":"has-default-attributes"},"acf":[],"_links":{"self":[{"href":"https:\/\/www.hiitiosemi.com\/es\/wp-json\/wp\/v2\/product\/3338","targetHints":{"allow":["GET"]}}],"collection":[{"href":"https:\/\/www.hiitiosemi.com\/es\/wp-json\/wp\/v2\/product"}],"about":[{"href":"https:\/\/www.hiitiosemi.com\/es\/wp-json\/wp\/v2\/types\/product"}],"replies":[{"embeddable":true,"href":"https:\/\/www.hiitiosemi.com\/es\/wp-json\/wp\/v2\/comments?post=3338"}],"wp:featuredmedia":[{"embeddable":true,"href":"https:\/\/www.hiitiosemi.com\/es\/wp-json\/wp\/v2\/media\/3366"}],"wp:attachment":[{"href":"https:\/\/www.hiitiosemi.com\/es\/wp-json\/wp\/v2\/media?parent=3338"}],"wp:term":[{"taxonomy":"product_brand","embeddable":true,"href":"https:\/\/www.hiitiosemi.com\/es\/wp-json\/wp\/v2\/product_brand?post=3338"},{"taxonomy":"product_cat","embeddable":true,"href":"https:\/\/www.hiitiosemi.com\/es\/wp-json\/wp\/v2\/product_cat?post=3338"},{"taxonomy":"product_tag","embeddable":true,"href":"https:\/\/www.hiitiosemi.com\/es\/wp-json\/wp\/v2\/product_tag?post=3338"}],"curies":[{"name":"wp","href":"https:\/\/api.w.org\/{rel}","templated":true}]}}