{"id":3328,"date":"2025-11-07T07:09:15","date_gmt":"2025-11-07T07:09:15","guid":{"rendered":"https:\/\/www.hiitiosemi.com\/?post_type=product&#038;p=3328"},"modified":"2025-11-12T02:04:51","modified_gmt":"2025-11-12T02:04:51","slug":"1000v-450a-easy-3b-igbt-power-module-t1","status":"publish","type":"product","link":"https:\/\/www.hiitiosemi.com\/es\/product\/1000v-450a-easy-3b-igbt-power-module-t1\/","title":{"rendered":"M\u00f3dulo de potencia IGBT Easy 3B 1000V 450A \u2013 T1"},"content":{"rendered":"<h2>Caracter\u00edsticas<\/h2>\n<ul>\n<li>M\u00f3dulo de inversor de tres niveles con punto neutro en cortocircuito<\/li>\n<li>Dise\u00f1o de baja inductancia<\/li>\n<li>Pines soldables<\/li>\n<\/ul>\n<h2>Beneficios<\/h2>\n<ul>\n<li>Mayor eficiencia del sistema<\/li>\n<li>Reducci\u00f3n de los requisitos de refrigeraci\u00f3n<\/li>\n<li>Bajas p\u00e9rdidas por conducci\u00f3n sobre temperatura<\/li>\n<\/ul>\n<h2>Aplicaciones<\/h2>\n<ul>\n<li>Inversores solares<\/li>\n<li>Sistemas de alimentaci\u00f3n ininterrumpida<\/li>\n<\/ul>","protected":false},"excerpt":{"rendered":"<p>Caracter\u00edsticas Inversor de tres niveles con punto neutro en modo de bloqueo, dise\u00f1o de baja inductancia, pines soldables. Beneficios Mayor eficiencia del sistema, reducir los requisitos de refrigeraci\u00f3n, bajas p\u00e9rdidas por conducci\u00f3n, sobrecalentamiento. Aplicaciones Inversores solares, sistemas de alimentaci\u00f3n ininterrumpida<\/p>","protected":false},"featured_media":3335,"comment_status":"closed","ping_status":"closed","template":"","meta":{"_acf_changed":false},"product_brand":[],"product_cat":[25],"product_tag":[],"class_list":{"0":"post-3328","1":"product","2":"type-product","3":"status-publish","4":"has-post-thumbnail","6":"product_cat-igbt-module","8":"first","9":"instock","10":"shipping-taxable","11":"product-type-variable","12":"has-default-attributes"},"acf":[],"_links":{"self":[{"href":"https:\/\/www.hiitiosemi.com\/es\/wp-json\/wp\/v2\/product\/3328","targetHints":{"allow":["GET"]}}],"collection":[{"href":"https:\/\/www.hiitiosemi.com\/es\/wp-json\/wp\/v2\/product"}],"about":[{"href":"https:\/\/www.hiitiosemi.com\/es\/wp-json\/wp\/v2\/types\/product"}],"replies":[{"embeddable":true,"href":"https:\/\/www.hiitiosemi.com\/es\/wp-json\/wp\/v2\/comments?post=3328"}],"wp:featuredmedia":[{"embeddable":true,"href":"https:\/\/www.hiitiosemi.com\/es\/wp-json\/wp\/v2\/media\/3335"}],"wp:attachment":[{"href":"https:\/\/www.hiitiosemi.com\/es\/wp-json\/wp\/v2\/media?parent=3328"}],"wp:term":[{"taxonomy":"product_brand","embeddable":true,"href":"https:\/\/www.hiitiosemi.com\/es\/wp-json\/wp\/v2\/product_brand?post=3328"},{"taxonomy":"product_cat","embeddable":true,"href":"https:\/\/www.hiitiosemi.com\/es\/wp-json\/wp\/v2\/product_cat?post=3328"},{"taxonomy":"product_tag","embeddable":true,"href":"https:\/\/www.hiitiosemi.com\/es\/wp-json\/wp\/v2\/product_tag?post=3328"}],"curies":[{"name":"wp","href":"https:\/\/api.w.org\/{rel}","templated":true}]}}