{"id":3302,"date":"2025-11-07T07:09:03","date_gmt":"2025-11-07T07:09:03","guid":{"rendered":"https:\/\/www.hiitiosemi.com\/?post_type=product&#038;p=3302"},"modified":"2025-11-12T02:25:33","modified_gmt":"2025-11-12T02:25:33","slug":"ed3-1200v-900a-sic-power-module-3","status":"publish","type":"product","link":"https:\/\/www.hiitiosemi.com\/es\/product\/ed3-1200v-900a-sic-power-module-3\/","title":{"rendered":"M\u00f3dulo de potencia SIC ED3 1200V 900A"},"content":{"rendered":"<h3 data-start=\"309\" data-end=\"327\"><strong data-start=\"313\" data-end=\"325\">Caracter\u00edsticas<\/strong><\/h3>\n<ul data-start=\"328\" data-end=\"471\">\n<li data-start=\"328\" data-end=\"355\">Voltaje de bloqueo: 1200V<\/li>\n<li data-start=\"356\" data-end=\"395\">Baja tensi\u00f3n de saturaci\u00f3n VCE(sat)<\/li>\n<li data-start=\"396\" data-end=\"420\">Bajas p\u00e9rdidas de conmutaci\u00f3n<\/li>\n<li data-start=\"421\" data-end=\"447\">Baja resistencia t\u00e9rmica<\/li>\n<li data-start=\"448\" data-end=\"471\">Termistor incorporado<\/li>\n<\/ul>\n<h3 data-start=\"473\" data-end=\"495\"><strong data-start=\"477\" data-end=\"493\">Aplicaciones<\/strong><\/h3>\n<ul data-start=\"496\" data-end=\"614\" data-is-only-node=\"\" data-is-last-node=\"\">\n<li data-start=\"496\" data-end=\"533\">Aplicaciones de conmutaci\u00f3n de alta potencia<\/li>\n<li data-start=\"534\" data-end=\"550\">Accionamientos de motores<\/li>\n<li data-start=\"551\" data-end=\"577\">Sistemas de inversores solares<\/li>\n<li data-start=\"578\" data-end=\"614\" data-is-last-node=\"\">Sistema de alimentaci\u00f3n ininterrumpida (SAI)<\/li>\n<\/ul>","protected":false},"excerpt":{"rendered":"<article class=\"w-full text-token-text-primary focus-visible:outline-2 focus-visible:outline-offset-[-4px]\" dir=\"auto\" data-testid=\"conversation-turn-39\" data-scroll-anchor=\"false\">\n<div class=\"m-auto text-base py-[18px] px-6\">\n<div class=\"mx-auto flex flex-1 text-base gap-4 md:gap-5 lg:gap-6 md:max-w-3xl lg:max-w-[40rem] xl:max-w-[48rem]\">\n<div class=\"group\/conversation-turn relative flex w-full min-w-0 flex-col agent-turn @xs\/thread:px-0 @sm\/thread:px-1.5 @md\/thread:px-4\">\n<div class=\"flex-col gap-1 md:gap-3\">\n<div class=\"flex max-w-full flex-col flex-grow\">\n<div class=\"min-h-8 text-message relative flex w-full flex-col items-end gap-2 whitespace-normal break-words text-start [.text-message+&amp;]:mt-5\" dir=\"auto\" data-message-author-role=\"assistant\" data-message-id=\"c130e7b8-c0ae-46ed-b9a2-d9c92702859a\" data-message-model-slug=\"gpt-4o\">\n<div class=\"flex w-full flex-col gap-1 empty:hidden first:pt-[3px]\">\n<div class=\"markdown prose w-full break-words dark:prose-invert light\">\n<p data-start=\"88\" data-end=\"305\" data-is-last-node=\"\" data-is-only-node=\"\">El HCH900FH120D3ME7 es un m\u00f3dulo de potencia h\u00edbrido de medio puente de SiC. Integra chips IGBT de alto rendimiento y diodos de barrera Schottky de SiC (SBD), dise\u00f1ado para aplicaciones como conmutaci\u00f3n de alta potencia y control de motores.<\/p>\n<\/div>\n<\/div>\n<\/div>\n<\/div>\n<\/div>\n<\/div>\n<\/div>\n<\/div>\n<\/article>","protected":false},"featured_media":3053,"comment_status":"closed","ping_status":"closed","template":"","meta":{"_acf_changed":false},"product_brand":[],"product_cat":[28],"product_tag":[],"class_list":{"0":"post-3302","1":"product","2":"type-product","3":"status-publish","4":"has-post-thumbnail","6":"product_cat-sic-si-hybrid-module","8":"first","9":"instock","10":"shipping-taxable","11":"product-type-variable","12":"has-default-attributes"},"acf":[],"_links":{"self":[{"href":"https:\/\/www.hiitiosemi.com\/es\/wp-json\/wp\/v2\/product\/3302","targetHints":{"allow":["GET"]}}],"collection":[{"href":"https:\/\/www.hiitiosemi.com\/es\/wp-json\/wp\/v2\/product"}],"about":[{"href":"https:\/\/www.hiitiosemi.com\/es\/wp-json\/wp\/v2\/types\/product"}],"replies":[{"embeddable":true,"href":"https:\/\/www.hiitiosemi.com\/es\/wp-json\/wp\/v2\/comments?post=3302"}],"wp:featuredmedia":[{"embeddable":true,"href":"https:\/\/www.hiitiosemi.com\/es\/wp-json\/wp\/v2\/media\/3053"}],"wp:attachment":[{"href":"https:\/\/www.hiitiosemi.com\/es\/wp-json\/wp\/v2\/media?parent=3302"}],"wp:term":[{"taxonomy":"product_brand","embeddable":true,"href":"https:\/\/www.hiitiosemi.com\/es\/wp-json\/wp\/v2\/product_brand?post=3302"},{"taxonomy":"product_cat","embeddable":true,"href":"https:\/\/www.hiitiosemi.com\/es\/wp-json\/wp\/v2\/product_cat?post=3302"},{"taxonomy":"product_tag","embeddable":true,"href":"https:\/\/www.hiitiosemi.com\/es\/wp-json\/wp\/v2\/product_tag?post=3302"}],"curies":[{"name":"wp","href":"https:\/\/api.w.org\/{rel}","templated":true}]}}