{"id":3298,"date":"2025-11-07T07:09:02","date_gmt":"2025-11-07T07:09:02","guid":{"rendered":"https:\/\/www.hiitiosemi.com\/?post_type=product&#038;p=3298"},"modified":"2025-11-12T02:38:32","modified_gmt":"2025-11-12T02:38:32","slug":"e4-1200v-300a-sic-power-module","status":"publish","type":"product","link":"https:\/\/www.hiitiosemi.com\/es\/product\/e4-1200v-300a-sic-power-module\/","title":{"rendered":"M\u00f3dulo de potencia SIC E4 1200V 300A"},"content":{"rendered":"<h3 data-start=\"321\" data-end=\"339\"><strong data-start=\"325\" data-end=\"337\">Caracter\u00edsticas<\/strong><\/h3>\n<ul data-start=\"340\" data-end=\"544\">\n<li data-start=\"340\" data-end=\"367\">Voltaje de bloqueo: 1200V<\/li>\n<li data-start=\"368\" data-end=\"399\">Rds(on): 4.3 m\u03a9 @ VGS = 18V<\/li>\n<li data-start=\"400\" data-end=\"424\">Bajas p\u00e9rdidas de conmutaci\u00f3n<\/li>\n<li data-start=\"425\" data-end=\"449\">Alta densidad de corriente<\/li>\n<li data-start=\"450\" data-end=\"481\">Tecnolog\u00eda de contacto PressFIT<\/li>\n<li data-start=\"482\" data-end=\"520\">Temperatura m\u00e1xima de uni\u00f3n de 175\u00b0C<\/li>\n<li data-start=\"521\" data-end=\"544\">Termistor incorporado<\/li>\n<\/ul>\n<h3 data-start=\"546\" data-end=\"568\"><strong data-start=\"550\" data-end=\"566\">Aplicaciones<\/strong><\/h3>\n<ul data-start=\"569\" data-end=\"693\">\n<li data-start=\"569\" data-end=\"595\">Sistemas de inversores solares<\/li>\n<li data-start=\"596\" data-end=\"624\">Aplicaciones de tres niveles<\/li>\n<li data-start=\"625\" data-end=\"651\">Sistemas de almacenamiento de energ\u00eda<\/li>\n<li data-start=\"652\" data-end=\"693\">Aplicaciones de conmutaci\u00f3n de alta frecuencia<\/li>\n<\/ul>","protected":false},"excerpt":{"rendered":"<p>El HCH10FA120E2C1 es un m\u00f3dulo de potencia de 3 niveles que integra chips MOSFET de SiC de 1200V y chips IGBT de 1200V. Est\u00e1 dise\u00f1ado para aplicaciones como inversores solares, conmutaci\u00f3n de alta frecuencia y sistemas de almacenamiento de energ\u00eda.<\/p>","protected":false},"featured_media":3304,"comment_status":"closed","ping_status":"closed","template":"","meta":{"_acf_changed":false},"product_brand":[],"product_cat":[28],"product_tag":[],"class_list":{"0":"post-3298","1":"product","2":"type-product","3":"status-publish","4":"has-post-thumbnail","6":"product_cat-sic-si-hybrid-module","8":"first","9":"instock","10":"shipping-taxable","11":"product-type-variable","12":"has-default-attributes"},"acf":[],"_links":{"self":[{"href":"https:\/\/www.hiitiosemi.com\/es\/wp-json\/wp\/v2\/product\/3298","targetHints":{"allow":["GET"]}}],"collection":[{"href":"https:\/\/www.hiitiosemi.com\/es\/wp-json\/wp\/v2\/product"}],"about":[{"href":"https:\/\/www.hiitiosemi.com\/es\/wp-json\/wp\/v2\/types\/product"}],"replies":[{"embeddable":true,"href":"https:\/\/www.hiitiosemi.com\/es\/wp-json\/wp\/v2\/comments?post=3298"}],"wp:featuredmedia":[{"embeddable":true,"href":"https:\/\/www.hiitiosemi.com\/es\/wp-json\/wp\/v2\/media\/3304"}],"wp:attachment":[{"href":"https:\/\/www.hiitiosemi.com\/es\/wp-json\/wp\/v2\/media?parent=3298"}],"wp:term":[{"taxonomy":"product_brand","embeddable":true,"href":"https:\/\/www.hiitiosemi.com\/es\/wp-json\/wp\/v2\/product_brand?post=3298"},{"taxonomy":"product_cat","embeddable":true,"href":"https:\/\/www.hiitiosemi.com\/es\/wp-json\/wp\/v2\/product_cat?post=3298"},{"taxonomy":"product_tag","embeddable":true,"href":"https:\/\/www.hiitiosemi.com\/es\/wp-json\/wp\/v2\/product_tag?post=3298"}],"curies":[{"name":"wp","href":"https:\/\/api.w.org\/{rel}","templated":true}]}}