{"id":3147,"date":"2025-11-07T07:07:42","date_gmt":"2025-11-07T07:07:42","guid":{"rendered":"https:\/\/www.hiitiosemi.com\/?post_type=product&#038;p=3147"},"modified":"2025-11-12T03:23:52","modified_gmt":"2025-11-12T03:23:52","slug":"1700v-silicon-carbide-schottky-2","status":"publish","type":"product","link":"https:\/\/www.hiitiosemi.com\/es\/product\/1700v-silicon-carbide-schottky-2\/","title":{"rendered":"Carburo de silicio Schottky de 1700V"},"content":{"rendered":"<h2>Caracter\u00edsticas<\/h2>\n<ul>\n<li>Alta tensi\u00f3n de bloqueo<\/li>\n<li>Baja resistencia en estado encendido con alta temperatura de uni\u00f3n<\/li>\n<li>Conmutaci\u00f3n de alta velocidad con bajas capacitancias<\/li>\n<li>Diodo intr\u00ednseco r\u00e1pido con baja recuperaci\u00f3n inversa (Qrr )<\/li>\n<li>Cumple con RoHS<\/li>\n<\/ul>\n<h2>Beneficios<\/h2>\n<ul>\n<li>Mayor eficiencia del sistema<\/li>\n<li>Reducci\u00f3n de los requisitos de refrigeraci\u00f3n<\/li>\n<li>Aumento de la densidad de potencia<\/li>\n<li>Permite frecuencias m\u00e1s altas<\/li>\n<li>Minimizar el ringing de la puerta<\/li>\n<li>Reducci\u00f3n de la complejidad y costo del sistema<\/li>\n<\/ul>\n<h2>Aplicaciones<\/h2>\n<ul>\n<li>Fuentes de alimentaci\u00f3n conmutadas<\/li>\n<li>Convertidores DC\/DC<\/li>\n<li>Inversores solares<\/li>\n<li>Cargadores de bater\u00edas<\/li>\n<li>Accionamientos de Motores<\/li>\n<\/ul>\n<h2>Clasificaciones m\u00e1ximas<\/h2>\n<ul>\n<li>Tc=25\u00b0C a menos que se especifique lo contrario<\/li>\n<\/ul>","protected":false},"excerpt":{"rendered":"<p>VDS = 1700 V<br \/>\nRDS\uff08on\uff09 = 750 m\u03a9\uff08VGS = 15 V\uff09<br \/>\nRDS\uff08on\uff09 = 550 m\u03a9\uff08VGS = 20 V\uff09<br \/>\nTJ, m\u00e1ximo = 175 \u2103<\/p>","protected":false},"featured_media":3165,"comment_status":"closed","ping_status":"closed","template":"","meta":{"_acf_changed":false},"product_brand":[],"product_cat":[26],"product_tag":[],"class_list":{"0":"post-3147","1":"product","2":"type-product","3":"status-publish","4":"has-post-thumbnail","6":"product_cat-sic-discrete-mosfet","8":"first","9":"instock","10":"shipping-taxable","11":"product-type-variable","12":"has-default-attributes"},"acf":[],"_links":{"self":[{"href":"https:\/\/www.hiitiosemi.com\/es\/wp-json\/wp\/v2\/product\/3147","targetHints":{"allow":["GET"]}}],"collection":[{"href":"https:\/\/www.hiitiosemi.com\/es\/wp-json\/wp\/v2\/product"}],"about":[{"href":"https:\/\/www.hiitiosemi.com\/es\/wp-json\/wp\/v2\/types\/product"}],"replies":[{"embeddable":true,"href":"https:\/\/www.hiitiosemi.com\/es\/wp-json\/wp\/v2\/comments?post=3147"}],"wp:featuredmedia":[{"embeddable":true,"href":"https:\/\/www.hiitiosemi.com\/es\/wp-json\/wp\/v2\/media\/3165"}],"wp:attachment":[{"href":"https:\/\/www.hiitiosemi.com\/es\/wp-json\/wp\/v2\/media?parent=3147"}],"wp:term":[{"taxonomy":"product_brand","embeddable":true,"href":"https:\/\/www.hiitiosemi.com\/es\/wp-json\/wp\/v2\/product_brand?post=3147"},{"taxonomy":"product_cat","embeddable":true,"href":"https:\/\/www.hiitiosemi.com\/es\/wp-json\/wp\/v2\/product_cat?post=3147"},{"taxonomy":"product_tag","embeddable":true,"href":"https:\/\/www.hiitiosemi.com\/es\/wp-json\/wp\/v2\/product_tag?post=3147"}],"curies":[{"name":"wp","href":"https:\/\/api.w.org\/{rel}","templated":true}]}}