{"id":3136,"date":"2025-11-07T07:07:40","date_gmt":"2025-11-07T07:07:40","guid":{"rendered":"https:\/\/www.hiitiosemi.com\/?post_type=product&#038;p=3136"},"modified":"2025-11-12T05:27:30","modified_gmt":"2025-11-12T05:27:30","slug":"1200v-20a-silicon-carbide-schottky","status":"publish","type":"product","link":"https:\/\/www.hiitiosemi.com\/es\/product\/1200v-20a-silicon-carbide-schottky\/","title":{"rendered":"1200V 20A Carburo de Silicio Schottky"},"content":{"rendered":"<h2>Caracter\u00edsticas<\/h2>\n<ul>\n<li>Rectificador Schottky de 1200V<\/li>\n<li>Corriente de recuperaci\u00f3n inversa cero<\/li>\n<li>Operaci\u00f3n de alta frecuencia<\/li>\n<li>Conmutaci\u00f3n independiente de la temperatura<\/li>\n<li>Conmutaci\u00f3n extremadamente r\u00e1pida<\/li>\n<\/ul>\n<h2>Beneficios<\/h2>\n<ul>\n<li>Reemplazar rectificadores bipolares por unipolares<\/li>\n<li>Pr\u00e1cticamente sin p\u00e9rdidas por conmutaci\u00f3n<\/li>\n<li>Alta eficiencia<\/li>\n<li>Reducci\u00f3n de los requisitos de disipador de calor<\/li>\n<li>Dispositivos en paralelo sin riesgo de fuga t\u00e9rmica<\/li>\n<\/ul>\n<h2>Aplicaciones<\/h2>\n<ul>\n<li>Fuente de alimentaci\u00f3n en modo conmutado<\/li>\n<li>Diodos de aumento en PFC<\/li>\n<li>Convertidores DC\/DC<\/li>\n<li>Convertidores AC\/DC<\/li>\n<li>Diodos de rueda libre en inversores<\/li>\n<\/ul>\n<h2>Clasificaciones m\u00e1ximas<\/h2>\n<ul>\n<li>Tc=25\u00b0C a menos que se especifique lo contrario<\/li>\n<\/ul>","protected":false},"excerpt":{"rendered":"<p>VRRM = 1200 V<br \/>\nIF ( Tc=150 \u2103) = 20 A<br \/>\nQC = 126 nC<\/p>","protected":false},"featured_media":3161,"comment_status":"closed","ping_status":"closed","template":"","meta":{"_acf_changed":false},"product_brand":[],"product_cat":[26],"product_tag":[],"class_list":{"0":"post-3136","1":"product","2":"type-product","3":"status-publish","4":"has-post-thumbnail","6":"product_cat-sic-discrete-mosfet","8":"first","9":"instock","10":"shipping-taxable","11":"product-type-variable","12":"has-default-attributes"},"acf":[],"_links":{"self":[{"href":"https:\/\/www.hiitiosemi.com\/es\/wp-json\/wp\/v2\/product\/3136","targetHints":{"allow":["GET"]}}],"collection":[{"href":"https:\/\/www.hiitiosemi.com\/es\/wp-json\/wp\/v2\/product"}],"about":[{"href":"https:\/\/www.hiitiosemi.com\/es\/wp-json\/wp\/v2\/types\/product"}],"replies":[{"embeddable":true,"href":"https:\/\/www.hiitiosemi.com\/es\/wp-json\/wp\/v2\/comments?post=3136"}],"wp:featuredmedia":[{"embeddable":true,"href":"https:\/\/www.hiitiosemi.com\/es\/wp-json\/wp\/v2\/media\/3161"}],"wp:attachment":[{"href":"https:\/\/www.hiitiosemi.com\/es\/wp-json\/wp\/v2\/media?parent=3136"}],"wp:term":[{"taxonomy":"product_brand","embeddable":true,"href":"https:\/\/www.hiitiosemi.com\/es\/wp-json\/wp\/v2\/product_brand?post=3136"},{"taxonomy":"product_cat","embeddable":true,"href":"https:\/\/www.hiitiosemi.com\/es\/wp-json\/wp\/v2\/product_cat?post=3136"},{"taxonomy":"product_tag","embeddable":true,"href":"https:\/\/www.hiitiosemi.com\/es\/wp-json\/wp\/v2\/product_tag?post=3136"}],"curies":[{"name":"wp","href":"https:\/\/api.w.org\/{rel}","templated":true}]}}