{"id":3071,"date":"2025-11-07T06:19:51","date_gmt":"2025-11-07T06:19:51","guid":{"rendered":"https:\/\/www.hiitiosemi.com\/?post_type=product&#038;p=3071"},"modified":"2025-11-12T05:37:02","modified_gmt":"2025-11-12T05:37:02","slug":"2300v-half-bridge-sic-mosfet-module","status":"publish","type":"product","link":"https:\/\/www.hiitiosemi.com\/es\/product\/2300v-half-bridge-sic-mosfet-module\/","title":{"rendered":"M\u00f3dulo de MOSFET SiC de media puente de 2300V"},"content":{"rendered":"<p>HCS05FH230E2B2 es un m\u00f3dulo de MOSFET SiC de vanguardia que presenta una clasificaci\u00f3n de voltaje de 2300V y una resistencia en estado de ultra baja de 5m\u03a9. Adopta una topolog\u00eda de media puente con tecnolog\u00eda AMB de Si\u2083N\u2084 y est\u00e1 encerrado en un paquete Easy2B para una disipaci\u00f3n de calor eficiente y resistencia mec\u00e1nica.<\/p>\n<table style=\"border-collapse: collapse; width: 330.52pt;\" border=\"0\" width=\"661\" cellspacing=\"0\" cellpadding=\"0\">\n<tbody>\n<tr style=\"height: 14.00pt;\">\n<td class=\"et2\" style=\"height: 14.00pt; width: 330.75pt;\" colspan=\"4\" width=\"661\" height=\"28\">RATINGS M\u00c1XIMOS<span class=\"font1\"><br \/>\n<\/span><\/td>\n<\/tr>\n<tr style=\"height: 14.00pt;\">\n<td class=\"et3\" style=\"height: 14.00pt; width: 216.00pt;\" width=\"432\" height=\"28\">Clasificaci\u00f3n<\/td>\n<td class=\"et3\" style=\"width: 43.25pt;\" width=\"86\">S\u00edmbolo<\/td>\n<td class=\"et3\" style=\"width: 43.25pt;\" width=\"86\">Valor<\/td>\n<td class=\"et3\" style=\"width: 28.25pt;\" width=\"56\">Unidad<\/td>\n<\/tr>\n<tr style=\"height: 14.00pt;\">\n<td class=\"et3\" style=\"height: 14.00pt; width: 216.00pt;\" width=\"432\" height=\"28\">Voltaje entre drenaje y fuente<\/td>\n<td class=\"et3\" style=\"width: 43.25pt;\" width=\"86\">VdsS<\/td>\n<td class=\"et3\" style=\"width: 43.25pt;\" width=\"86\">2300<\/td>\n<td class=\"et3\" style=\"width: 28.25pt;\" width=\"56\">V<\/td>\n<\/tr>\n<tr style=\"height: 14.00pt;\">\n<td class=\"et3\" style=\"height: 14.00pt; width: 216.00pt;\" width=\"432\" height=\"28\">Voltaje entre puerta y fuente<\/td>\n<td class=\"et3\" style=\"width: 43.25pt;\" width=\"86\">Vgs<\/td>\n<td class=\"et3\" style=\"width: 43.25pt;\" width=\"86\">+22\/-10<\/td>\n<td class=\"et3\" style=\"width: 28.25pt;\" width=\"56\">V<\/td>\n<\/tr>\n<tr style=\"height: 39.00pt;\">\n<td class=\"et3\" style=\"height: 39.00pt; width: 216.00pt;\" width=\"432\" height=\"78\">Corriente continua de drenaje @Tc=80(TJ=175\u2103)<\/td>\n<td class=\"et3\" style=\"width: 43.25pt;\" width=\"86\">Ids<\/td>\n<td class=\"et3\" style=\"width: 43.25pt;\" width=\"86\">240<\/td>\n<td class=\"et3\" style=\"width: 28.25pt;\" width=\"56\">A<\/td>\n<\/tr>\n<tr style=\"height: 14.00pt;\">\n<td class=\"et3\" style=\"height: 14.00pt; width: 216.00pt;\" width=\"432\" height=\"28\">Corriente de pulso de drenaje (TJ=175\u2103)<\/td>\n<td class=\"et3\" style=\"width: 43.25pt;\" width=\"86\">IDPulso<\/td>\n<td class=\"et3\" style=\"width: 43.25pt;\" width=\"86\">300<\/td>\n<td class=\"et3\" style=\"width: 28.25pt;\" width=\"56\">A<\/td>\n<\/tr>\n<tr style=\"height: 26.00pt;\">\n<td class=\"et3\" style=\"height: 26.00pt; width: 216.00pt;\" width=\"432\" height=\"52\">Disipaci\u00f3n m\u00e1xima de potencia @Tc=80\u2103(TJ=175\u2103)<\/td>\n<td class=\"et3\" style=\"width: 43.25pt;\" width=\"86\">Ptot<\/td>\n<td class=\"et3\" style=\"width: 43.25pt;\" width=\"86\">800<\/td>\n<td class=\"et3\" style=\"width: 28.25pt;\" width=\"56\">W<\/td>\n<\/tr>\n<tr style=\"height: 14.00pt;\">\n<td class=\"et3\" style=\"height: 14.00pt; width: 216.00pt;\" width=\"432\" height=\"28\">Temperatura m\u00ednima de uni\u00f3n de funcionamiento<\/td>\n<td class=\"et3\" style=\"width: 43.25pt;\" width=\"86\">TJMIN<\/td>\n<td class=\"et3\" style=\"width: 43.25pt;\" width=\"86\">-40<\/td>\n<td class=\"et3\" style=\"width: 28.25pt;\" width=\"56\">\u2103<\/td>\n<\/tr>\n<tr style=\"height: 14.00pt;\">\n<td class=\"et3\" style=\"height: 14.00pt; width: 216.00pt;\" width=\"432\" height=\"28\">Temperatura m\u00e1xima de uni\u00f3n de funcionamiento<\/td>\n<td class=\"et3\" style=\"width: 43.25pt;\" width=\"86\">TJMAX<\/td>\n<td class=\"et3\" style=\"width: 43.25pt;\" width=\"86\">175<\/td>\n<td class=\"et3\" style=\"width: 28.25pt;\" width=\"56\">\u2103<\/td>\n<\/tr>\n<\/tbody>\n<\/table>","protected":false},"excerpt":{"rendered":"<ul>\n<li data-start=\"1100\" data-end=\"1139\">Media puente de MOSFET SiC de 5m\u03a9 \/ 2300 V<\/li>\n<li data-start=\"1100\" data-end=\"1139\">AMB de Si\u2083N\u2084<\/li>\n<li data-start=\"1100\" data-end=\"1139\">Termistor NTC<\/li>\n<li data-start=\"1100\" data-end=\"1139\">Dise\u00f1o de baja inductancia<\/li>\n<li data-start=\"1100\" data-end=\"1139\">Pines soldables<\/li>\n<li data-start=\"1100\" data-end=\"1139\">Placa base aislada<\/li>\n<\/ul>","protected":false},"featured_media":3091,"comment_status":"closed","ping_status":"closed","template":"","meta":{"_acf_changed":false},"product_brand":[],"product_cat":[27],"product_tag":[],"class_list":{"0":"post-3071","1":"product","2":"type-product","3":"status-publish","4":"has-post-thumbnail","6":"product_cat-sic-module","8":"first","9":"instock","10":"shipping-taxable","11":"product-type-variable","12":"has-default-attributes"},"acf":[],"_links":{"self":[{"href":"https:\/\/www.hiitiosemi.com\/es\/wp-json\/wp\/v2\/product\/3071","targetHints":{"allow":["GET"]}}],"collection":[{"href":"https:\/\/www.hiitiosemi.com\/es\/wp-json\/wp\/v2\/product"}],"about":[{"href":"https:\/\/www.hiitiosemi.com\/es\/wp-json\/wp\/v2\/types\/product"}],"replies":[{"embeddable":true,"href":"https:\/\/www.hiitiosemi.com\/es\/wp-json\/wp\/v2\/comments?post=3071"}],"wp:featuredmedia":[{"embeddable":true,"href":"https:\/\/www.hiitiosemi.com\/es\/wp-json\/wp\/v2\/media\/3091"}],"wp:attachment":[{"href":"https:\/\/www.hiitiosemi.com\/es\/wp-json\/wp\/v2\/media?parent=3071"}],"wp:term":[{"taxonomy":"product_brand","embeddable":true,"href":"https:\/\/www.hiitiosemi.com\/es\/wp-json\/wp\/v2\/product_brand?post=3071"},{"taxonomy":"product_cat","embeddable":true,"href":"https:\/\/www.hiitiosemi.com\/es\/wp-json\/wp\/v2\/product_cat?post=3071"},{"taxonomy":"product_tag","embeddable":true,"href":"https:\/\/www.hiitiosemi.com\/es\/wp-json\/wp\/v2\/product_tag?post=3071"}],"curies":[{"name":"wp","href":"https:\/\/api.w.org\/{rel}","templated":true}]}}