{"id":3068,"date":"2025-11-07T06:19:51","date_gmt":"2025-11-07T06:19:51","guid":{"rendered":"https:\/\/www.hiitiosemi.com\/?post_type=product&#038;p=3068"},"modified":"2025-11-12T05:34:39","modified_gmt":"2025-11-12T05:34:39","slug":"62mm-1200v-200a-sic-power-module","status":"publish","type":"product","link":"https:\/\/www.hiitiosemi.com\/es\/product\/62mm-1200v-200a-sic-power-module\/","title":{"rendered":"M\u00f3dulo de potencia SIC de 62mm 1200V 200A"},"content":{"rendered":"<h3>Caracter\u00edsticas<\/h3>\n<ul>\n<li>Voltaje de bloqueo: 1200V<\/li>\n<li>Rds(on): 9.1m\u03a9<\/li>\n<li>Baja resistencia t\u00e9rmica con AMB de Si\u2083N\u2084<\/li>\n<li>Temperatura m\u00e1xima de uni\u00f3n de 175\u00b0C<\/li>\n<li>M\u00f3dulo de medio puente de 62mm<\/li>\n<\/ul>\n<h3>Aplicaciones<\/h3>\n<ul>\n<li>Accionamientos de motores<\/li>\n<li>Cargadores r\u00e1pidos para veh\u00edculos<\/li>\n<li>Energ\u00edas renovables<\/li>\n<li>Sistemas de alimentaci\u00f3n ininterrumpida (SAI)<\/li>\n<\/ul>","protected":false},"excerpt":{"rendered":"<p>El HCS540FH120A2C1 es un m\u00f3dulo de potencia de medio puente con MOSFET SIC. Integra chips de MOSFET SIC de alto rendimiento y un diodo SIC, dise\u00f1ado para aplicaciones como accionamientos de motores y energ\u00edas renovables.<\/p>","protected":false},"featured_media":3090,"comment_status":"closed","ping_status":"closed","template":"","meta":{"_acf_changed":false},"product_brand":[],"product_cat":[27],"product_tag":[],"class_list":{"0":"post-3068","1":"product","2":"type-product","3":"status-publish","4":"has-post-thumbnail","6":"product_cat-sic-module","8":"first","9":"instock","10":"shipping-taxable","11":"product-type-variable","12":"has-default-attributes"},"acf":[],"_links":{"self":[{"href":"https:\/\/www.hiitiosemi.com\/es\/wp-json\/wp\/v2\/product\/3068","targetHints":{"allow":["GET"]}}],"collection":[{"href":"https:\/\/www.hiitiosemi.com\/es\/wp-json\/wp\/v2\/product"}],"about":[{"href":"https:\/\/www.hiitiosemi.com\/es\/wp-json\/wp\/v2\/types\/product"}],"replies":[{"embeddable":true,"href":"https:\/\/www.hiitiosemi.com\/es\/wp-json\/wp\/v2\/comments?post=3068"}],"wp:featuredmedia":[{"embeddable":true,"href":"https:\/\/www.hiitiosemi.com\/es\/wp-json\/wp\/v2\/media\/3090"}],"wp:attachment":[{"href":"https:\/\/www.hiitiosemi.com\/es\/wp-json\/wp\/v2\/media?parent=3068"}],"wp:term":[{"taxonomy":"product_brand","embeddable":true,"href":"https:\/\/www.hiitiosemi.com\/es\/wp-json\/wp\/v2\/product_brand?post=3068"},{"taxonomy":"product_cat","embeddable":true,"href":"https:\/\/www.hiitiosemi.com\/es\/wp-json\/wp\/v2\/product_cat?post=3068"},{"taxonomy":"product_tag","embeddable":true,"href":"https:\/\/www.hiitiosemi.com\/es\/wp-json\/wp\/v2\/product_tag?post=3068"}],"curies":[{"name":"wp","href":"https:\/\/api.w.org\/{rel}","templated":true}]}}