{"id":3046,"date":"2025-11-07T06:19:32","date_gmt":"2025-11-07T06:19:32","guid":{"rendered":"https:\/\/www.hiitiosemi.com\/?post_type=product&#038;p=3046"},"modified":"2025-11-12T06:07:01","modified_gmt":"2025-11-12T06:07:01","slug":"ed3h-1200v-800a-sic-power-module","status":"publish","type":"product","link":"https:\/\/www.hiitiosemi.com\/es\/product\/ed3h-1200v-800a-sic-power-module\/","title":{"rendered":"M\u00f3dulo de potencia SIC ED3H 1200V 800A"},"content":{"rendered":"<h2>Caracter\u00edsticas<\/h2>\n<ul>\n<li>1200V\/1.7m\u03a9 @Tj=25\u2103, VGS=18V<\/li>\n<li>Baja Resistencia T\u00e9rmica con AMB de Si3N4<\/li>\n<li>Temperatura M\u00e1xima de Uni\u00f3n 175\u00b0C<\/li>\n<li>Dise\u00f1o de Baja Inductancia<\/li>\n<li>Termistor en el Interior<\/li>\n<\/ul>\n<h2>Aplicaciones<\/h2>\n<ul>\n<li>Aplicaciones xEV<\/li>\n<li>Accionamientos de Motores<\/li>\n<li>Cargadores r\u00e1pidos para veh\u00edculos<\/li>\n<li>Red Inteligente \/ Generaci\u00f3n Distribuida Conectada a la Red<\/li>\n<\/ul>","protected":false},"excerpt":{"rendered":"<p>El HCS800FH120D4B3 es un M\u00f3dulo de Potencia lGBT de media puente. Integra chips lGBT de alto rendimiento dise\u00f1ados para aplicaciones como fuentes de alimentaci\u00f3n de alta potencia y control de motores.<\/p>","protected":false},"featured_media":3056,"comment_status":"closed","ping_status":"closed","template":"","meta":{"_acf_changed":false},"product_brand":[],"product_cat":[27],"product_tag":[],"class_list":{"0":"post-3046","1":"product","2":"type-product","3":"status-publish","4":"has-post-thumbnail","6":"product_cat-sic-module","8":"first","9":"instock","10":"shipping-taxable","11":"product-type-variable","12":"has-default-attributes"},"acf":[],"_links":{"self":[{"href":"https:\/\/www.hiitiosemi.com\/es\/wp-json\/wp\/v2\/product\/3046","targetHints":{"allow":["GET"]}}],"collection":[{"href":"https:\/\/www.hiitiosemi.com\/es\/wp-json\/wp\/v2\/product"}],"about":[{"href":"https:\/\/www.hiitiosemi.com\/es\/wp-json\/wp\/v2\/types\/product"}],"replies":[{"embeddable":true,"href":"https:\/\/www.hiitiosemi.com\/es\/wp-json\/wp\/v2\/comments?post=3046"}],"wp:featuredmedia":[{"embeddable":true,"href":"https:\/\/www.hiitiosemi.com\/es\/wp-json\/wp\/v2\/media\/3056"}],"wp:attachment":[{"href":"https:\/\/www.hiitiosemi.com\/es\/wp-json\/wp\/v2\/media?parent=3046"}],"wp:term":[{"taxonomy":"product_brand","embeddable":true,"href":"https:\/\/www.hiitiosemi.com\/es\/wp-json\/wp\/v2\/product_brand?post=3046"},{"taxonomy":"product_cat","embeddable":true,"href":"https:\/\/www.hiitiosemi.com\/es\/wp-json\/wp\/v2\/product_cat?post=3046"},{"taxonomy":"product_tag","embeddable":true,"href":"https:\/\/www.hiitiosemi.com\/es\/wp-json\/wp\/v2\/product_tag?post=3046"}],"curies":[{"name":"wp","href":"https:\/\/api.w.org\/{rel}","templated":true}]}}