{"id":3027,"date":"2025-11-07T06:19:29","date_gmt":"2025-11-07T06:19:29","guid":{"rendered":"https:\/\/www.hiitiosemi.com\/?post_type=product&#038;p=3027"},"modified":"2025-11-12T06:46:18","modified_gmt":"2025-11-12T06:46:18","slug":"ed3-1700v-800a-sic-power-module","status":"publish","type":"product","link":"https:\/\/www.hiitiosemi.com\/es\/product\/ed3-1700v-800a-sic-power-module\/","title":{"rendered":"M\u00f3dulo de Potencia SIC ED3 1700V 800A"},"content":{"rendered":"<h2>Caracter\u00edsticas<\/h2>\n<ul>\n<li>Voltaje de bloqueo 1200V<\/li>\n<li>RDS(on) = 2.8m\u03a9@ Tj = 25\u2103<\/li>\n<li>Baja resistencia t\u00e9rmica con AMB de Si3N4<\/li>\n<li>Temperatura m\u00e1xima de uni\u00f3n de 175\u00b0C<\/li>\n<li>Termistor en el interior<\/li>\n<li>Bajas p\u00e9rdidas de conmutaci\u00f3n<\/li>\n<\/ul>\n<h2>Aplicaciones<\/h2>\n<ul>\n<li>Aplicaciones xEV<\/li>\n<li>Accionamientos de Motores<\/li>\n<li>Cargadores r\u00e1pidos para veh\u00edculos<\/li>\n<li>Red Inteligente \/ Generaci\u00f3n Distribuida Conectada a la Red<\/li>\n<\/ul>","protected":false},"excerpt":{"rendered":"<p>El HCS800FH170D3C1 es un M\u00f3dulo de Potencia de Mitad de Puente SiC MOSFET. Integra chips SiC MOSFET de alto rendimiento dise\u00f1ados para aplicaciones como accionamientos de motores y energ\u00edas renovables.<\/p>","protected":false},"featured_media":3053,"comment_status":"closed","ping_status":"closed","template":"","meta":{"_acf_changed":false},"product_brand":[],"product_cat":[27],"product_tag":[],"class_list":{"0":"post-3027","1":"product","2":"type-product","3":"status-publish","4":"has-post-thumbnail","6":"product_cat-sic-module","8":"first","9":"instock","10":"shipping-taxable","11":"product-type-variable","12":"has-default-attributes"},"acf":[],"_links":{"self":[{"href":"https:\/\/www.hiitiosemi.com\/es\/wp-json\/wp\/v2\/product\/3027","targetHints":{"allow":["GET"]}}],"collection":[{"href":"https:\/\/www.hiitiosemi.com\/es\/wp-json\/wp\/v2\/product"}],"about":[{"href":"https:\/\/www.hiitiosemi.com\/es\/wp-json\/wp\/v2\/types\/product"}],"replies":[{"embeddable":true,"href":"https:\/\/www.hiitiosemi.com\/es\/wp-json\/wp\/v2\/comments?post=3027"}],"wp:featuredmedia":[{"embeddable":true,"href":"https:\/\/www.hiitiosemi.com\/es\/wp-json\/wp\/v2\/media\/3053"}],"wp:attachment":[{"href":"https:\/\/www.hiitiosemi.com\/es\/wp-json\/wp\/v2\/media?parent=3027"}],"wp:term":[{"taxonomy":"product_brand","embeddable":true,"href":"https:\/\/www.hiitiosemi.com\/es\/wp-json\/wp\/v2\/product_brand?post=3027"},{"taxonomy":"product_cat","embeddable":true,"href":"https:\/\/www.hiitiosemi.com\/es\/wp-json\/wp\/v2\/product_cat?post=3027"},{"taxonomy":"product_tag","embeddable":true,"href":"https:\/\/www.hiitiosemi.com\/es\/wp-json\/wp\/v2\/product_tag?post=3027"}],"curies":[{"name":"wp","href":"https:\/\/api.w.org\/{rel}","templated":true}]}}