{"id":3024,"date":"2025-11-07T06:19:29","date_gmt":"2025-11-07T06:19:29","guid":{"rendered":"https:\/\/www.hiitiosemi.com\/?post_type=product&#038;p=3024"},"modified":"2025-11-07T07:08:57","modified_gmt":"2025-11-07T07:08:57","slug":"ed3-1200v-600a-sic-power-module","status":"publish","type":"product","link":"https:\/\/www.hiitiosemi.com\/es\/product\/ed3-1200v-600a-sic-power-module\/","title":{"rendered":"M\u00f3dulo de potencia SIC ED3 1200V 600A"},"content":{"rendered":"<h2>Caracter\u00edsticas<\/h2>\n<ul>\n<li>Voltaje de bloqueo 1200V<\/li>\n<li>RDS(on) = 3.2m@VGS = 18V<\/li>\n<li>Baja resistencia t\u00e9rmica con AMB de Si3N4<\/li>\n<li>Temperatura m\u00e1xima de uni\u00f3n de 175\u00b0C<\/li>\n<li>Termistor en el interior<\/li>\n<li>Bajas p\u00e9rdidas de conmutaci\u00f3n<\/li>\n<\/ul>\n<h2>Aplicaciones<\/h2>\n<ul>\n<li>Aplicaciones xEV<\/li>\n<li>Accionamientos de Motores<\/li>\n<li>Cargadores r\u00e1pidos para veh\u00edculos<\/li>\n<li>Red Inteligente \/ Generaci\u00f3n Distribuida Conectada a la Red<\/li>\n<\/ul>","protected":false},"excerpt":{"rendered":"<p>El HCS600FH120D3C1 es un M\u00f3dulo de Potencia de Mitad de Puente con MOSFET de SiC. Integra chips de MOSFET de SiC de alto rendimiento dise\u00f1ados para aplicaciones como accionamientos de motores y energ\u00edas renovables.<\/p>","protected":false},"featured_media":3053,"comment_status":"closed","ping_status":"closed","template":"","meta":{"_acf_changed":false},"product_brand":[],"product_cat":[27],"product_tag":[],"class_list":{"0":"post-3024","1":"product","2":"type-product","3":"status-publish","4":"has-post-thumbnail","6":"product_cat-sic-module","8":"first","9":"instock","10":"shipping-taxable","11":"product-type-variable","12":"has-default-attributes"},"acf":[],"_links":{"self":[{"href":"https:\/\/www.hiitiosemi.com\/es\/wp-json\/wp\/v2\/product\/3024","targetHints":{"allow":["GET"]}}],"collection":[{"href":"https:\/\/www.hiitiosemi.com\/es\/wp-json\/wp\/v2\/product"}],"about":[{"href":"https:\/\/www.hiitiosemi.com\/es\/wp-json\/wp\/v2\/types\/product"}],"replies":[{"embeddable":true,"href":"https:\/\/www.hiitiosemi.com\/es\/wp-json\/wp\/v2\/comments?post=3024"}],"wp:featuredmedia":[{"embeddable":true,"href":"https:\/\/www.hiitiosemi.com\/es\/wp-json\/wp\/v2\/media\/3053"}],"wp:attachment":[{"href":"https:\/\/www.hiitiosemi.com\/es\/wp-json\/wp\/v2\/media?parent=3024"}],"wp:term":[{"taxonomy":"product_brand","embeddable":true,"href":"https:\/\/www.hiitiosemi.com\/es\/wp-json\/wp\/v2\/product_brand?post=3024"},{"taxonomy":"product_cat","embeddable":true,"href":"https:\/\/www.hiitiosemi.com\/es\/wp-json\/wp\/v2\/product_cat?post=3024"},{"taxonomy":"product_tag","embeddable":true,"href":"https:\/\/www.hiitiosemi.com\/es\/wp-json\/wp\/v2\/product_tag?post=3024"}],"curies":[{"name":"wp","href":"https:\/\/api.w.org\/{rel}","templated":true}]}}