{"id":3540,"date":"2025-11-07T07:11:08","date_gmt":"2025-11-07T07:11:08","guid":{"rendered":"https:\/\/www.hiitiosemi.com\/?post_type=product&#038;p=3540"},"modified":"2025-11-10T09:43:48","modified_gmt":"2025-11-10T09:43:48","slug":"750v-770a-igbt-module-three-phase-rohs-compliant","status":"publish","type":"product","link":"https:\/\/www.hiitiosemi.com\/de\/product\/750v-770a-igbt-module-three-phase-rohs-compliant\/","title":{"rendered":"750V 770A IGBT-Modul, Dreiphasig, RoHS-konform"},"content":{"rendered":"<p dir=\"auto\">Das HCG770FT075H5T7L, ein hochmodernes 750V IGBT-Modul. Entwickelt f\u00fcr anspruchsvolle Umgebungen, bietet dieses RoHS-konforme Modul au\u00dfergew\u00f6hnliche Effizienz, Zuverl\u00e4ssigkeit und thermische Leistung. Ideal f\u00fcr Hybrid-Elektrofahrzeuge (HEV), Motorantriebe und Invertersysteme, kombiniert es fortschrittliche Field Stop Trench IGBT-Technologie mit integrierten Freilaufdioden und Temperatursensoren f\u00fcr nahtlosen Betrieb bis zu einer Sperrschichttemperatur von 185\u00b0C.<\/p>\n<p dir=\"auto\">IGBT-Inverter<br \/>\nABSOLUT-Maximalwerte (T,=25\u00b0C, sofern nicht anders angegeben<\/p>\n<div style=\"width: 100%; min-width: 310px; overflow: auto;\">\n<table style=\"undefined;table-layout: fixed; width: 642px;\">\n<colgroup>\n<col style=\"width: 99px;\" \/>\n<col style=\"width: 243px;\" \/>\n<col style=\"width: 160px;\" \/>\n<col style=\"width: 79px;\" \/>\n<col style=\"width: 61px;\" \/><\/colgroup>\n<thead>\n<tr>\n<th>Symbol<\/th>\n<th colspan=\"2\">Parameter\/Pr\u00fcfbedingungen<\/th>\n<th>Werte<\/th>\n<th>Einheit<\/th>\n<\/tr>\n<\/thead>\n<tbody>\n<tr>\n<td>VCES<\/td>\n<td>Kollektor-Emitter-Spannung<\/td>\n<td>Tvj=25\u2103<\/td>\n<td>750<\/td>\n<td rowspan=\"2\">V<\/td>\n<\/tr>\n<tr>\n<td>VGES<\/td>\n<td>Gate-Emitter-Spannung<\/td>\n<td><\/td>\n<td>\u00b120<\/td>\n<\/tr>\n<tr>\n<td>IC<\/td>\n<td>Gleichstromkollektorstrom<\/td>\n<td>TF=60\u2103,Tvjmax=185\u2103<\/td>\n<td>270<\/td>\n<td rowspan=\"2\">A<\/td>\n<\/tr>\n<tr>\n<td>ICM<\/td>\n<td>Wiederholte Spitzen-Kollektor-Stromst\u00e4rke<\/td>\n<td>tp=1ms<\/td>\n<td>900<\/td>\n<\/tr>\n<tr>\n<td>Tvjmax<\/td>\n<td>Max. Sperrschichttemperatur<\/td>\n<td><\/td>\n<td>185<\/td>\n<td>\u2103<\/td>\n<\/tr>\n<tr>\n<td>P tot<\/td>\n<td>Leistungsaufnahme pro IGBT<\/td>\n<td>TF=60\u2103,Tvjmax=185\u2103<\/td>\n<td>735<\/td>\n<td>W<\/td>\n<\/tr>\n<\/tbody>\n<\/table>\n<p>&nbsp;<\/p>\n<\/div>\n<p>Dioden-Inverter<br \/>\nABSOLUTMAXIMALE BEANSPRUCHUNGEN (T,=25\u00b0C, sofern nicht anders angegeben)<\/p>\n<table style=\"undefined;table-layout: fixed; width: 621px;\">\n<colgroup>\n<col style=\"width: 86px;\" \/>\n<col style=\"width: 250px;\" \/>\n<col style=\"width: 164px;\" \/>\n<col style=\"width: 67px;\" \/>\n<col style=\"width: 54px;\" \/> <\/colgroup>\n<thead>\n<tr>\n<th>Symbol<\/th>\n<th colspan=\"2\">Parameter\/Pr\u00fcfbedingungen<\/th>\n<th>Werte<\/th>\n<th>Einheit<\/th>\n<\/tr>\n<\/thead>\n<tbody>\n<tr>\n<td>VRRM<\/td>\n<td>Repetitive Sperrspannung<\/td>\n<td>Tvj=25\u2103<\/td>\n<td>750<\/td>\n<td>V<\/td>\n<\/tr>\n<tr>\n<td>IF(AV)<\/td>\n<td>Durchschnittlicher Vorw\u00e4rtsstrom<\/td>\n<td>TF=60\u2103, Tvjmax=185\u2103<\/td>\n<td>160<\/td>\n<td rowspan=\"2\">A<\/td>\n<\/tr>\n<tr>\n<td>IFRM<\/td>\n<td>Repetitiver Spitzendurchlassstrom<\/td>\n<td>tp=1ms<\/td>\n<td>900<\/td>\n<\/tr>\n<tr>\n<td>Tvjmax<\/td>\n<td>Max. Sperrschichttemperatur<\/td>\n<td><\/td>\n<td>185<\/td>\n<td>\u2103<\/td>\n<\/tr>\n<\/tbody>\n<\/table>","protected":false},"excerpt":{"rendered":"<ul>\n<li>750V Field Stop Trench IGBT<\/li>\n<li>VcE(sat) mit positiver Temperaturkoeffizient<\/li>\n<li>Schnelles Schalten und kurzer Tail-Strom<\/li>\n<li>Freilaufdioden mit schnellem und weichem Sperr-R\u00fcckw\u00e4rtsdurchgang<\/li>\n<li>Max. Sperrschichttemperatur 185\u00b0C<\/li>\n<li>Temperatursensor integriert<\/li>\n<\/ul>","protected":false},"featured_media":3574,"comment_status":"closed","ping_status":"closed","template":"","meta":{"_acf_changed":false},"product_brand":[],"product_cat":[25],"product_tag":[],"class_list":{"0":"post-3540","1":"product","2":"type-product","3":"status-publish","4":"has-post-thumbnail","6":"product_cat-igbt-module","8":"first","9":"instock","10":"shipping-taxable","11":"product-type-variable","12":"has-default-attributes"},"acf":[],"_links":{"self":[{"href":"https:\/\/www.hiitiosemi.com\/de\/wp-json\/wp\/v2\/product\/3540","targetHints":{"allow":["GET"]}}],"collection":[{"href":"https:\/\/www.hiitiosemi.com\/de\/wp-json\/wp\/v2\/product"}],"about":[{"href":"https:\/\/www.hiitiosemi.com\/de\/wp-json\/wp\/v2\/types\/product"}],"replies":[{"embeddable":true,"href":"https:\/\/www.hiitiosemi.com\/de\/wp-json\/wp\/v2\/comments?post=3540"}],"wp:featuredmedia":[{"embeddable":true,"href":"https:\/\/www.hiitiosemi.com\/de\/wp-json\/wp\/v2\/media\/3574"}],"wp:attachment":[{"href":"https:\/\/www.hiitiosemi.com\/de\/wp-json\/wp\/v2\/media?parent=3540"}],"wp:term":[{"taxonomy":"product_brand","embeddable":true,"href":"https:\/\/www.hiitiosemi.com\/de\/wp-json\/wp\/v2\/product_brand?post=3540"},{"taxonomy":"product_cat","embeddable":true,"href":"https:\/\/www.hiitiosemi.com\/de\/wp-json\/wp\/v2\/product_cat?post=3540"},{"taxonomy":"product_tag","embeddable":true,"href":"https:\/\/www.hiitiosemi.com\/de\/wp-json\/wp\/v2\/product_tag?post=3540"}],"curies":[{"name":"wp","href":"https:\/\/api.w.org\/{rel}","templated":true}]}}