{"id":3539,"date":"2025-11-07T07:11:08","date_gmt":"2025-11-07T07:11:08","guid":{"rendered":"https:\/\/www.hiitiosemi.com\/?post_type=product&#038;p=3539"},"modified":"2025-11-10T09:22:34","modified_gmt":"2025-11-10T09:22:34","slug":"power-stack","status":"publish","type":"product","link":"https:\/\/www.hiitiosemi.com\/de\/product\/power-stack\/","title":{"rendered":"Leistungsstack"},"content":{"rendered":"<p data-start=\"167\" data-end=\"640\">HIITIOs Power Stack Module integrieren IGBT-Bauteile, Gate-Treiber, K\u00fchlk\u00f6rper und Sammelschienen in kompakte, hocheffiziente Systeme. Mit Leistungsbewertungen bis zu 1,7 MW und Gleichspannung bis zu 1600 V verf\u00fcgen sie \u00fcber intelligente Schutzfunktionen, pr\u00e4zise Steuerung und hervorragendes thermisches Management. Ideal f\u00fcr Energiespeichersysteme (ESS), Photovoltaik- und Windumrichter, EV-Ladeger\u00e4te und Netzqualit\u00e4tsger\u00e4te, die hohe Zuverl\u00e4ssigkeit und \u00fcberlegene Leistung erfordern.<\/p>\n<p>&nbsp;<\/p>\n<div style=\"width: 100%; min-width: 310px; overflow: auto;\">\n<table style=\"undefined;table-layout: fixed; width: 850px;\">\n<colgroup>\n<col style=\"width: 150px;\" \/> <\/colgroup>\n<colgroup>\n<col style=\"width: 150px;\" \/><\/colgroup>\n<colgroup>\n<col style=\"width: 150px;\" \/>\n<col style=\"width: 130px;\" \/>\n<col style=\"width: 110px;\" \/>\n<col style=\"width: 110px;\" \/> <\/colgroup>\n<thead>\n<tr>\n<th colspan=\"2\">Produkt-Teilenummer<\/th>\n<th>Leistungsbewertung<\/th>\n<th>Nennspannung\/-strom<\/th>\n<th>Gleichspannung<\/th>\n<th>Typische Schaltfrequenz<\/th>\n<\/tr>\n<\/thead>\n<tbody>\n<tr>\n<td><img decoding=\"async\" src=\"https:\/\/www.hiitio.com\/wp-content\/uploads\/2025\/10\/HPI-H2SC0210L-db-B3-380V-150A%E5%8D%95%E9%A1%B9%E6%A8%A1%E7%BB%84.webp\" alt=\"HPI-H2SC0210L-db-B3\" width=\"200\" height=\"200\" \/><\/td>\n<td>HPI-H2SC0210L-db-B3<\/td>\n<td>100kVA<\/td>\n<td>380V\/150A<\/td>\n<td>800V<\/td>\n<td>20kHz<\/td>\n<\/tr>\n<tr>\n<td><img decoding=\"async\" src=\"https:\/\/www.hiitio.com\/wp-content\/uploads\/2025\/10\/HPI-H2SC0210L-db-A5-690V-150A%E5%8D%95%E9%A1%B9%E6%A8%A1%E7%BB%84.webp\" alt=\"HPI-H2SC0210L-db-A5\" width=\"200\" height=\"200\" \/><\/td>\n<td>HPI-H2SC0210L-db-A5<\/td>\n<td>180kVA<\/td>\n<td>690V\/150A<\/td>\n<td>1500V<\/td>\n<td>20kHz<\/td>\n<\/tr>\n<tr>\n<td><img decoding=\"async\" src=\"https:\/\/www.hiitio.com\/wp-content\/uploads\/2025\/10\/HPS150HA124TA002-MW%E7%BA%A7%E5%82%A8%E8%83%BDPCS%E5%8A%9F%E7%8E%87%E6%A8%A1%E7%BB%84.webp\" alt=\"HPS150HA124TA002\" width=\"200\" height=\"200\" \/><\/td>\n<td>HPS150HA124TA002<\/td>\n<td>1,725MW<\/td>\n<td>690V\/1442A<\/td>\n<td>1500VDC<\/td>\n<td>3,5 kHz<\/td>\n<\/tr>\n<tr>\n<td><img loading=\"lazy\" decoding=\"async\" src=\"https:\/\/www.hiitio.com\/wp-content\/uploads\/2025\/10\/HPS036TA121XWP001-750V-350AThree-Phase-Power-Stack.webp\" alt=\"HPS036TA121XWP001\" width=\"200\" height=\"200\" \/><\/td>\n<td>HPS036TA121XWP001<\/td>\n<td>450kW<\/td>\n<td>750V\/350A<\/td>\n<td>1600VDC<\/td>\n<td>3,5 kHz<\/td>\n<\/tr>\n<\/tbody>\n<\/table>\n<\/div>","protected":false},"excerpt":{"rendered":"<ul>\n<li id=\"tw-target-text\" class=\"tw-data-text tw-text-large tw-ta\" dir=\"ltr\" tabindex=\"-1\" role=\"text\" data-placeholder=\"\u7ffb\u8bd1\" data-ved=\"2ahUKEwj_kuzmlbmQAxW_EEQIHUT6GH8Q3ewLegQIChAV\" aria-label=\"\u00dcbersetzung: 4W\/108A, hoher Spitzestrom geeignet f\u00fcr Modul-Kurzschluss-Schutz (Soft-Shutdown) bis 1700V UVLO Unterst\u00fctzung bei Temperaturmessung Intelligentes Fehler-Management Gestufte Abschaltung Dreistufige Sequenzsteuerung\">Leistungsaufnahme: 100kVA<\/li>\n<li class=\"tw-data-text tw-text-large tw-ta\" dir=\"ltr\" tabindex=\"-1\" role=\"text\" data-placeholder=\"\u7ffb\u8bd1\" data-ved=\"2ahUKEwj_kuzmlbmQAxW_EEQIHUT6GH8Q3ewLegQIChAV\" aria-label=\"\u00dcbersetzung: 4W\/108A, hoher Spitzestrom geeignet f\u00fcr Modul-Kurzschluss-Schutz (Soft-Shutdown) bis 1700V UVLO Unterst\u00fctzung bei Temperaturmessung Intelligentes Fehler-Management Gestufte Abschaltung Dreistufige Sequenzsteuerung\">Nennspannung\/Strom: 380V\/150A<\/li>\n<li class=\"tw-data-text tw-text-large tw-ta\" dir=\"ltr\" tabindex=\"-1\" role=\"text\" data-placeholder=\"\u7ffb\u8bd1\" data-ved=\"2ahUKEwj_kuzmlbmQAxW_EEQIHUT6GH8Q3ewLegQIChAV\" aria-label=\"\u00dcbersetzung: 4W\/108A, hoher Spitzestrom geeignet f\u00fcr Modul-Kurzschluss-Schutz (Soft-Shutdown) bis 1700V UVLO Unterst\u00fctzung bei Temperaturmessung Intelligentes Fehler-Management Gestufte Abschaltung Dreistufige Sequenzsteuerung\">Gleichspannung: 800V<\/li>\n<li class=\"tw-data-text tw-text-large tw-ta\" dir=\"ltr\" tabindex=\"-1\" role=\"text\" data-placeholder=\"\u7ffb\u8bd1\" data-ved=\"2ahUKEwj_kuzmlbmQAxW_EEQIHUT6GH8Q3ewLegQIChAV\" aria-label=\"\u00dcbersetzung: 4W\/108A, hoher Spitzestrom geeignet f\u00fcr Modul-Kurzschluss-Schutz (Soft-Shutdown) bis 1700V UVLO Unterst\u00fctzung bei Temperaturmessung Intelligentes Fehler-Management Gestufte Abschaltung Dreistufige Sequenzsteuerung\">Typische Schaltfrequenz: 20kHz<\/li>\n<li class=\"tw-data-text tw-text-large tw-ta\" dir=\"ltr\" tabindex=\"-1\" role=\"text\" data-placeholder=\"\u7ffb\u8bd1\" data-ved=\"2ahUKEwj_kuzmlbmQAxW_EEQIHUT6GH8Q3ewLegQIChAV\" aria-label=\"\u00dcbersetzung: 4W\/108A, hoher Spitzestrom geeignet f\u00fcr Modul-Kurzschluss-Schutz (Soft-Shutdown) bis 1700V UVLO Unterst\u00fctzung bei Temperaturmessung Intelligentes Fehler-Management Gestufte Abschaltung Dreistufige Sequenzsteuerung\">Topologie: Single-Phase\/NPC I-Typ 3-Level<\/li>\n<li id=\"tw-target-text\" class=\"tw-data-text tw-text-large tw-ta\" dir=\"ltr\" tabindex=\"-1\" role=\"text\" data-placeholder=\"\u7ffb\u8bd1\" data-ved=\"2ahUKEwj_kuzmlbmQAxW_EEQIHUT6GH8Q3ewLegQIChAV\" aria-label=\"\u00dcbersetzung: 4W\/108A, hoher Spitzestrom geeignet f\u00fcr Modul-Kurzschluss-Schutz (Soft-Shutdown) bis 1700V UVLO Unterst\u00fctzung bei Temperaturmessung Intelligentes Fehler-Management Gestufte Abschaltung Dreistufige Sequenzsteuerung\">Power-Stack-Komponente: Integrierter IGBT, Sonnenkondensator<\/li>\n<li class=\"tw-data-text tw-text-large tw-ta\" dir=\"ltr\" tabindex=\"-1\" role=\"text\" data-placeholder=\"\u7ffb\u8bd1\" data-ved=\"2ahUKEwj_kuzmlbmQAxW_EEQIHUT6GH8Q3ewLegQIChAV\" aria-label=\"\u00dcbersetzung: 4W\/108A, hoher Spitzestrom geeignet f\u00fcr Modul-Kurzschluss-Schutz (Soft-Shutdown) bis 1700V UVLO Unterst\u00fctzung bei Temperaturmessung Intelligentes Fehler-Management Gestufte Abschaltung Dreistufige Sequenzsteuerung\">Gate-Treiber-Schutzfunktion:\n<ul>\n<li class=\"tw-data-text tw-text-large tw-ta\" dir=\"ltr\" tabindex=\"-1\" role=\"text\" data-placeholder=\"\u7ffb\u8bd1\" data-ved=\"2ahUKEwj_kuzmlbmQAxW_EEQIHUT6GH8Q3ewLegQIChAV\" aria-label=\"\u00dcbersetzung: 4W\/108A, hoher Spitzestrom geeignet f\u00fcr Modul-Kurzschluss-Schutz (Soft-Shutdown) bis 1700V UVLO Unterst\u00fctzung bei Temperaturmessung Intelligentes Fehler-Management Gestufte Abschaltung Dreistufige Sequenzsteuerung\">Kurzschluss-Soft-Shutdown\/<\/li>\n<li class=\"tw-data-text tw-text-large tw-ta\" dir=\"ltr\" tabindex=\"-1\" role=\"text\" data-placeholder=\"\u7ffb\u8bd1\" data-ved=\"2ahUKEwj_kuzmlbmQAxW_EEQIHUT6GH8Q3ewLegQIChAV\" aria-label=\"\u00dcbersetzung: 4W\/108A, hoher Spitzestrom geeignet f\u00fcr Modul-Kurzschluss-Schutz (Soft-Shutdown) bis 1700V UVLO Unterst\u00fctzung bei Temperaturmessung Intelligentes Fehler-Management Gestufte Abschaltung Dreistufige Sequenzsteuerung\">Netzunterspannungsschutz\/<\/li>\n<li class=\"tw-data-text tw-text-large tw-ta\" dir=\"ltr\" tabindex=\"-1\" role=\"text\" data-placeholder=\"\u7ffb\u8bd1\" data-ved=\"2ahUKEwj_kuzmlbmQAxW_EEQIHUT6GH8Q3ewLegQIChAV\" aria-label=\"\u00dcbersetzung: 4W\/108A, hoher Spitzestrom geeignet f\u00fcr Modul-Kurzschluss-Schutz (Soft-Shutdown) bis 1700V UVLO Unterst\u00fctzung bei Temperaturmessung Intelligentes Fehler-Management Gestufte Abschaltung Dreistufige Sequenzsteuerung\">Fehlerzeitenschutz\/<\/li>\n<li class=\"tw-data-text tw-text-large tw-ta\" dir=\"ltr\" tabindex=\"-1\" role=\"text\" data-placeholder=\"\u7ffb\u8bd1\" data-ved=\"2ahUKEwj_kuzmlbmQAxW_EEQIHUT6GH8Q3ewLegQIChAV\" aria-label=\"\u00dcbersetzung: 4W\/108A, hoher Spitzestrom geeignet f\u00fcr Modul-Kurzschluss-Schutz (Soft-Shutdown) bis 1700V UVLO Unterst\u00fctzung bei Temperaturmessung Intelligentes Fehler-Management Gestufte Abschaltung Dreistufige Sequenzsteuerung\">GE-Kurzschlussschutz<\/li>\n<\/ul>\n<\/li>\n<li>Strom- oder NTC-Abtastung\n<ul>\n<li id=\"tw-target-text\" class=\"tw-data-text tw-text-large tw-ta\" dir=\"ltr\" tabindex=\"-1\" role=\"text\" data-placeholder=\"\u7ffb\u8bd1\" data-ved=\"2ahUKEwj_kuzmlbmQAxW_EEQIHUT6GH8Q3ewLegQIChAV\" aria-label=\"\u00dcbersetzung: 4W\/108A, hoher Spitzestrom geeignet f\u00fcr Modul-Kurzschluss-Schutz (Soft-Shutdown) bis 1700V UVLO Unterst\u00fctzung bei Temperaturmessung Intelligentes Fehler-Management Gestufte Abschaltung Dreistufige Sequenzsteuerung\">\u00a0Dual-Kanal NTC-Abtastung,<\/li>\n<li class=\"tw-data-text tw-text-large tw-ta\" dir=\"ltr\" tabindex=\"-1\" role=\"text\" data-placeholder=\"\u7ffb\u8bd1\" data-ved=\"2ahUKEwj_kuzmlbmQAxW_EEQIHUT6GH8Q3ewLegQIChAV\" aria-label=\"\u00dcbersetzung: 4W\/108A, hoher Spitzestrom geeignet f\u00fcr Modul-Kurzschluss-Schutz (Soft-Shutdown) bis 1700V UVLO Unterst\u00fctzung bei Temperaturmessung Intelligentes Fehler-Management Gestufte Abschaltung Dreistufige Sequenzsteuerung\">Maximale Temperaturausgabe\/<\/li>\n<li class=\"tw-data-text tw-text-large tw-ta\" dir=\"ltr\" tabindex=\"-1\" role=\"text\" data-placeholder=\"\u7ffb\u8bd1\" data-ved=\"2ahUKEwj_kuzmlbmQAxW_EEQIHUT6GH8Q3ewLegQIChAV\" aria-label=\"\u00dcbersetzung: 4W\/108A, hoher Spitzestrom geeignet f\u00fcr Modul-Kurzschluss-Schutz (Soft-Shutdown) bis 1700V UVLO Unterst\u00fctzung bei Temperaturmessung Intelligentes Fehler-Management Gestufte Abschaltung Dreistufige Sequenzsteuerung\">Temperaturdifferenzschutz<\/li>\n<\/ul>\n<\/li>\n<li>Gleichkapazit\u00e4t*: Externe Gleichkondensatorplatine<\/li>\n<\/ul>","protected":false},"featured_media":3570,"comment_status":"closed","ping_status":"closed","template":"","meta":{"_acf_changed":false},"product_brand":[],"product_cat":[31],"product_tag":[],"class_list":{"0":"post-3539","1":"product","2":"type-product","3":"status-publish","4":"has-post-thumbnail","6":"product_cat-igbt-sic-driver","8":"first","9":"instock","10":"shipping-taxable","11":"product-type-variable","12":"has-default-attributes"},"acf":[],"_links":{"self":[{"href":"https:\/\/www.hiitiosemi.com\/de\/wp-json\/wp\/v2\/product\/3539","targetHints":{"allow":["GET"]}}],"collection":[{"href":"https:\/\/www.hiitiosemi.com\/de\/wp-json\/wp\/v2\/product"}],"about":[{"href":"https:\/\/www.hiitiosemi.com\/de\/wp-json\/wp\/v2\/types\/product"}],"replies":[{"embeddable":true,"href":"https:\/\/www.hiitiosemi.com\/de\/wp-json\/wp\/v2\/comments?post=3539"}],"wp:featuredmedia":[{"embeddable":true,"href":"https:\/\/www.hiitiosemi.com\/de\/wp-json\/wp\/v2\/media\/3570"}],"wp:attachment":[{"href":"https:\/\/www.hiitiosemi.com\/de\/wp-json\/wp\/v2\/media?parent=3539"}],"wp:term":[{"taxonomy":"product_brand","embeddable":true,"href":"https:\/\/www.hiitiosemi.com\/de\/wp-json\/wp\/v2\/product_brand?post=3539"},{"taxonomy":"product_cat","embeddable":true,"href":"https:\/\/www.hiitiosemi.com\/de\/wp-json\/wp\/v2\/product_cat?post=3539"},{"taxonomy":"product_tag","embeddable":true,"href":"https:\/\/www.hiitiosemi.com\/de\/wp-json\/wp\/v2\/product_tag?post=3539"}],"curies":[{"name":"wp","href":"https:\/\/api.w.org\/{rel}","templated":true}]}}