{"id":3537,"date":"2025-11-07T07:11:07","date_gmt":"2025-11-07T07:11:07","guid":{"rendered":"https:\/\/www.hiitiosemi.com\/?post_type=product&#038;p=3537"},"modified":"2025-11-10T09:41:09","modified_gmt":"2025-11-10T09:41:09","slug":"application-specific-gate-driver-solutions","status":"publish","type":"product","link":"https:\/\/www.hiitiosemi.com\/de\/product\/application-specific-gate-driver-solutions\/","title":{"rendered":"Anwendungsspezifische Gate-Treiber-L\u00f6sungen"},"content":{"rendered":"<p data-start=\"167\" data-end=\"640\">Die anwendungsspezifischen Gate-Treiberl\u00f6sungen von HIITIO sind f\u00fcr anspruchsvolle Anwendungen wie PV, Windenergie, Schienenantrieb, Energiespeicherung und Industrieantriebe entwickelt. Mit einer Ausgangsleistung von bis zu 8 W und einem Spitzen-Gate-Strom von bis zu 110 A bieten diese Treiber effizienten, stabilen und sicheren Betrieb in verschiedenen Modulgeh\u00e4usen. Ihr modulares Design gew\u00e4hrleistet einfache Systemintegration und hohe Zuverl\u00e4ssigkeit in rauen, leistungsstarken Umgebungen.<\/p>\n<p>&nbsp;<\/p>\n<div style=\"width: 100%; min-width: 310px; overflow: auto;\">\n<table style=\"undefined;table-layout: fixed; width: 850px;\">\n<colgroup>\n<col style=\"width: 232px;\" \/>\n<col style=\"width: 123px;\" \/>\n<col style=\"width: 292px;\" \/>\n<col style=\"width: 93px;\" \/>\n<col style=\"width: 110px;\" \/> <\/colgroup>\n<thead>\n<tr>\n<th colspan=\"2\">Produkt-Teilenummer<\/th>\n<th>Ausgangsleistung pro Kanal \/ Gate-Spitzenstrom<\/th>\n<th>Modulgeh\u00e4use<\/th>\n<th>Anwendungen<\/th>\n<\/tr>\n<\/thead>\n<tbody>\n<tr>\n<td><img decoding=\"async\" src=\"https:\/\/www.hiitio.com\/wp-content\/uploads\/2025\/10\/H2SS0338.webp\" alt=\"H2SS0338\" width=\"200\" height=\"200\" \/><\/td>\n<td>H2SS0338<\/td>\n<td>3W\/38A<\/td>\n<td>Abh\u00e4ngig von Slave-Boards<\/td>\n<td>Schienenwandler<\/td>\n<\/tr>\n<tr>\n<td><img decoding=\"async\" src=\"https:\/\/www.hiitio.com\/wp-content\/uploads\/2025\/10\/H2HC06M33XX-scaled.webp\" alt=\"H2HC06M33XX\" width=\"200\" height=\"200\" \/><\/td>\n<td>H2HC06M33XX<\/td>\n<td>6W<\/td>\n<td>Abh\u00e4ngig von Slave-Boards<\/td>\n<td>PV Wind Schiene<\/td>\n<\/tr>\n<tr>\n<td><img decoding=\"async\" src=\"https:\/\/www.hiitio.com\/wp-content\/uploads\/2025\/10\/H6SC08110.webp\" alt=\"H6SC08110\" width=\"200\" height=\"200\" \/><\/td>\n<td>H6SC08110<\/td>\n<td>8W\/110A<\/td>\n<td>Abh\u00e4ngig von Slave-Boards<\/td>\n<td>PV Wind Industrieantrieb<\/td>\n<\/tr>\n<tr>\n<td><img loading=\"lazy\" decoding=\"async\" src=\"https:\/\/www.hiitio.com\/wp-content\/uploads\/2025\/10\/HED-WP-CB1H15V-YA1A02.webp\" alt=\"HED-WP-CB\" width=\"200\" height=\"200\" \/><\/td>\n<td>HED-WP-CB Serie<\/td>\n<td>4W\/108A<\/td>\n<td>Abh\u00e4ngig von Slave-Boards<\/td>\n<td>PV Wind ESS<\/td>\n<\/tr>\n<\/tbody>\n<\/table>\n<\/div>\n<p>&nbsp;<\/p>\n<div style=\"width: 100%; min-width: 310px; overflow: auto;\">\n<table style=\"undefined;table-layout: fixed; width: 850px;\">\n<colgroup>\n<col style=\"width: 232px;\" \/>\n<col style=\"width: 123px;\" \/>\n<col style=\"width: 292px;\" \/>\n<col style=\"width: 93px;\" \/>\n<col style=\"width: 110px;\" \/> <\/colgroup>\n<thead>\n<tr>\n<th colspan=\"2\">Produkt-Teilenummer<\/th>\n<th>Ausgangsleistung pro Kanal \/ Gate-Spitzenstrom<\/th>\n<th>Modulgeh\u00e4use<\/th>\n<th>Querverweis<\/th>\n<\/tr>\n<\/thead>\n<tbody>\n<tr>\n<td><img loading=\"lazy\" decoding=\"async\" src=\"https:\/\/www.hiitio.com\/wp-content\/uploads\/2025\/10\/H1SS0560-scaled.webp\" alt=\"H1SS0560\" width=\"200\" height=\"200\" \/><\/td>\n<td>H1SS0560<\/td>\n<td>5W\/60A<\/td>\n<td>Abh\u00e4ngig von Slave-Boards<\/td>\n<td>1IPSE1A33-60C<\/td>\n<\/tr>\n<tr>\n<td><img loading=\"lazy\" decoding=\"async\" src=\"https:\/\/www.hiitio.com\/wp-content\/uploads\/2025\/10\/HSK08110-scaled.webp\" alt=\"HSK08110\" width=\"200\" height=\"200\" \/><\/td>\n<td>HSK08110<\/td>\n<td>8W\/110A<\/td>\n<td>Abh\u00e4ngig von Slave-Boards<\/td>\n<td>1SP0351<\/td>\n<\/tr>\n<\/tbody>\n<\/table>\n<\/div>","protected":false},"excerpt":{"rendered":"<ul>\n<li id=\"tw-target-text\" class=\"tw-data-text tw-text-large tw-ta\" dir=\"ltr\" tabindex=\"-1\" role=\"text\" data-placeholder=\"\u7ffb\u8bd1\" data-ved=\"2ahUKEwj_kuzmlbmQAxW_EEQIHUT6GH8Q3ewLegQIChAV\" aria-label=\"\u00dcbersetzung: 4W\/108A, hoher Spitzestrom geeignet f\u00fcr Modul-Kurzschluss-Schutz (Soft-Shutdown) bis 1700V UVLO Unterst\u00fctzung bei Temperaturmessung Intelligentes Fehler-Management Gestufte Abschaltung Dreistufige Sequenzsteuerung\"><span class=\"Y2IQFc\" lang=\"en\">4W\/108A, hoher Spitzenstrom <\/span><\/li>\n<li class=\"tw-data-text tw-text-large tw-ta\" dir=\"ltr\" tabindex=\"-1\" role=\"text\" data-placeholder=\"\u7ffb\u8bd1\" data-ved=\"2ahUKEwj_kuzmlbmQAxW_EEQIHUT6GH8Q3ewLegQIChAV\" aria-label=\"\u00dcbersetzung: 4W\/108A, hoher Spitzestrom geeignet f\u00fcr Modul-Kurzschluss-Schutz (Soft-Shutdown) bis 1700V UVLO Unterst\u00fctzung bei Temperaturmessung Intelligentes Fehler-Management Gestufte Abschaltung Dreistufige Sequenzsteuerung\"><span class=\"Y2IQFc\" lang=\"en\">Geeignet f\u00fcr Modul-Kurzschluss-Schutz (Soft Shutdown) <\/span><\/li>\n<li class=\"tw-data-text tw-text-large tw-ta\" dir=\"ltr\" tabindex=\"-1\" role=\"text\" data-placeholder=\"\u7ffb\u8bd1\" data-ved=\"2ahUKEwj_kuzmlbmQAxW_EEQIHUT6GH8Q3ewLegQIChAV\" aria-label=\"\u00dcbersetzung: 4W\/108A, hoher Spitzestrom geeignet f\u00fcr Modul-Kurzschluss-Schutz (Soft-Shutdown) bis 1700V UVLO Unterst\u00fctzung bei Temperaturmessung Intelligentes Fehler-Management Gestufte Abschaltung Dreistufige Sequenzsteuerung\"><span class=\"Y2IQFc\" lang=\"en\">Bis zu 1700V <\/span><\/li>\n<li class=\"tw-data-text tw-text-large tw-ta\" dir=\"ltr\" tabindex=\"-1\" role=\"text\" data-placeholder=\"\u7ffb\u8bd1\" data-ved=\"2ahUKEwj_kuzmlbmQAxW_EEQIHUT6GH8Q3ewLegQIChAV\" aria-label=\"\u00dcbersetzung: 4W\/108A, hoher Spitzestrom geeignet f\u00fcr Modul-Kurzschluss-Schutz (Soft-Shutdown) bis 1700V UVLO Unterst\u00fctzung bei Temperaturmessung Intelligentes Fehler-Management Gestufte Abschaltung Dreistufige Sequenzsteuerung\"><span class=\"Y2IQFc\" lang=\"en\">UVLO <\/span><\/li>\n<li class=\"tw-data-text tw-text-large tw-ta\" dir=\"ltr\" tabindex=\"-1\" role=\"text\" data-placeholder=\"\u7ffb\u8bd1\" data-ved=\"2ahUKEwj_kuzmlbmQAxW_EEQIHUT6GH8Q3ewLegQIChAV\" aria-label=\"\u00dcbersetzung: 4W\/108A, hoher Spitzestrom geeignet f\u00fcr Modul-Kurzschluss-Schutz (Soft-Shutdown) bis 1700V UVLO Unterst\u00fctzung bei Temperaturmessung Intelligentes Fehler-Management Gestufte Abschaltung Dreistufige Sequenzsteuerung\"><span class=\"Y2IQFc\" lang=\"en\">Unterst\u00fctzung f\u00fcr Temperaturabtastung<\/span><\/li>\n<li class=\"tw-data-text tw-text-large tw-ta\" dir=\"ltr\" tabindex=\"-1\" role=\"text\" data-placeholder=\"\u7ffb\u8bd1\" data-ved=\"2ahUKEwj_kuzmlbmQAxW_EEQIHUT6GH8Q3ewLegQIChAV\" aria-label=\"\u00dcbersetzung: 4W\/108A, hoher Spitzestrom geeignet f\u00fcr Modul-Kurzschluss-Schutz (Soft-Shutdown) bis 1700V UVLO Unterst\u00fctzung bei Temperaturmessung Intelligentes Fehler-Management Gestufte Abschaltung Dreistufige Sequenzsteuerung\"><span class=\"Y2IQFc\" lang=\"en\">Intelligentes Fehlermanagement <\/span><\/li>\n<li class=\"tw-data-text tw-text-large tw-ta\" dir=\"ltr\" tabindex=\"-1\" role=\"text\" data-placeholder=\"\u7ffb\u8bd1\" data-ved=\"2ahUKEwj_kuzmlbmQAxW_EEQIHUT6GH8Q3ewLegQIChAV\" aria-label=\"\u00dcbersetzung: 4W\/108A, hoher Spitzestrom geeignet f\u00fcr Modul-Kurzschluss-Schutz (Soft-Shutdown) bis 1700V UVLO Unterst\u00fctzung bei Temperaturmessung Intelligentes Fehler-Management Gestufte Abschaltung Dreistufige Sequenzsteuerung\"><span class=\"Y2IQFc\" lang=\"en\">Gestufter Shutdown <\/span><\/li>\n<li class=\"tw-data-text tw-text-large tw-ta\" dir=\"ltr\" tabindex=\"-1\" role=\"text\" data-placeholder=\"\u7ffb\u8bd1\" data-ved=\"2ahUKEwj_kuzmlbmQAxW_EEQIHUT6GH8Q3ewLegQIChAV\" aria-label=\"\u00dcbersetzung: 4W\/108A, hoher Spitzestrom geeignet f\u00fcr Modul-Kurzschluss-Schutz (Soft-Shutdown) bis 1700V UVLO Unterst\u00fctzung bei Temperaturmessung Intelligentes Fehler-Management Gestufte Abschaltung Dreistufige Sequenzsteuerung\"><span class=\"Y2IQFc\" lang=\"en\">Dreistufiges Sequenzmanagement<\/span><\/li>\n<\/ul>","protected":false},"featured_media":3554,"comment_status":"closed","ping_status":"closed","template":"","meta":{"_acf_changed":false},"product_brand":[],"product_cat":[31],"product_tag":[],"class_list":{"0":"post-3537","1":"product","2":"type-product","3":"status-publish","4":"has-post-thumbnail","6":"product_cat-igbt-sic-driver","8":"first","9":"instock","10":"shipping-taxable","11":"product-type-variable","12":"has-default-attributes"},"acf":[],"_links":{"self":[{"href":"https:\/\/www.hiitiosemi.com\/de\/wp-json\/wp\/v2\/product\/3537","targetHints":{"allow":["GET"]}}],"collection":[{"href":"https:\/\/www.hiitiosemi.com\/de\/wp-json\/wp\/v2\/product"}],"about":[{"href":"https:\/\/www.hiitiosemi.com\/de\/wp-json\/wp\/v2\/types\/product"}],"replies":[{"embeddable":true,"href":"https:\/\/www.hiitiosemi.com\/de\/wp-json\/wp\/v2\/comments?post=3537"}],"wp:featuredmedia":[{"embeddable":true,"href":"https:\/\/www.hiitiosemi.com\/de\/wp-json\/wp\/v2\/media\/3554"}],"wp:attachment":[{"href":"https:\/\/www.hiitiosemi.com\/de\/wp-json\/wp\/v2\/media?parent=3537"}],"wp:term":[{"taxonomy":"product_brand","embeddable":true,"href":"https:\/\/www.hiitiosemi.com\/de\/wp-json\/wp\/v2\/product_brand?post=3537"},{"taxonomy":"product_cat","embeddable":true,"href":"https:\/\/www.hiitiosemi.com\/de\/wp-json\/wp\/v2\/product_cat?post=3537"},{"taxonomy":"product_tag","embeddable":true,"href":"https:\/\/www.hiitiosemi.com\/de\/wp-json\/wp\/v2\/product_tag?post=3537"}],"curies":[{"name":"wp","href":"https:\/\/api.w.org\/{rel}","templated":true}]}}